{"id":13300,"date":"2025-05-08T11:56:41","date_gmt":"2025-05-08T09:56:41","guid":{"rendered":"https:\/\/trailrunadvisor.com\/nuestra-historia-2\/"},"modified":"2026-04-19T13:09:54","modified_gmt":"2026-04-19T11:09:54","slug":"nuestra-historia-2","status":"publish","type":"page","link":"https:\/\/trailrunadvisor.com\/es\/nuestra-historia-2\/","title":{"rendered":"Nuestra Historia"},"content":{"rendered":"\t\t<div data-elementor-type=\"wp-page\" data-elementor-id=\"13300\" class=\"elementor elementor-13300 elementor-10900\" data-elementor-post-type=\"page\">\n\t\t\t\t<div class=\"elementor-element elementor-element-3022913 e-flex e-con-boxed e-con e-parent\" data-id=\"3022913\" data-element_type=\"container\">\n\t\t\t\t\t<div class=\"e-con-inner\">\n\t\t\t\t<div class=\"elementor-element elementor-element-2c48588 elementor-widget elementor-widget-heading\" data-id=\"2c48588\" data-element_type=\"widget\" data-widget_type=\"heading.default\">\n\t\t\t\t<div class=\"elementor-widget-container\">\n\t\t\t\t\t<h2 class=\"elementor-heading-title elementor-size-default\">Nuestra Historia<\/h2>\t\t\t\t<\/div>\n\t\t\t\t<\/div>\n\t\t\t\t<div class=\"elementor-element elementor-element-959b07d elementor-widget elementor-widget-text-editor\" data-id=\"959b07d\" data-element_type=\"widget\" data-widget_type=\"text-editor.default\">\n\t\t\t\t<div class=\"elementor-widget-container\">\n\t\t\t\t\t\t\t\t\t<p>TrailRunAdvisor naci\u00f3 de una idea sencilla pero poderosa: crear una plataforma integral para los entusiastas del trail que buscan rese\u00f1as y cr\u00edticas de carreras de todo el mundo. Somos un equipo de tres corredores de trail experimentados, basados en Francia, unidos por nuestra pasi\u00f3n compartida por el trail running. Para nosotros, el trail running es m\u00e1s que un deporte: es una forma de vida, una fuente de aventura y una comunidad que apreciamos profundamente.  <\/p><p> <\/p><p>La inspiraci\u00f3n detr\u00e1s de TrailRunAdvisor surgi\u00f3 de nuestras propias experiencias. Una y otra vez, nos encontr\u00e1bamos inscribi\u00e9ndonos en carreras sin conocer detalles cruciales: \u00bfC\u00f3mo de t\u00e9cnico es el recorrido? \u00bfQu\u00e9 retos debemos esperar? \u00bfC\u00f3mo es la log\u00edstica? Nos dimos cuenta de que disponer de m\u00e1s informaci\u00f3n sobre una carrera de antemano no s\u00f3lo nos beneficiar\u00eda a nosotros, sino a toda la comunidad de trail running.    <\/p>\t\t\t\t\t\t\t\t<\/div>\n\t\t\t\t<\/div>\n\t\t\t\t\t<\/div>\n\t\t\t\t<\/div>\n\t\t<div class=\"elementor-element elementor-element-b60efa7 e-flex e-con-boxed e-con e-parent\" data-id=\"b60efa7\" data-element_type=\"container\">\n\t\t\t\t\t<div class=\"e-con-inner\">\n\t\t<div class=\"elementor-element elementor-element-59bd3d5 e-con-full e-flex e-con e-child\" data-id=\"59bd3d5\" data-element_type=\"container\">\n\t\t\t\t<div class=\"elementor-element elementor-element-4fc9396 elementor-widget elementor-widget-heading\" data-id=\"4fc9396\" data-element_type=\"widget\" data-widget_type=\"heading.default\">\n\t\t\t\t<div class=\"elementor-widget-container\">\n\t\t\t\t\t<h3 class=\"elementor-heading-title elementor-size-default\">Lo Que nos Distingue<\/h3>\t\t\t\t<\/div>\n\t\t\t\t<\/div>\n\t\t\t\t<div class=\"elementor-element elementor-element-7e11859 elementor-widget elementor-widget-text-editor\" data-id=\"7e11859\" data-element_type=\"widget\" data-widget_type=\"text-editor.default\">\n\t\t\t\t<div class=\"elementor-widget-container\">\n\t\t\t\t\t\t\t\t\t<ul><li><span style=\"color: #00a87a;\"><strong>Opiniones aut\u00e9nticas:<\/strong><\/span> Nuestras rese\u00f1as est\u00e1n escritas por corredores de trail, para corredores de trail. Creemos en el poder de las experiencias aut\u00e9nticas, y nuestras rese\u00f1as reflejan los verdaderos retos, triunfos y aspectos \u00fanicos de cada carrera. <\/li><\/ul><div> <\/div><div> <\/div><ul><li><span style=\"color: #00a87a;\"><strong>Perspectiva global:<\/strong><\/span> Tanto si eres un corredor de trail experimentado como un principiante en busca de la carrera perfecta, te tenemos cubierto. Nuestro equipo se extiende por todo el mundo, proporcion\u00e1ndote informaci\u00f3n sobre carreras de trail desde monta\u00f1as nevadas hasta frondosos bosques y mares turquesa, y todo lo que hay entre medias, en todo el mundo. <\/li><\/ul><div> <\/div><div> <\/div><ul><li><span style=\"color: #00a87a;\"><strong>Informaci\u00f3n exhaustiva:<\/strong><\/span> El objetivo de TrailRunAdvisor es ser tu referencia obligada cuando busques una carrera de trail running. Desde los detalles del recorrido hasta los testimonios de los participantes, proporcionamos informaci\u00f3n exhaustiva para ayudarte a elegir con conocimiento de causa. <\/li><\/ul>\t\t\t\t\t\t\t\t<\/div>\n\t\t\t\t<\/div>\n\t\t\t\t<\/div>\n\t\t<div class=\"elementor-element elementor-element-37fb9c2 e-con-full e-flex e-con e-child\" data-id=\"37fb9c2\" data-element_type=\"container\" data-settings=\"{&quot;background_background&quot;:&quot;classic&quot;}\">\n\t\t\t\t<div class=\"elementor-element elementor-element-38e6521 elementor-widget elementor-widget-image\" data-id=\"38e6521\" data-element_type=\"widget\" data-widget_type=\"image.default\">\n\t\t\t\t<div class=\"elementor-widget-container\">\n\t\t\t\t\t\t\t\t\t\t\t\t\t\t\t<img fetchpriority=\"high\" decoding=\"async\" width=\"1024\" height=\"683\" src=\"https:\/\/trailrunadvisor.com\/wp-content\/uploads\/2025\/05\/trailrun-01-1024x683.jpg\" class=\"attachment-large size-large wp-image-10741\" alt=\"\" srcset=\"https:\/\/trailrunadvisor.com\/wp-content\/uploads\/2025\/05\/trailrun-01-1024x683.jpg 1024w, https:\/\/trailrunadvisor.com\/wp-content\/uploads\/2025\/05\/trailrun-01-300x200.jpg 300w, https:\/\/trailrunadvisor.com\/wp-content\/uploads\/2025\/05\/trailrun-01-768x512.jpg 768w, https:\/\/trailrunadvisor.com\/wp-content\/uploads\/2025\/05\/trailrun-01-1536x1024.jpg 1536w, https:\/\/trailrunadvisor.com\/wp-content\/uploads\/2025\/05\/trailrun-01-2048x1365.jpg 2048w\" sizes=\"(max-width: 1024px) 100vw, 1024px\" \/>\t\t\t\t\t\t\t\t\t\t\t\t\t\t\t<\/div>\n\t\t\t\t<\/div>\n\t\t\t\t<\/div>\n\t\t\t\t\t<\/div>\n\t\t\t\t<\/div>\n\t\t<div class=\"elementor-element elementor-element-9db5d45 e-flex e-con-boxed e-con e-parent\" data-id=\"9db5d45\" data-element_type=\"container\" data-settings=\"{&quot;background_background&quot;:&quot;classic&quot;}\">\n\t\t\t\t\t<div class=\"e-con-inner\">\n\t\t<div class=\"elementor-element elementor-element-f03f710 e-con-full e-flex e-con e-child\" data-id=\"f03f710\" data-element_type=\"container\">\n\t\t\t\t<div class=\"elementor-element elementor-element-6478ea6 elementor-widget elementor-widget-image\" data-id=\"6478ea6\" data-element_type=\"widget\" data-widget_type=\"image.default\">\n\t\t\t\t<div class=\"elementor-widget-container\">\n\t\t\t\t\t\t\t\t\t\t\t\t\t\t\t<img decoding=\"async\" width=\"1024\" height=\"695\" src=\"https:\/\/trailrunadvisor.com\/wp-content\/uploads\/2025\/05\/trailrun-03-1024x695.jpg\" class=\"attachment-large size-large wp-image-10785\" alt=\"\" srcset=\"https:\/\/trailrunadvisor.com\/wp-content\/uploads\/2025\/05\/trailrun-03-1024x695.jpg 1024w, https:\/\/trailrunadvisor.com\/wp-content\/uploads\/2025\/05\/trailrun-03-300x204.jpg 300w, https:\/\/trailrunadvisor.com\/wp-content\/uploads\/2025\/05\/trailrun-03-768x521.jpg 768w, https:\/\/trailrunadvisor.com\/wp-content\/uploads\/2025\/05\/trailrun-03-1536x1043.jpg 1536w, https:\/\/trailrunadvisor.com\/wp-content\/uploads\/2025\/05\/trailrun-03-2048x1390.jpg 2048w\" sizes=\"(max-width: 1024px) 100vw, 1024px\" \/>\t\t\t\t\t\t\t\t\t\t\t\t\t\t\t<\/div>\n\t\t\t\t<\/div>\n\t\t\t\t<\/div>\n\t\t<div class=\"elementor-element elementor-element-63d24cf e-con-full e-flex e-con e-child\" data-id=\"63d24cf\" data-element_type=\"container\">\n\t\t\t\t<div class=\"elementor-element elementor-element-00566c3 elementor-widget elementor-widget-heading\" data-id=\"00566c3\" data-element_type=\"widget\" data-widget_type=\"heading.default\">\n\t\t\t\t<div class=\"elementor-widget-container\">\n\t\t\t\t\t<h3 class=\"elementor-heading-title elementor-size-default\">Nuestra Misi\u00f3n<\/h3>\t\t\t\t<\/div>\n\t\t\t\t<\/div>\n\t\t\t\t<div class=\"elementor-element elementor-element-df5d84e elementor-widget elementor-widget-text-editor\" data-id=\"df5d84e\" data-element_type=\"widget\" data-widget_type=\"text-editor.default\">\n\t\t\t\t<div class=\"elementor-widget-container\">\n\t\t\t\t\t\t\t\t\t<p>En TrailRunAdvisor, nuestra misi\u00f3n es inspirar, informar y conectar a los corredores de trail de todo el mundo.<\/p><p><br><\/p><p>Nuestra ambici\u00f3n es ser la gu\u00eda definitiva para quienes buscan experiencias inolvidables de trail running, fomentando una comunidad que celebre el esp\u00edritu de aventura y la alegr\u00eda del trail.<\/p>\t\t\t\t\t\t\t\t<\/div>\n\t\t\t\t<\/div>\n\t\t\t\t<\/div>\n\t\t\t\t\t<\/div>\n\t\t\t\t<\/div>\n\t\t<div class=\"elementor-element elementor-element-2dbf90b e-flex e-con-boxed e-con e-parent\" data-id=\"2dbf90b\" data-element_type=\"container\" data-settings=\"{&quot;background_background&quot;:&quot;classic&quot;}\">\n\t\t\t\t\t<div class=\"e-con-inner\">\n\t\t<div class=\"elementor-element elementor-element-c069736 e-con-full e-flex e-con e-child\" data-id=\"c069736\" data-element_type=\"container\">\n\t\t\t\t<div class=\"elementor-element elementor-element-a98d03d elementor-widget elementor-widget-heading\" data-id=\"a98d03d\" data-element_type=\"widget\" data-widget_type=\"heading.default\">\n\t\t\t\t<div class=\"elementor-widget-container\">\n\t\t\t\t\t<h3 class=\"elementor-heading-title elementor-size-default\">\u00danete a Nosotros<\/h3>\t\t\t\t<\/div>\n\t\t\t\t<\/div>\n\t\t\t\t<div class=\"elementor-element elementor-element-0c2d0b8 elementor-widget elementor-widget-text-editor\" data-id=\"0c2d0b8\" data-element_type=\"widget\" data-widget_type=\"text-editor.default\">\n\t\t\t\t<div class=\"elementor-widget-container\">\n\t\t\t\t\t\t\t\t\t<p>Tanto si eres un veterano del trail como si es la primera vez que te calzas las zapatillas de correr, TrailRunAdvisor te invita a unirte a nosotros en esta aventura.<\/p><p> <\/p><p>Explora nuestras rese\u00f1as, comparte tus propias historias de trail y forma parte de una comunidad que vive y respira la esencia del trail running.<\/p><p> <\/p><p>No dudes en ponerte en contacto con nosotros con tus comentarios e ideas, \u00a1siempre ser\u00e1s bienvenido!<\/p>\t\t\t\t\t\t\t\t<\/div>\n\t\t\t\t<\/div>\n\t\t\t\t<\/div>\n\t\t<div class=\"elementor-element elementor-element-c9c67db e-con-full e-flex e-con e-child\" data-id=\"c9c67db\" data-element_type=\"container\">\n\t\t\t\t<div class=\"elementor-element elementor-element-38d3163 elementor-widget elementor-widget-image\" data-id=\"38d3163\" data-element_type=\"widget\" data-widget_type=\"image.default\">\n\t\t\t\t<div class=\"elementor-widget-container\">\n\t\t\t\t\t\t\t\t\t\t\t\t\t\t\t<img decoding=\"async\" width=\"1024\" height=\"683\" src=\"https:\/\/trailrunadvisor.com\/wp-content\/uploads\/2025\/05\/colore13-1024x683.jpg\" class=\"attachment-large size-large wp-image-10769\" alt=\"\" srcset=\"https:\/\/trailrunadvisor.com\/wp-content\/uploads\/2025\/05\/colore13-1024x683.jpg 1024w, https:\/\/trailrunadvisor.com\/wp-content\/uploads\/2025\/05\/colore13-300x200.jpg 300w, https:\/\/trailrunadvisor.com\/wp-content\/uploads\/2025\/05\/colore13-768x512.jpg 768w, https:\/\/trailrunadvisor.com\/wp-content\/uploads\/2025\/05\/colore13-1536x1024.jpg 1536w, https:\/\/trailrunadvisor.com\/wp-content\/uploads\/2025\/05\/colore13-2048x1365.jpg 2048w\" sizes=\"(max-width: 1024px) 100vw, 1024px\" \/>\t\t\t\t\t\t\t\t\t\t\t\t\t\t\t<\/div>\n\t\t\t\t<\/div>\n\t\t\t\t<\/div>\n\t\t\t\t\t<\/div>\n\t\t\t\t<\/div>\n\t\t<div class=\"elementor-element elementor-element-cf9fd51 e-con-full e-flex e-con e-parent\" data-id=\"cf9fd51\" data-element_type=\"container\">\n\t\t\t\t<div class=\"elementor-element elementor-element-683d4d3 elementor-widget elementor-widget-heading\" data-id=\"683d4d3\" data-element_type=\"widget\" data-widget_type=\"heading.default\">\n\t\t\t\t<div class=\"elementor-widget-container\">\n\t\t\t\t\t<p class=\"elementor-heading-title elementor-size-default\">\u00a1Gracias por ser parte de nuestra familia amante del trail!<\/p>\t\t\t\t<\/div>\n\t\t\t\t<\/div>\n\t\t\t\t<\/div>\n\t\t\t\t<\/div>\n\t\t","protected":false},"excerpt":{"rendered":"<p>Nuestra Historia TrailRunAdvisor naci\u00f3 de una idea sencilla pero poderosa: crear una plataforma integral para los entusiastas del trail que buscan rese\u00f1as y cr\u00edticas de carreras de todo el mundo. Somos un equipo de tres corredores de trail experimentados, basados en Francia, unidos por nuestra pasi\u00f3n compartida por el trail running. Para nosotros, el trail [&hellip;]<\/p>\n","protected":false},"author":1,"featured_media":0,"parent":0,"menu_order":0,"comment_status":"closed","ping_status":"closed","template":"","meta":{"_acf_changed":false,"footnotes":""},"class_list":["post-13300","page","type-page","status-publish","hentry"],"acf":[],"yoast_head":"<!-- This site is optimized with the Yoast SEO plugin v26.8 - https:\/\/yoast.com\/product\/yoast-seo-wordpress\/ -->\n<title>Nuestra Historia - Trail Run Advisor<\/title>\n<meta name=\"robots\" content=\"noindex, follow\" \/>\n<meta property=\"og:locale\" content=\"es_ES\" \/>\n<meta property=\"og:type\" content=\"article\" \/>\n<meta property=\"og:title\" content=\"Nuestra Historia - Trail Run Advisor\" \/>\n<meta property=\"og:description\" content=\"Nuestra Historia TrailRunAdvisor naci\u00f3 de una idea sencilla pero poderosa: crear una plataforma integral para los entusiastas del trail que buscan rese\u00f1as y cr\u00edticas de carreras de todo el mundo. Somos un equipo de tres corredores de trail experimentados, basados en Francia, unidos por nuestra pasi\u00f3n compartida por el trail running. Para nosotros, el trail [&hellip;]\" \/>\n<meta property=\"og:url\" content=\"https:\/\/trailrunadvisor.com\/es\/nuestra-historia-2\/\" \/>\n<meta property=\"og:site_name\" content=\"Trail Run Advisor\" \/>\n<meta property=\"article:publisher\" content=\"https:\/\/www.facebook.com\/profile.php?id=61554747731790&amp;mibextid=9R9pXO\" \/>\n<meta property=\"article:modified_time\" content=\"2026-04-19T11:09:54+00:00\" \/>\n<meta property=\"og:image\" content=\"https:\/\/trailrunadvisor.com\/wp-content\/uploads\/2025\/05\/trailrun-01-scaled.jpg\" \/>\n\t<meta property=\"og:image:width\" content=\"2560\" \/>\n\t<meta property=\"og:image:height\" content=\"1706\" \/>\n\t<meta property=\"og:image:type\" content=\"image\/jpeg\" \/>\n<meta name=\"twitter:card\" content=\"summary_large_image\" \/>\n<meta name=\"twitter:label1\" content=\"Tiempo de lectura\" \/>\n\t<meta name=\"twitter:data1\" content=\"2 minutos\" \/>\n<!-- \/ Yoast SEO plugin. -->","yoast_head_json":{"title":"Nuestra Historia - Trail Run Advisor","robots":{"index":"noindex","follow":"follow"},"og_locale":"es_ES","og_type":"article","og_title":"Nuestra Historia - Trail Run Advisor","og_description":"Nuestra Historia TrailRunAdvisor naci\u00f3 de una idea sencilla pero poderosa: crear una plataforma integral para los entusiastas del trail que buscan rese\u00f1as y cr\u00edticas de carreras de todo el mundo. Somos un equipo de tres corredores de trail experimentados, basados en Francia, unidos por nuestra pasi\u00f3n compartida por el trail running. Para nosotros, el trail [&hellip;]","og_url":"https:\/\/trailrunadvisor.com\/es\/nuestra-historia-2\/","og_site_name":"Trail Run Advisor","article_publisher":"https:\/\/www.facebook.com\/profile.php?id=61554747731790&mibextid=9R9pXO","article_modified_time":"2026-04-19T11:09:54+00:00","og_image":[{"width":2560,"height":1706,"url":"https:\/\/trailrunadvisor.com\/wp-content\/uploads\/2025\/05\/trailrun-01-scaled.jpg","type":"image\/jpeg"}],"twitter_card":"summary_large_image","twitter_misc":{"Tiempo de lectura":"2 minutos"},"schema":{"@context":"https:\/\/schema.org","@graph":[{"@type":"WebPage","@id":"https:\/\/trailrunadvisor.com\/es\/nuestra-historia-2\/","url":"https:\/\/trailrunadvisor.com\/es\/nuestra-historia-2\/","name":"Nuestra Historia - Trail Run Advisor","isPartOf":{"@id":"https:\/\/trailrunadvisor.com\/es\/#website"},"primaryImageOfPage":{"@id":"https:\/\/trailrunadvisor.com\/es\/nuestra-historia-2\/#primaryimage"},"image":{"@id":"https:\/\/trailrunadvisor.com\/es\/nuestra-historia-2\/#primaryimage"},"thumbnailUrl":"https:\/\/trailrunadvisor.com\/wp-content\/uploads\/2025\/05\/trailrun-01-1024x683.jpg","datePublished":"2025-05-08T09:56:41+00:00","dateModified":"2026-04-19T11:09:54+00:00","breadcrumb":{"@id":"https:\/\/trailrunadvisor.com\/es\/nuestra-historia-2\/#breadcrumb"},"inLanguage":"es","potentialAction":[{"@type":"ReadAction","target":["https:\/\/trailrunadvisor.com\/es\/nuestra-historia-2\/"]}]},{"@type":"ImageObject","inLanguage":"es","@id":"https:\/\/trailrunadvisor.com\/es\/nuestra-historia-2\/#primaryimage","url":"https:\/\/trailrunadvisor.com\/wp-content\/uploads\/2025\/05\/trailrun-01-1024x683.jpg","contentUrl":"https:\/\/trailrunadvisor.com\/wp-content\/uploads\/2025\/05\/trailrun-01-1024x683.jpg"},{"@type":"BreadcrumbList","@id":"https:\/\/trailrunadvisor.com\/es\/nuestra-historia-2\/#breadcrumb","itemListElement":[{"@type":"ListItem","position":1,"name":"Home","item":"https:\/\/trailrunadvisor.com\/es\/"},{"@type":"ListItem","position":2,"name":"Nuestra Historia"}]},{"@type":"WebSite","@id":"https:\/\/trailrunadvisor.com\/es\/#website","url":"https:\/\/trailrunadvisor.com\/es\/","name":"Trail Run Advisor","description":"","publisher":{"@id":"https:\/\/trailrunadvisor.com\/es\/#organization"},"potentialAction":[{"@type":"SearchAction","target":{"@type":"EntryPoint","urlTemplate":"https:\/\/trailrunadvisor.com\/es\/?s={search_term_string}"},"query-input":{"@type":"PropertyValueSpecification","valueRequired":true,"valueName":"search_term_string"}}],"inLanguage":"es"},{"@type":"Organization","@id":"https:\/\/trailrunadvisor.com\/es\/#organization","name":"Trail Run Advisor","url":"https:\/\/trailrunadvisor.com\/es\/","logo":{"@type":"ImageObject","inLanguage":"es","@id":"https:\/\/trailrunadvisor.com\/es\/#\/schema\/logo\/image\/","url":"https:\/\/trailrunadvisor.com\/wp-content\/uploads\/2023\/12\/logo-trailrunadvisor.png","contentUrl":"https:\/\/trailrunadvisor.com\/wp-content\/uploads\/2023\/12\/logo-trailrunadvisor.png","width":613,"height":80,"caption":"Trail Run Advisor"},"image":{"@id":"https:\/\/trailrunadvisor.com\/es\/#\/schema\/logo\/image\/"},"sameAs":["https:\/\/www.facebook.com\/profile.php?id=61554747731790&mibextid=9R9pXO","https:\/\/www.instagram.com\/trailrunadvisor\/"]}]}},"_links":{"self":[{"href":"https:\/\/trailrunadvisor.com\/es\/wp-json\/wp\/v2\/pages\/13300","targetHints":{"allow":["GET"]}}],"collection":[{"href":"https:\/\/trailrunadvisor.com\/es\/wp-json\/wp\/v2\/pages"}],"about":[{"href":"https:\/\/trailrunadvisor.com\/es\/wp-json\/wp\/v2\/types\/page"}],"author":[{"embeddable":true,"href":"https:\/\/trailrunadvisor.com\/es\/wp-json\/wp\/v2\/users\/1"}],"replies":[{"embeddable":true,"href":"https:\/\/trailrunadvisor.com\/es\/wp-json\/wp\/v2\/comments?post=13300"}],"version-history":[{"count":2,"href":"https:\/\/trailrunadvisor.com\/es\/wp-json\/wp\/v2\/pages\/13300\/revisions"}],"predecessor-version":[{"id":16797,"href":"https:\/\/trailrunadvisor.com\/es\/wp-json\/wp\/v2\/pages\/13300\/revisions\/16797"}],"wp:attachment":[{"href":"https:\/\/trailrunadvisor.com\/es\/wp-json\/wp\/v2\/media?parent=13300"}],"curies":[{"name":"wp","href":"https:\/\/api.w.org\/{rel}","templated":true}]}}