{"id":19232,"date":"2026-04-24T10:27:55","date_gmt":"2026-04-24T08:27:55","guid":{"rendered":"https:\/\/trailrunadvisor.com\/examinez-et-gagnez\/"},"modified":"2026-05-08T06:31:29","modified_gmt":"2026-05-08T04:31:29","slug":"examinez-et-gagnez","status":"publish","type":"page","link":"https:\/\/trailrunadvisor.com\/fr\/examinez-et-gagnez\/","title":{"rendered":"Examinez et gagnez"},"content":{"rendered":"\t\t<div data-elementor-type=\"wp-page\" data-elementor-id=\"19232\" class=\"elementor elementor-19232 elementor-19028\" data-elementor-post-type=\"page\">\n\t\t\t\t<div class=\"elementor-element elementor-element-3022913 e-flex e-con-boxed e-con e-parent\" data-id=\"3022913\" data-element_type=\"container\">\n\t\t\t\t\t<div class=\"e-con-inner\">\n\t\t\t\t<div class=\"elementor-element elementor-element-2c48588 elementor-widget elementor-widget-heading\" data-id=\"2c48588\" data-element_type=\"widget\" data-widget_type=\"heading.default\">\n\t\t\t\t<div class=\"elementor-widget-container\">\n\t\t\t\t\t<h1 class=\"elementor-heading-title elementor-size-default\">Vous voulez gagner du mat\u00e9riel de randonn\u00e9e ?  <p>\nPartagez votre exp\u00e9rience de la course<\/h1>\t\t\t\t<\/div>\n\t\t\t\t<\/div>\n\t\t\t\t<div class=\"elementor-element elementor-element-959b07d elementor-widget elementor-widget-text-editor\" data-id=\"959b07d\" data-element_type=\"widget\" data-widget_type=\"text-editor.default\">\n\t\t\t\t<div class=\"elementor-widget-container\">\n\t\t\t\t\t\t\t\t\t<p>TrailRunAdvisor repose sur une id\u00e9e simple : de vraies informations sur les courses provenant de vrais coureurs<br\/>Avec Review &#038; Win, nous r\u00e9compensons ceux qui contribuent \u00e0 la communaut\u00e9.<\/p>\t\t\t\t\t\t\t\t<\/div>\n\t\t\t\t<\/div>\n\t\t\t\t<div class=\"elementor-element elementor-element-9a1e712 elementor-widget elementor-widget-heading\" data-id=\"9a1e712\" data-element_type=\"widget\" data-widget_type=\"heading.default\">\n\t\t\t\t<div class=\"elementor-widget-container\">\n\t\t\t\t\t<h2 class=\"elementor-heading-title elementor-size-default\">Comment cela fonctionne-t-il ?<\/h2>\t\t\t\t<\/div>\n\t\t\t\t<\/div>\n\t\t\t\t<div class=\"elementor-element elementor-element-01d1a6a elementor-widget elementor-widget-text-editor\" data-id=\"01d1a6a\" data-element_type=\"widget\" data-widget_type=\"text-editor.default\">\n\t\t\t\t<div class=\"elementor-widget-container\">\n\t\t\t\t\t\t\t\t\t<ul><li>Laissez un commentaire sur une course \u00e0 laquelle vous avez particip\u00e9 sur TrailRunAdvisor<\/li><li>Chaque mois, nous s\u00e9lectionnons au hasard deux gagnants parmi tous les utilisateurs qui ont soumis un commentaire au cours du mois.<\/li><li>Plus vous contribuez, plus vous aidez la communaut\u00e9 &#8211; et plus vous avez de chances de gagner.<\/li><\/ul><p> <\/p><p>Simple, utile et con\u00e7u pour les coureurs de trail.<\/p>\t\t\t\t\t\t\t\t<\/div>\n\t\t\t\t<\/div>\n\t\t\t\t<div class=\"elementor-element elementor-element-9461ec5 elementor-widget elementor-widget-button\" data-id=\"9461ec5\" data-element_type=\"widget\" data-widget_type=\"button.default\">\n\t\t\t\t<div class=\"elementor-widget-container\">\n\t\t\t\t\t\t\t\t\t<div class=\"elementor-button-wrapper\">\n\t\t\t\t\t<a class=\"elementor-button elementor-button-link elementor-size-sm\" href=\"https:\/\/trailrunadvisor.com\/fr\/mon-compte\/\">\n\t\t\t\t\t\t<span class=\"elementor-button-content-wrapper\">\n\t\t\t\t\t\t\t\t\t<span class=\"elementor-button-text\">Participez au concours<\/span>\n\t\t\t\t\t<\/span>\n\t\t\t\t\t<\/a>\n\t\t\t\t<\/div>\n\t\t\t\t\t\t\t\t<\/div>\n\t\t\t\t<\/div>\n\t\t\t\t\t<\/div>\n\t\t\t\t<\/div>\n\t\t<div class=\"elementor-element elementor-element-b60efa7 e-flex e-con-boxed e-con e-parent\" data-id=\"b60efa7\" data-element_type=\"container\">\n\t\t\t\t\t<div class=\"e-con-inner\">\n\t\t<div class=\"elementor-element elementor-element-59bd3d5 e-con-full e-flex e-con e-child\" data-id=\"59bd3d5\" data-element_type=\"container\">\n\t\t\t\t<div class=\"elementor-element elementor-element-4fc9396 elementor-widget elementor-widget-heading\" data-id=\"4fc9396\" data-element_type=\"widget\" data-widget_type=\"heading.default\">\n\t\t\t\t<div class=\"elementor-widget-container\">\n\t\t\t\t\t<h2 class=\"elementor-heading-title elementor-size-default\">Ce que vous pouvez gagner<\/h2>\t\t\t\t<\/div>\n\t\t\t\t<\/div>\n\t\t\t\t<div class=\"elementor-element elementor-element-b34141e elementor-widget elementor-widget-heading\" data-id=\"b34141e\" data-element_type=\"widget\" data-widget_type=\"heading.default\">\n\t\t\t\t<div class=\"elementor-widget-container\">\n\t\t\t\t\t<h3 class=\"elementor-heading-title elementor-size-default\">Mat\u00e9riel audio pour le sport par MyVibe<\/h3>\t\t\t\t<\/div>\n\t\t\t\t<\/div>\n\t\t\t\t<div class=\"elementor-element elementor-element-7e11859 elementor-widget elementor-widget-text-editor\" data-id=\"7e11859\" data-element_type=\"widget\" data-widget_type=\"text-editor.default\">\n\t\t\t\t<div class=\"elementor-widget-container\">\n\t\t\t\t\t\t\t\t\t<p>Con\u00e7u pour les coureurs qui veulent rester conscients de leur environnement.<br\/>&#8211; Technologie de conduction osseuse<br\/>&#8211; Port confortable et s\u00fbr<br\/>&#8211; Id\u00e9al pour le trail running et l&#8217;entra\u00eenement en ext\u00e9rieur<\/p><p> <\/p><p>Entra\u00eenez-vous, explorez et restez connect\u00e9 &#8211; en toute s\u00e9curit\u00e9.<\/p>\t\t\t\t\t\t\t\t<\/div>\n\t\t\t\t<\/div>\n\t\t\t\t<\/div>\n\t\t<div class=\"elementor-element elementor-element-37fb9c2 e-con-full e-flex e-con e-child\" data-id=\"37fb9c2\" data-element_type=\"container\" data-settings=\"{&quot;background_background&quot;:&quot;classic&quot;}\">\n\t\t\t\t<div class=\"elementor-element elementor-element-38e6521 elementor-widget elementor-widget-image\" data-id=\"38e6521\" data-element_type=\"widget\" data-widget_type=\"image.default\">\n\t\t\t\t<div class=\"elementor-widget-container\">\n\t\t\t\t\t\t\t\t\t\t\t\t\t\t\t<img fetchpriority=\"high\" decoding=\"async\" width=\"600\" height=\"600\" src=\"https:\/\/trailrunadvisor.com\/wp-content\/uploads\/2026\/04\/CasqueMyVibes_IsGood_-Noir_5.webp\" class=\"attachment-large size-large wp-image-19030 not-transparent\" alt=\"\" srcset=\"https:\/\/trailrunadvisor.com\/wp-content\/uploads\/2026\/04\/CasqueMyVibes_IsGood_-Noir_5.webp 600w, https:\/\/trailrunadvisor.com\/wp-content\/uploads\/2026\/04\/CasqueMyVibes_IsGood_-Noir_5-300x300.webp 300w, https:\/\/trailrunadvisor.com\/wp-content\/uploads\/2026\/04\/CasqueMyVibes_IsGood_-Noir_5-150x150.webp 150w\" sizes=\"(max-width: 600px) 100vw, 600px\" data-has-transparency=\"false\" data-dominant-color=\"a4998d\" style=\"--dominant-color: #a4998d\" \/>\t\t\t\t\t\t\t\t\t\t\t\t\t\t\t<\/div>\n\t\t\t\t<\/div>\n\t\t\t\t<\/div>\n\t\t\t\t\t<\/div>\n\t\t\t\t<\/div>\n\t\t<div class=\"elementor-element elementor-element-9db5d45 e-flex e-con-boxed e-con e-parent\" data-id=\"9db5d45\" data-element_type=\"container\" data-settings=\"{&quot;background_background&quot;:&quot;classic&quot;}\">\n\t\t\t\t\t<div class=\"e-con-inner\">\n\t\t<div class=\"elementor-element elementor-element-f03f710 e-con-full e-flex e-con e-child\" data-id=\"f03f710\" data-element_type=\"container\">\n\t\t\t\t<div class=\"elementor-element elementor-element-6478ea6 elementor-widget elementor-widget-image\" data-id=\"6478ea6\" data-element_type=\"widget\" data-widget_type=\"image.default\">\n\t\t\t\t<div class=\"elementor-widget-container\">\n\t\t\t\t\t\t\t\t\t\t\t\t\t\t\t<img decoding=\"async\" width=\"1024\" height=\"1024\" src=\"https:\/\/trailrunadvisor.com\/wp-content\/uploads\/2026\/05\/ChatGPT-Image-4-may-2026-11_26_47-1024x1024.png\" class=\"attachment-large size-large wp-image-19227 not-transparent\" alt=\"\" srcset=\"https:\/\/trailrunadvisor.com\/wp-content\/uploads\/2026\/05\/ChatGPT-Image-4-may-2026-11_26_47-1024x1024.png 1024w, https:\/\/trailrunadvisor.com\/wp-content\/uploads\/2026\/05\/ChatGPT-Image-4-may-2026-11_26_47-300x300.png 300w, https:\/\/trailrunadvisor.com\/wp-content\/uploads\/2026\/05\/ChatGPT-Image-4-may-2026-11_26_47-150x150.png 150w, https:\/\/trailrunadvisor.com\/wp-content\/uploads\/2026\/05\/ChatGPT-Image-4-may-2026-11_26_47-768x768.png 768w, https:\/\/trailrunadvisor.com\/wp-content\/uploads\/2026\/05\/ChatGPT-Image-4-may-2026-11_26_47.png 1254w\" sizes=\"(max-width: 1024px) 100vw, 1024px\" data-has-transparency=\"false\" data-dominant-color=\"ca9271\" style=\"--dominant-color: #ca9271\" \/>\t\t\t\t\t\t\t\t\t\t\t\t\t\t\t<\/div>\n\t\t\t\t<\/div>\n\t\t\t\t<\/div>\n\t\t<div class=\"elementor-element elementor-element-63d24cf e-con-full e-flex e-con e-child\" data-id=\"63d24cf\" data-element_type=\"container\">\n\t\t\t\t<div class=\"elementor-element elementor-element-d854465 elementor-widget elementor-widget-heading\" data-id=\"d854465\" data-element_type=\"widget\" data-widget_type=\"heading.default\">\n\t\t\t\t<div class=\"elementor-widget-container\">\n\t\t\t\t\t<h3 class=\"elementor-heading-title elementor-size-default\">Pack nutritionnel pour le trail par Apirun<\/h3>\t\t\t\t<\/div>\n\t\t\t\t<\/div>\n\t\t\t\t<div class=\"elementor-element elementor-element-df5d84e elementor-widget elementor-widget-text-editor\" data-id=\"df5d84e\" data-element_type=\"widget\" data-widget_type=\"text-editor.default\">\n\t\t\t\t<div class=\"elementor-widget-container\">\n\t\t\t\t\t\t\t\t\t<p>Un stimulant \u00e9nerg\u00e9tique naturel con\u00e7u pour les sports d&#8217;endurance.<\/p><ul><li>En-cas \u00e9nerg\u00e9tiques \u00e0 base de fruits et de miel<\/li><li>Facile \u00e0 transporter et \u00e0 consommer pendant l&#8217;effort<\/li><li>accord pour l&#8217;entra\u00eenement et le jour de la course<\/li><\/ul><p> <\/p><p>Un compagnon id\u00e9al pour alimenter votre prochaine aventure sur les sentiers.<\/p>\t\t\t\t\t\t\t\t<\/div>\n\t\t\t\t<\/div>\n\t\t\t\t<\/div>\n\t\t\t\t\t<\/div>\n\t\t\t\t<\/div>\n\t\t<div class=\"elementor-element elementor-element-cf9fd51 e-con-full e-flex e-con e-parent\" data-id=\"cf9fd51\" data-element_type=\"container\">\n\t\t\t\t<div class=\"elementor-element elementor-element-683d4d3 elementor-widget elementor-widget-heading\" data-id=\"683d4d3\" data-element_type=\"widget\" data-widget_type=\"heading.default\">\n\t\t\t\t<div class=\"elementor-widget-container\">\n\t\t\t\t\t<p class=\"elementor-heading-title elementor-size-default\">Pr\u00eat \u00e0 contribuer ?<\/p>\t\t\t\t<\/div>\n\t\t\t\t<\/div>\n\t\t\t\t<\/div>\n\t\t<div class=\"elementor-element elementor-element-4193cf2 e-flex e-con-boxed e-con e-parent\" data-id=\"4193cf2\" data-element_type=\"container\">\n\t\t\t\t\t<div class=\"e-con-inner\">\n\t\t\t\t<div class=\"elementor-element elementor-element-d4cd899 elementor-widget elementor-widget-button\" data-id=\"d4cd899\" data-element_type=\"widget\" data-widget_type=\"button.default\">\n\t\t\t\t<div class=\"elementor-widget-container\">\n\t\t\t\t\t\t\t\t\t<div class=\"elementor-button-wrapper\">\n\t\t\t\t\t<a class=\"elementor-button elementor-button-link elementor-size-sm\" href=\"https:\/\/trailrunadvisor.com\/fr\/mon-compte\/\">\n\t\t\t\t\t\t<span class=\"elementor-button-content-wrapper\">\n\t\t\t\t\t\t\t\t\t<span class=\"elementor-button-text\">Ecrivez votre commentaire de course maintenant : gagnez du mat\u00e9riel de trail tous les mois<\/span>\n\t\t\t\t\t<\/span>\n\t\t\t\t\t<\/a>\n\t\t\t\t<\/div>\n\t\t\t\t\t\t\t\t<\/div>\n\t\t\t\t<\/div>\n\t\t\t\t\t<\/div>\n\t\t\t\t<\/div>\n\t\t<div class=\"elementor-element elementor-element-2badebf e-flex e-con-boxed e-con e-parent\" data-id=\"2badebf\" data-element_type=\"container\">\n\t\t\t\t\t<div class=\"e-con-inner\">\n\t\t\t\t<div class=\"elementor-element elementor-element-58a87d4 elementor-widget elementor-widget-heading\" data-id=\"58a87d4\" data-element_type=\"widget\" data-widget_type=\"heading.default\">\n\t\t\t\t<div class=\"elementor-widget-container\">\n\t\t\t\t\t<h2 class=\"elementor-heading-title elementor-size-default\">en collaboration avec<\/h2>\t\t\t\t<\/div>\n\t\t\t\t<\/div>\n\t\t\t\t<div class=\"elementor-element elementor-element-9796eaa elementor-widget elementor-widget-text-editor\" data-id=\"9796eaa\" data-element_type=\"widget\" data-widget_type=\"text-editor.default\">\n\t\t\t\t<div class=\"elementor-widget-container\">\n\t\t\t\t\t\t\t\t\t<p>Review &#038; Win est rendu possible gr\u00e2ce \u00e0 nos partenaires :<\/p><ul><li><a href=\"https:\/\/www.myvibe.run\/\" target=\"_blank\" rel=\"noopener\"><strong>MyVibe.run<\/strong><\/a><\/li><li><a href=\"https:\/\/apirun.fr\/collections\/nutrition-sportive\/products\/pates-de-fruits-5-parfums-1\" target=\"_blank\" rel=\"noopener\"><strong>Apirun<\/strong><\/a><\/li><\/ul><p>Leur soutien nous permet de r\u00e9compenser la communaut\u00e9 et de continuer \u00e0 grandir ensemble.<\/p>\t\t\t\t\t\t\t\t<\/div>\n\t\t\t\t<\/div>\n\t\t\t\t\t<\/div>\n\t\t\t\t<\/div>\n\t\t\t\t<\/div>\n\t\t","protected":false},"excerpt":{"rendered":"<p>Vous voulez gagner du mat\u00e9riel de randonn\u00e9e ? Partagez votre exp\u00e9rience de la course TrailRunAdvisor repose sur une id\u00e9e simple : de vraies informations sur les courses provenant de vrais coureursAvec Review &amp; Win, nous r\u00e9compensons ceux qui contribuent \u00e0 la communaut\u00e9. Comment cela fonctionne-t-il ? Laissez un commentaire sur une course \u00e0 laquelle vous [&hellip;]<\/p>\n","protected":false},"author":1,"featured_media":0,"parent":0,"menu_order":0,"comment_status":"closed","ping_status":"closed","template":"","meta":{"_acf_changed":false,"footnotes":""},"class_list":["post-19232","page","type-page","status-publish","hentry"],"acf":[],"yoast_head":"<!-- This site is optimized with the Yoast SEO plugin v26.8 - https:\/\/yoast.com\/product\/yoast-seo-wordpress\/ -->\n<title>Examinez et gagnez - Trail Run Advisor<\/title>\n<meta name=\"description\" content=\"Partagez votre exp\u00e9rience et soyez r\u00e9compens\u00e9. Laissez un commentaire et participez \u00e0 notre jeu-concours mensuel pour avoir une chance de gagner un lot sp\u00e9cial.\" \/>\n<meta name=\"robots\" content=\"noindex, follow\" \/>\n<meta property=\"og:locale\" content=\"fr_FR\" \/>\n<meta property=\"og:type\" content=\"article\" \/>\n<meta property=\"og:title\" content=\"Examinez et gagnez - Trail Run Advisor\" \/>\n<meta property=\"og:description\" content=\"Partagez votre exp\u00e9rience et soyez r\u00e9compens\u00e9. Laissez un commentaire et participez \u00e0 notre jeu-concours mensuel pour avoir une chance de gagner un lot sp\u00e9cial.\" \/>\n<meta property=\"og:url\" content=\"https:\/\/trailrunadvisor.com\/fr\/examinez-et-gagnez\/\" \/>\n<meta property=\"og:site_name\" content=\"Trail Run Advisor\" \/>\n<meta property=\"article:publisher\" content=\"https:\/\/www.facebook.com\/profile.php?id=61554747731790&amp;mibextid=9R9pXO\" \/>\n<meta property=\"article:modified_time\" content=\"2026-05-08T04:31:29+00:00\" \/>\n<meta property=\"og:image\" content=\"https:\/\/trailrunadvisor.com\/wp-content\/uploads\/2026\/04\/CasqueMyVibes_IsGood_-Noir_5.webp\" \/>\n\t<meta property=\"og:image:width\" content=\"600\" \/>\n\t<meta property=\"og:image:height\" content=\"600\" \/>\n\t<meta property=\"og:image:type\" content=\"image\/webp\" \/>\n<meta name=\"twitter:card\" content=\"summary_large_image\" \/>\n<meta name=\"twitter:label1\" content=\"Dur\u00e9e de lecture estim\u00e9e\" \/>\n\t<meta name=\"twitter:data1\" content=\"1 minute\" \/>\n<!-- \/ Yoast SEO plugin. -->","yoast_head_json":{"title":"Examinez et gagnez - Trail Run Advisor","description":"Partagez votre exp\u00e9rience et soyez r\u00e9compens\u00e9. Laissez un commentaire et participez \u00e0 notre jeu-concours mensuel pour avoir une chance de gagner un lot sp\u00e9cial.","robots":{"index":"noindex","follow":"follow"},"og_locale":"fr_FR","og_type":"article","og_title":"Examinez et gagnez - Trail Run Advisor","og_description":"Partagez votre exp\u00e9rience et soyez r\u00e9compens\u00e9. Laissez un commentaire et participez \u00e0 notre jeu-concours mensuel pour avoir une chance de gagner un lot sp\u00e9cial.","og_url":"https:\/\/trailrunadvisor.com\/fr\/examinez-et-gagnez\/","og_site_name":"Trail Run Advisor","article_publisher":"https:\/\/www.facebook.com\/profile.php?id=61554747731790&mibextid=9R9pXO","article_modified_time":"2026-05-08T04:31:29+00:00","og_image":[{"width":600,"height":600,"url":"https:\/\/trailrunadvisor.com\/wp-content\/uploads\/2026\/04\/CasqueMyVibes_IsGood_-Noir_5.webp","type":"image\/webp"}],"twitter_card":"summary_large_image","twitter_misc":{"Dur\u00e9e de lecture estim\u00e9e":"1 minute"},"schema":{"@context":"https:\/\/schema.org","@graph":[{"@type":"WebPage","@id":"https:\/\/trailrunadvisor.com\/fr\/examinez-et-gagnez\/","url":"https:\/\/trailrunadvisor.com\/fr\/examinez-et-gagnez\/","name":"Examinez et gagnez - Trail Run Advisor","isPartOf":{"@id":"https:\/\/trailrunadvisor.com\/fr\/#website"},"primaryImageOfPage":{"@id":"https:\/\/trailrunadvisor.com\/fr\/examinez-et-gagnez\/#primaryimage"},"image":{"@id":"https:\/\/trailrunadvisor.com\/fr\/examinez-et-gagnez\/#primaryimage"},"thumbnailUrl":"https:\/\/trailrunadvisor.com\/wp-content\/uploads\/2026\/04\/CasqueMyVibes_IsGood_-Noir_5.webp","datePublished":"2026-04-24T08:27:55+00:00","dateModified":"2026-05-08T04:31:29+00:00","description":"Partagez votre exp\u00e9rience et soyez r\u00e9compens\u00e9. Laissez un commentaire et participez \u00e0 notre jeu-concours mensuel pour avoir une chance de gagner un lot sp\u00e9cial.","breadcrumb":{"@id":"https:\/\/trailrunadvisor.com\/fr\/examinez-et-gagnez\/#breadcrumb"},"inLanguage":"fr-FR","potentialAction":[{"@type":"ReadAction","target":["https:\/\/trailrunadvisor.com\/fr\/examinez-et-gagnez\/"]}]},{"@type":"ImageObject","inLanguage":"fr-FR","@id":"https:\/\/trailrunadvisor.com\/fr\/examinez-et-gagnez\/#primaryimage","url":"https:\/\/trailrunadvisor.com\/wp-content\/uploads\/2026\/04\/CasqueMyVibes_IsGood_-Noir_5.webp","contentUrl":"https:\/\/trailrunadvisor.com\/wp-content\/uploads\/2026\/04\/CasqueMyVibes_IsGood_-Noir_5.webp"},{"@type":"BreadcrumbList","@id":"https:\/\/trailrunadvisor.com\/fr\/examinez-et-gagnez\/#breadcrumb","itemListElement":[{"@type":"ListItem","position":1,"name":"Home","item":"https:\/\/trailrunadvisor.com\/fr\/"},{"@type":"ListItem","position":2,"name":"Examinez et gagnez"}]},{"@type":"WebSite","@id":"https:\/\/trailrunadvisor.com\/fr\/#website","url":"https:\/\/trailrunadvisor.com\/fr\/","name":"Trail Run Advisor","description":"","publisher":{"@id":"https:\/\/trailrunadvisor.com\/fr\/#organization"},"potentialAction":[{"@type":"SearchAction","target":{"@type":"EntryPoint","urlTemplate":"https:\/\/trailrunadvisor.com\/fr\/?s={search_term_string}"},"query-input":{"@type":"PropertyValueSpecification","valueRequired":true,"valueName":"search_term_string"}}],"inLanguage":"fr-FR"},{"@type":"Organization","@id":"https:\/\/trailrunadvisor.com\/fr\/#organization","name":"Trail Run Advisor","url":"https:\/\/trailrunadvisor.com\/fr\/","logo":{"@type":"ImageObject","inLanguage":"fr-FR","@id":"https:\/\/trailrunadvisor.com\/fr\/#\/schema\/logo\/image\/","url":"https:\/\/trailrunadvisor.com\/wp-content\/uploads\/2023\/12\/logo-trailrunadvisor.png","contentUrl":"https:\/\/trailrunadvisor.com\/wp-content\/uploads\/2023\/12\/logo-trailrunadvisor.png","width":613,"height":80,"caption":"Trail Run Advisor"},"image":{"@id":"https:\/\/trailrunadvisor.com\/fr\/#\/schema\/logo\/image\/"},"sameAs":["https:\/\/www.facebook.com\/profile.php?id=61554747731790&mibextid=9R9pXO","https:\/\/www.instagram.com\/trailrunadvisor\/"]}]}},"_links":{"self":[{"href":"https:\/\/trailrunadvisor.com\/fr\/wp-json\/wp\/v2\/pages\/19232","targetHints":{"allow":["GET"]}}],"collection":[{"href":"https:\/\/trailrunadvisor.com\/fr\/wp-json\/wp\/v2\/pages"}],"about":[{"href":"https:\/\/trailrunadvisor.com\/fr\/wp-json\/wp\/v2\/types\/page"}],"author":[{"embeddable":true,"href":"https:\/\/trailrunadvisor.com\/fr\/wp-json\/wp\/v2\/users\/1"}],"replies":[{"embeddable":true,"href":"https:\/\/trailrunadvisor.com\/fr\/wp-json\/wp\/v2\/comments?post=19232"}],"version-history":[{"count":2,"href":"https:\/\/trailrunadvisor.com\/fr\/wp-json\/wp\/v2\/pages\/19232\/revisions"}],"predecessor-version":[{"id":19234,"href":"https:\/\/trailrunadvisor.com\/fr\/wp-json\/wp\/v2\/pages\/19232\/revisions\/19234"}],"wp:attachment":[{"href":"https:\/\/trailrunadvisor.com\/fr\/wp-json\/wp\/v2\/media?parent=19232"}],"curies":[{"name":"wp","href":"https:\/\/api.w.org\/{rel}","templated":true}]}}