{"id":13292,"date":"2025-05-08T11:56:41","date_gmt":"2025-05-08T09:56:41","guid":{"rendered":"https:\/\/trailrunadvisor.com\/la-nostra-storia-2\/"},"modified":"2026-03-25T11:43:09","modified_gmt":"2026-03-25T10:43:09","slug":"la-nostra-storia-2","status":"publish","type":"page","link":"https:\/\/trailrunadvisor.com\/it\/la-nostra-storia-2\/","title":{"rendered":"La nostra storia"},"content":{"rendered":"\t\t<div data-elementor-type=\"wp-page\" data-elementor-id=\"13292\" class=\"elementor elementor-13292 elementor-10900\" data-elementor-post-type=\"page\">\n\t\t\t\t<div class=\"elementor-element elementor-element-3022913 e-flex e-con-boxed e-con e-parent\" data-id=\"3022913\" data-element_type=\"container\">\n\t\t\t\t\t<div class=\"e-con-inner\">\n\t\t\t\t<div class=\"elementor-element elementor-element-2c48588 elementor-widget elementor-widget-heading\" data-id=\"2c48588\" data-element_type=\"widget\" data-widget_type=\"heading.default\">\n\t\t\t\t<div class=\"elementor-widget-container\">\n\t\t\t\t\t<h2 class=\"elementor-heading-title elementor-size-default\">La nostra storia<\/h2>\t\t\t\t<\/div>\n\t\t\t\t<\/div>\n\t\t\t\t<div class=\"elementor-element elementor-element-959b07d elementor-widget elementor-widget-text-editor\" data-id=\"959b07d\" data-element_type=\"widget\" data-widget_type=\"text-editor.default\">\n\t\t\t\t<div class=\"elementor-widget-container\">\n\t\t\t\t\t\t\t\t\t<p>TrailRunAdvisor \u00e8 nato da un&#8217;idea semplice ma potente: creare una piattaforma completa per gli appassionati di trail che cercano recensioni e critiche di gare in tutto il mondo. Siamo un team di tre esperti trail runner con sede in Francia, uniti dalla nostra comune passione per il trail running. Per noi il trail running \u00e8 pi\u00f9 di uno sport: \u00e8 uno stile di vita, una fonte di avventura e una comunit\u00e0 a cui teniamo molto.  <\/p><p> <\/p><p>L&#8217;ispirazione per TrailRunAdvisor \u00e8 nata dalle nostre esperienze personali. Pi\u00f9 volte ci siamo ritrovati a iscriverci a gare senza conoscere dettagli fondamentali: Quanto \u00e8 tecnico il percorso? Quali sfide dobbiamo aspettarci? Come si svolge la logistica? Ci siamo resi conto che avere maggiori informazioni su una gara in anticipo avrebbe giovato non solo a noi, ma all&#8217;intera comunit\u00e0 del trail running.    <\/p>\t\t\t\t\t\t\t\t<\/div>\n\t\t\t\t<\/div>\n\t\t\t\t\t<\/div>\n\t\t\t\t<\/div>\n\t\t<div class=\"elementor-element elementor-element-b60efa7 e-flex e-con-boxed e-con e-parent\" data-id=\"b60efa7\" data-element_type=\"container\">\n\t\t\t\t\t<div class=\"e-con-inner\">\n\t\t<div class=\"elementor-element elementor-element-59bd3d5 e-con-full e-flex e-con e-child\" data-id=\"59bd3d5\" data-element_type=\"container\">\n\t\t\t\t<div class=\"elementor-element elementor-element-4fc9396 elementor-widget elementor-widget-heading\" data-id=\"4fc9396\" data-element_type=\"widget\" data-widget_type=\"heading.default\">\n\t\t\t\t<div class=\"elementor-widget-container\">\n\t\t\t\t\t<h3 class=\"elementor-heading-title elementor-size-default\">Cosa ci distingue<\/h3>\t\t\t\t<\/div>\n\t\t\t\t<\/div>\n\t\t\t\t<div class=\"elementor-element elementor-element-7e11859 elementor-widget elementor-widget-text-editor\" data-id=\"7e11859\" data-element_type=\"widget\" data-widget_type=\"text-editor.default\">\n\t\t\t\t<div class=\"elementor-widget-container\">\n\t\t\t\t\t\t\t\t\t<ul><li><span style=\"color: #00a87a;\"><strong>Recensioni autentiche:<\/strong><\/span> Le nostre recensioni sono scritte da trail runner, per i trail runner. Crediamo nel potere delle esperienze autentiche e le nostre recensioni riflettono le vere sfide, i trionfi e gli aspetti unici di ogni gara. <\/li><\/ul><div> <\/div><div> <\/div><ul><li><span style=\"color: #00a87a;\"><strong>Prospettiva globale:<\/strong><\/span> Che tu sia un trail runner esperto o un principiante alla ricerca della gara perfetta, ti copriamo noi. Il nostro team \u00e8 presente in tutto il mondo e ti fornisce informazioni sulle gare di trail dalle montagne innevate alle foreste lussureggianti e ai mari turchesi, e tutto ci\u00f2 che c&#8217;\u00e8 in mezzo, in tutto il mondo. <\/li><\/ul><div> <\/div><div> <\/div><ul><li><span style=\"color: #00a87a;\"><strong>Informazioni complete:<\/strong><\/span> TrailRunAdvisor vuole essere il tuo punto di riferimento quando cerchi una gara di trail running. Dai dettagli del percorso alle testimonianze dei partecipanti, forniamo informazioni complete per aiutarti a fare scelte consapevoli. <\/li><\/ul>\t\t\t\t\t\t\t\t<\/div>\n\t\t\t\t<\/div>\n\t\t\t\t<\/div>\n\t\t<div class=\"elementor-element elementor-element-37fb9c2 e-con-full e-flex e-con e-child\" data-id=\"37fb9c2\" data-element_type=\"container\" data-settings=\"{&quot;background_background&quot;:&quot;classic&quot;}\">\n\t\t\t\t<div class=\"elementor-element elementor-element-38e6521 elementor-widget elementor-widget-image\" data-id=\"38e6521\" data-element_type=\"widget\" data-widget_type=\"image.default\">\n\t\t\t\t<div class=\"elementor-widget-container\">\n\t\t\t\t\t\t\t\t\t\t\t\t\t\t\t<img fetchpriority=\"high\" decoding=\"async\" width=\"1024\" height=\"683\" src=\"https:\/\/trailrunadvisor.com\/wp-content\/uploads\/2025\/05\/trailrun-01-1024x683.jpg\" class=\"attachment-large size-large wp-image-10741\" alt=\"\" srcset=\"https:\/\/trailrunadvisor.com\/wp-content\/uploads\/2025\/05\/trailrun-01-1024x683.jpg 1024w, https:\/\/trailrunadvisor.com\/wp-content\/uploads\/2025\/05\/trailrun-01-300x200.jpg 300w, https:\/\/trailrunadvisor.com\/wp-content\/uploads\/2025\/05\/trailrun-01-768x512.jpg 768w, https:\/\/trailrunadvisor.com\/wp-content\/uploads\/2025\/05\/trailrun-01-1536x1024.jpg 1536w, https:\/\/trailrunadvisor.com\/wp-content\/uploads\/2025\/05\/trailrun-01-2048x1365.jpg 2048w\" sizes=\"(max-width: 1024px) 100vw, 1024px\" \/>\t\t\t\t\t\t\t\t\t\t\t\t\t\t\t<\/div>\n\t\t\t\t<\/div>\n\t\t\t\t<\/div>\n\t\t\t\t\t<\/div>\n\t\t\t\t<\/div>\n\t\t<div class=\"elementor-element elementor-element-9db5d45 e-flex e-con-boxed e-con e-parent\" data-id=\"9db5d45\" data-element_type=\"container\" data-settings=\"{&quot;background_background&quot;:&quot;classic&quot;}\">\n\t\t\t\t\t<div class=\"e-con-inner\">\n\t\t<div class=\"elementor-element elementor-element-f03f710 e-con-full e-flex e-con e-child\" data-id=\"f03f710\" data-element_type=\"container\">\n\t\t\t\t<div class=\"elementor-element elementor-element-6478ea6 elementor-widget elementor-widget-image\" data-id=\"6478ea6\" data-element_type=\"widget\" data-widget_type=\"image.default\">\n\t\t\t\t<div class=\"elementor-widget-container\">\n\t\t\t\t\t\t\t\t\t\t\t\t\t\t\t<img decoding=\"async\" width=\"1024\" height=\"695\" src=\"https:\/\/trailrunadvisor.com\/wp-content\/uploads\/2025\/05\/trailrun-03-1024x695.jpg\" class=\"attachment-large size-large wp-image-10785\" alt=\"\" srcset=\"https:\/\/trailrunadvisor.com\/wp-content\/uploads\/2025\/05\/trailrun-03-1024x695.jpg 1024w, https:\/\/trailrunadvisor.com\/wp-content\/uploads\/2025\/05\/trailrun-03-300x204.jpg 300w, https:\/\/trailrunadvisor.com\/wp-content\/uploads\/2025\/05\/trailrun-03-768x521.jpg 768w, https:\/\/trailrunadvisor.com\/wp-content\/uploads\/2025\/05\/trailrun-03-1536x1043.jpg 1536w, https:\/\/trailrunadvisor.com\/wp-content\/uploads\/2025\/05\/trailrun-03-2048x1390.jpg 2048w\" sizes=\"(max-width: 1024px) 100vw, 1024px\" \/>\t\t\t\t\t\t\t\t\t\t\t\t\t\t\t<\/div>\n\t\t\t\t<\/div>\n\t\t\t\t<\/div>\n\t\t<div class=\"elementor-element elementor-element-63d24cf e-con-full e-flex e-con e-child\" data-id=\"63d24cf\" data-element_type=\"container\">\n\t\t\t\t<div class=\"elementor-element elementor-element-00566c3 elementor-widget elementor-widget-heading\" data-id=\"00566c3\" data-element_type=\"widget\" data-widget_type=\"heading.default\">\n\t\t\t\t<div class=\"elementor-widget-container\">\n\t\t\t\t\t<h3 class=\"elementor-heading-title elementor-size-default\">Le nostre missioni<\/h3>\t\t\t\t<\/div>\n\t\t\t\t<\/div>\n\t\t\t\t<div class=\"elementor-element elementor-element-df5d84e elementor-widget elementor-widget-text-editor\" data-id=\"df5d84e\" data-element_type=\"widget\" data-widget_type=\"text-editor.default\">\n\t\t\t\t<div class=\"elementor-widget-container\">\n\t\t\t\t\t\t\t\t\t<p>La missione di TrailRunAdvisor \u00e8 quella di ispirare, informare e mettere in contatto i trail runner di tutto il mondo.<\/p><p><br><\/p><p>La nostra ambizione \u00e8 quella di essere la guida definitiva per chi \u00e8 alla ricerca di esperienze di trail running indimenticabili, promuovendo una comunit\u00e0 che celebri lo spirito di avventura e la gioia del trail.<\/p>\t\t\t\t\t\t\t\t<\/div>\n\t\t\t\t<\/div>\n\t\t\t\t<\/div>\n\t\t\t\t\t<\/div>\n\t\t\t\t<\/div>\n\t\t<div class=\"elementor-element elementor-element-2dbf90b e-flex e-con-boxed e-con e-parent\" data-id=\"2dbf90b\" data-element_type=\"container\" data-settings=\"{&quot;background_background&quot;:&quot;classic&quot;}\">\n\t\t\t\t\t<div class=\"e-con-inner\">\n\t\t<div class=\"elementor-element elementor-element-c069736 e-con-full e-flex e-con e-child\" data-id=\"c069736\" data-element_type=\"container\">\n\t\t\t\t<div class=\"elementor-element elementor-element-a98d03d elementor-widget elementor-widget-heading\" data-id=\"a98d03d\" data-element_type=\"widget\" data-widget_type=\"heading.default\">\n\t\t\t\t<div class=\"elementor-widget-container\">\n\t\t\t\t\t<h3 class=\"elementor-heading-title elementor-size-default\">Unisciti a noi<\/h3>\t\t\t\t<\/div>\n\t\t\t\t<\/div>\n\t\t\t\t<div class=\"elementor-element elementor-element-0c2d0b8 elementor-widget elementor-widget-text-editor\" data-id=\"0c2d0b8\" data-element_type=\"widget\" data-widget_type=\"text-editor.default\">\n\t\t\t\t<div class=\"elementor-widget-container\">\n\t\t\t\t\t\t\t\t\t<p>Che tu sia un veterano del trail o che allacci le scarpe da corsa per la prima volta, TrailRunAdvisor ti invita a unirti a noi in questa avventura.<\/p><p> <\/p><p>Esplora le nostre recensioni, condividi le tue storie di trail e fai parte di una comunit\u00e0 che vive e respira l&#8217;essenza del trail running.<\/p><p> <\/p><p>Non esitare a contattarci con i tuoi commenti e le tue idee: sei sempre il benvenuto!<\/p>\t\t\t\t\t\t\t\t<\/div>\n\t\t\t\t<\/div>\n\t\t\t\t<\/div>\n\t\t<div class=\"elementor-element elementor-element-c9c67db e-con-full e-flex e-con e-child\" data-id=\"c9c67db\" data-element_type=\"container\">\n\t\t\t\t<div class=\"elementor-element elementor-element-38d3163 elementor-widget elementor-widget-image\" data-id=\"38d3163\" data-element_type=\"widget\" data-widget_type=\"image.default\">\n\t\t\t\t<div class=\"elementor-widget-container\">\n\t\t\t\t\t\t\t\t\t\t\t\t\t\t\t<img decoding=\"async\" width=\"1024\" height=\"683\" src=\"https:\/\/trailrunadvisor.com\/wp-content\/uploads\/2025\/05\/colore13-1024x683.jpg\" class=\"attachment-large size-large wp-image-10769\" alt=\"\" srcset=\"https:\/\/trailrunadvisor.com\/wp-content\/uploads\/2025\/05\/colore13-1024x683.jpg 1024w, https:\/\/trailrunadvisor.com\/wp-content\/uploads\/2025\/05\/colore13-300x200.jpg 300w, https:\/\/trailrunadvisor.com\/wp-content\/uploads\/2025\/05\/colore13-768x512.jpg 768w, https:\/\/trailrunadvisor.com\/wp-content\/uploads\/2025\/05\/colore13-1536x1024.jpg 1536w, https:\/\/trailrunadvisor.com\/wp-content\/uploads\/2025\/05\/colore13-2048x1365.jpg 2048w\" sizes=\"(max-width: 1024px) 100vw, 1024px\" \/>\t\t\t\t\t\t\t\t\t\t\t\t\t\t\t<\/div>\n\t\t\t\t<\/div>\n\t\t\t\t<\/div>\n\t\t\t\t\t<\/div>\n\t\t\t\t<\/div>\n\t\t<div class=\"elementor-element elementor-element-cf9fd51 e-con-full e-flex e-con e-parent\" data-id=\"cf9fd51\" data-element_type=\"container\">\n\t\t\t\t<div class=\"elementor-element elementor-element-683d4d3 elementor-widget elementor-widget-heading\" data-id=\"683d4d3\" data-element_type=\"widget\" data-widget_type=\"heading.default\">\n\t\t\t\t<div class=\"elementor-widget-container\">\n\t\t\t\t\t<p class=\"elementor-heading-title elementor-size-default\">Grazie per far parte della nostra famiglia di amanti del trail!<\/p>\t\t\t\t<\/div>\n\t\t\t\t<\/div>\n\t\t\t\t<\/div>\n\t\t\t\t<\/div>\n\t\t","protected":false},"excerpt":{"rendered":"<p>La nostra storia TrailRunAdvisor \u00e8 nato da un&#8217;idea semplice ma potente: creare una piattaforma completa per gli appassionati di trail che cercano recensioni e critiche di gare in tutto il mondo. Siamo un team di tre esperti trail runner con sede in Francia, uniti dalla nostra comune passione per il trail running. Per noi il [&hellip;]<\/p>\n","protected":false},"author":1,"featured_media":0,"parent":0,"menu_order":0,"comment_status":"closed","ping_status":"closed","template":"","meta":{"_acf_changed":false,"footnotes":""},"class_list":["post-13292","page","type-page","status-publish","hentry"],"acf":[],"yoast_head":"<!-- This site is optimized with the Yoast SEO plugin v26.8 - https:\/\/yoast.com\/product\/yoast-seo-wordpress\/ -->\n<title>La nostra storia - Trail Run Advisor<\/title>\n<meta name=\"robots\" content=\"noindex, follow\" \/>\n<meta property=\"og:locale\" content=\"it_IT\" \/>\n<meta property=\"og:type\" content=\"article\" \/>\n<meta property=\"og:title\" content=\"La nostra storia - Trail Run Advisor\" \/>\n<meta property=\"og:description\" content=\"La nostra storia TrailRunAdvisor \u00e8 nato da un&#8217;idea semplice ma potente: creare una piattaforma completa per gli appassionati di trail che cercano recensioni e critiche di gare in tutto il mondo. Siamo un team di tre esperti trail runner con sede in Francia, uniti dalla nostra comune passione per il trail running. Per noi il [&hellip;]\" \/>\n<meta property=\"og:url\" content=\"https:\/\/trailrunadvisor.com\/it\/la-nostra-storia-2\/\" \/>\n<meta property=\"og:site_name\" content=\"Trail Run Advisor\" \/>\n<meta property=\"article:publisher\" content=\"https:\/\/www.facebook.com\/profile.php?id=61554747731790&amp;mibextid=9R9pXO\" \/>\n<meta property=\"article:modified_time\" content=\"2026-03-25T10:43:09+00:00\" \/>\n<meta property=\"og:image\" content=\"https:\/\/trailrunadvisor.com\/wp-content\/uploads\/2025\/05\/trailrun-01-scaled.jpg\" \/>\n\t<meta property=\"og:image:width\" content=\"2560\" \/>\n\t<meta property=\"og:image:height\" content=\"1706\" \/>\n\t<meta property=\"og:image:type\" content=\"image\/jpeg\" \/>\n<meta name=\"twitter:card\" content=\"summary_large_image\" \/>\n<meta name=\"twitter:label1\" content=\"Tempo di lettura stimato\" \/>\n\t<meta name=\"twitter:data1\" content=\"2 minuti\" \/>\n<!-- \/ Yoast SEO plugin. -->","yoast_head_json":{"title":"La nostra storia - Trail Run Advisor","robots":{"index":"noindex","follow":"follow"},"og_locale":"it_IT","og_type":"article","og_title":"La nostra storia - Trail Run Advisor","og_description":"La nostra storia TrailRunAdvisor \u00e8 nato da un&#8217;idea semplice ma potente: creare una piattaforma completa per gli appassionati di trail che cercano recensioni e critiche di gare in tutto il mondo. Siamo un team di tre esperti trail runner con sede in Francia, uniti dalla nostra comune passione per il trail running. Per noi il [&hellip;]","og_url":"https:\/\/trailrunadvisor.com\/it\/la-nostra-storia-2\/","og_site_name":"Trail Run Advisor","article_publisher":"https:\/\/www.facebook.com\/profile.php?id=61554747731790&mibextid=9R9pXO","article_modified_time":"2026-03-25T10:43:09+00:00","og_image":[{"width":2560,"height":1706,"url":"https:\/\/trailrunadvisor.com\/wp-content\/uploads\/2025\/05\/trailrun-01-scaled.jpg","type":"image\/jpeg"}],"twitter_card":"summary_large_image","twitter_misc":{"Tempo di lettura stimato":"2 minuti"},"schema":{"@context":"https:\/\/schema.org","@graph":[{"@type":"WebPage","@id":"https:\/\/trailrunadvisor.com\/it\/la-nostra-storia-2\/","url":"https:\/\/trailrunadvisor.com\/it\/la-nostra-storia-2\/","name":"La nostra storia - Trail Run Advisor","isPartOf":{"@id":"https:\/\/trailrunadvisor.com\/it\/#website"},"primaryImageOfPage":{"@id":"https:\/\/trailrunadvisor.com\/it\/la-nostra-storia-2\/#primaryimage"},"image":{"@id":"https:\/\/trailrunadvisor.com\/it\/la-nostra-storia-2\/#primaryimage"},"thumbnailUrl":"https:\/\/trailrunadvisor.com\/wp-content\/uploads\/2025\/05\/trailrun-01-1024x683.jpg","datePublished":"2025-05-08T09:56:41+00:00","dateModified":"2026-03-25T10:43:09+00:00","breadcrumb":{"@id":"https:\/\/trailrunadvisor.com\/it\/la-nostra-storia-2\/#breadcrumb"},"inLanguage":"it-IT","potentialAction":[{"@type":"ReadAction","target":["https:\/\/trailrunadvisor.com\/it\/la-nostra-storia-2\/"]}]},{"@type":"ImageObject","inLanguage":"it-IT","@id":"https:\/\/trailrunadvisor.com\/it\/la-nostra-storia-2\/#primaryimage","url":"https:\/\/trailrunadvisor.com\/wp-content\/uploads\/2025\/05\/trailrun-01-1024x683.jpg","contentUrl":"https:\/\/trailrunadvisor.com\/wp-content\/uploads\/2025\/05\/trailrun-01-1024x683.jpg"},{"@type":"BreadcrumbList","@id":"https:\/\/trailrunadvisor.com\/it\/la-nostra-storia-2\/#breadcrumb","itemListElement":[{"@type":"ListItem","position":1,"name":"Home","item":"https:\/\/trailrunadvisor.com\/it\/"},{"@type":"ListItem","position":2,"name":"La nostra storia"}]},{"@type":"WebSite","@id":"https:\/\/trailrunadvisor.com\/it\/#website","url":"https:\/\/trailrunadvisor.com\/it\/","name":"Trail Run Advisor","description":"","publisher":{"@id":"https:\/\/trailrunadvisor.com\/it\/#organization"},"potentialAction":[{"@type":"SearchAction","target":{"@type":"EntryPoint","urlTemplate":"https:\/\/trailrunadvisor.com\/it\/?s={search_term_string}"},"query-input":{"@type":"PropertyValueSpecification","valueRequired":true,"valueName":"search_term_string"}}],"inLanguage":"it-IT"},{"@type":"Organization","@id":"https:\/\/trailrunadvisor.com\/it\/#organization","name":"Trail Run Advisor","url":"https:\/\/trailrunadvisor.com\/it\/","logo":{"@type":"ImageObject","inLanguage":"it-IT","@id":"https:\/\/trailrunadvisor.com\/it\/#\/schema\/logo\/image\/","url":"https:\/\/trailrunadvisor.com\/wp-content\/uploads\/2023\/12\/logo-trailrunadvisor.png","contentUrl":"https:\/\/trailrunadvisor.com\/wp-content\/uploads\/2023\/12\/logo-trailrunadvisor.png","width":613,"height":80,"caption":"Trail Run Advisor"},"image":{"@id":"https:\/\/trailrunadvisor.com\/it\/#\/schema\/logo\/image\/"},"sameAs":["https:\/\/www.facebook.com\/profile.php?id=61554747731790&mibextid=9R9pXO","https:\/\/www.instagram.com\/trailrunadvisor\/"]}]}},"_links":{"self":[{"href":"https:\/\/trailrunadvisor.com\/it\/wp-json\/wp\/v2\/pages\/13292","targetHints":{"allow":["GET"]}}],"collection":[{"href":"https:\/\/trailrunadvisor.com\/it\/wp-json\/wp\/v2\/pages"}],"about":[{"href":"https:\/\/trailrunadvisor.com\/it\/wp-json\/wp\/v2\/types\/page"}],"author":[{"embeddable":true,"href":"https:\/\/trailrunadvisor.com\/it\/wp-json\/wp\/v2\/users\/1"}],"replies":[{"embeddable":true,"href":"https:\/\/trailrunadvisor.com\/it\/wp-json\/wp\/v2\/comments?post=13292"}],"version-history":[{"count":2,"href":"https:\/\/trailrunadvisor.com\/it\/wp-json\/wp\/v2\/pages\/13292\/revisions"}],"predecessor-version":[{"id":16796,"href":"https:\/\/trailrunadvisor.com\/it\/wp-json\/wp\/v2\/pages\/13292\/revisions\/16796"}],"wp:attachment":[{"href":"https:\/\/trailrunadvisor.com\/it\/wp-json\/wp\/v2\/media?parent=13292"}],"curies":[{"name":"wp","href":"https:\/\/api.w.org\/{rel}","templated":true}]}}