{"id":18892,"date":"2026-04-20T13:02:48","date_gmt":"2026-04-20T11:02:48","guid":{"rendered":"https:\/\/trailrunadvisor.com\/le-gare-piu-votate\/"},"modified":"2026-04-20T17:00:34","modified_gmt":"2026-04-20T15:00:34","slug":"le-gare-piu-votate","status":"publish","type":"page","link":"https:\/\/trailrunadvisor.com\/it\/le-gare-piu-votate\/","title":{"rendered":"Le gare pi\u00f9 votate"},"content":{"rendered":"\t\t<div data-elementor-type=\"wp-page\" data-elementor-id=\"18892\" class=\"elementor elementor-18892 elementor-18489\" data-elementor-post-type=\"page\">\n\t\t\t\t<div class=\"elementor-element elementor-element-55c87f7 e-flex e-con-boxed e-con e-parent\" data-id=\"55c87f7\" data-element_type=\"container\">\n\t\t\t\t\t<div class=\"e-con-inner\">\n\t\t\t\t<div class=\"elementor-element elementor-element-da29a11 elementor-widget elementor-widget-heading\" data-id=\"da29a11\" data-element_type=\"widget\" data-widget_type=\"heading.default\">\n\t\t\t\t<div class=\"elementor-widget-container\">\n\t\t\t\t\t<h1 class=\"elementor-heading-title elementor-size-default\">gare pi\u00f9 votate<\/h1>\t\t\t\t<\/div>\n\t\t\t\t<\/div>\n\t\t<div class=\"elementor-element elementor-element-3defd5f e-con-full e-flex e-con e-child\" data-id=\"3defd5f\" data-element_type=\"container\">\n\t\t\t\t<div class=\"elementor-element elementor-element-7963b39 elementor-widget__width-initial elementor-widget elementor-widget-text-editor\" data-id=\"7963b39\" data-element_type=\"widget\" data-widget_type=\"text-editor.default\">\n\t\t\t\t<div class=\"elementor-widget-container\">\n\t\t\t\t\t\t\t\t\t<p>Esplora una selezione curata delle gare di trail pi\u00f9 quotate al mondo, scelte in base ai feedback dei corridori reali, alla qualit\u00e0 del percorso e all&#8217;esperienza complessiva. Dalle iconiche gare ultras di montagna alle gemme nascoste, questi eventi si distinguono per l&#8217;organizzazione, l&#8217;atmosfera e i paesaggi indimenticabili. Che tu sia alla ricerca della performance o dell&#8217;avventura, queste sono le gare che ti danno sempre il massimo.  <\/p>\t\t\t\t\t\t\t\t<\/div>\n\t\t\t\t<\/div>\n\t\t\t\t<div class=\"elementor-element elementor-element-d6b7685 elementor-widget elementor-widget-image\" data-id=\"d6b7685\" data-element_type=\"widget\" data-widget_type=\"image.default\">\n\t\t\t\t<div class=\"elementor-widget-container\">\n\t\t\t\t\t\t\t\t\t\t\t\t\t\t\t<img fetchpriority=\"high\" decoding=\"async\" width=\"240\" height=\"300\" src=\"https:\/\/trailrunadvisor.com\/wp-content\/uploads\/2026\/04\/Top-Rated-Race-badge-240x300.png\" class=\"attachment-medium size-medium wp-image-18475 has-transparency\" alt=\"\" srcset=\"https:\/\/trailrunadvisor.com\/wp-content\/uploads\/2026\/04\/Top-Rated-Race-badge-240x300.png 240w, https:\/\/trailrunadvisor.com\/wp-content\/uploads\/2026\/04\/Top-Rated-Race-badge-819x1024.png 819w, https:\/\/trailrunadvisor.com\/wp-content\/uploads\/2026\/04\/Top-Rated-Race-badge-768x960.png 768w, https:\/\/trailrunadvisor.com\/wp-content\/uploads\/2026\/04\/Top-Rated-Race-badge.png 1080w\" sizes=\"(max-width: 240px) 100vw, 240px\" data-has-transparency=\"true\" data-dominant-color=\"2fcb92\" style=\"--dominant-color: #2fcb92\" \/>\t\t\t\t\t\t\t\t\t\t\t\t\t\t\t<\/div>\n\t\t\t\t<\/div>\n\t\t\t\t<\/div>\n\t\t<div class=\"elementor-element elementor-element-7bfeb49 e-con-full e-flex e-con e-child\" data-id=\"7bfeb49\" data-element_type=\"container\">\n\t\t\t\t<div class=\"elementor-element elementor-element-47d9647 elementor-grid-1 elementor-widget__width-initial news-first-loop elementor-grid-tablet-1 elementor-grid-mobile-1 elementor-widget elementor-widget-loop-grid\" data-id=\"47d9647\" data-element_type=\"widget\" data-settings=\"{&quot;template_id&quot;:11264,&quot;columns&quot;:1,&quot;row_gap&quot;:{&quot;unit&quot;:&quot;px&quot;,&quot;size&quot;:20,&quot;sizes&quot;:[]},&quot;columns_tablet&quot;:1,&quot;columns_mobile&quot;:1,&quot;_skin&quot;:&quot;post&quot;,&quot;edit_handle_selector&quot;:&quot;[data-elementor-type=\\&quot;loop-item\\&quot;]&quot;,&quot;row_gap_laptop&quot;:{&quot;unit&quot;:&quot;px&quot;,&quot;size&quot;:&quot;&quot;,&quot;sizes&quot;:[]},&quot;row_gap_tablet&quot;:{&quot;unit&quot;:&quot;px&quot;,&quot;size&quot;:&quot;&quot;,&quot;sizes&quot;:[]},&quot;row_gap_mobile&quot;:{&quot;unit&quot;:&quot;px&quot;,&quot;size&quot;:&quot;&quot;,&quot;sizes&quot;:[]}}\" data-widget_type=\"loop-grid.post\">\n\t\t\t\t<div class=\"elementor-widget-container\">\n\t\t\t\t\t\t\t<div class=\"e-loop-nothing-found-message\">\n\t\t<\/div>\n\t\t\t\t\t\t<\/div>\n\t\t\t\t<\/div>\n\t\t\t\t<div class=\"elementor-element elementor-element-8759461 elementor-grid-1 elementor-widget__width-initial elementor-grid-tablet-1 elementor-grid-mobile-1 elementor-widget elementor-widget-loop-grid\" data-id=\"8759461\" data-element_type=\"widget\" data-settings=\"{&quot;template_id&quot;:11264,&quot;columns&quot;:1,&quot;row_gap&quot;:{&quot;unit&quot;:&quot;px&quot;,&quot;size&quot;:20,&quot;sizes&quot;:[]},&quot;columns_tablet&quot;:1,&quot;alternate_template&quot;:&quot;yes&quot;,&quot;_skin&quot;:&quot;post&quot;,&quot;columns_mobile&quot;:&quot;1&quot;,&quot;edit_handle_selector&quot;:&quot;[data-elementor-type=\\&quot;loop-item\\&quot;]&quot;,&quot;row_gap_laptop&quot;:{&quot;unit&quot;:&quot;px&quot;,&quot;size&quot;:&quot;&quot;,&quot;sizes&quot;:[]},&quot;row_gap_tablet&quot;:{&quot;unit&quot;:&quot;px&quot;,&quot;size&quot;:&quot;&quot;,&quot;sizes&quot;:[]},&quot;row_gap_mobile&quot;:{&quot;unit&quot;:&quot;px&quot;,&quot;size&quot;:&quot;&quot;,&quot;sizes&quot;:[]}}\" data-widget_type=\"loop-grid.post\">\n\t\t\t\t<div class=\"elementor-widget-container\">\n\t\t\t\t\t\t\t<div class=\"e-loop-nothing-found-message\">\n\t\t<\/div>\n\t\t\t\t\t\t<\/div>\n\t\t\t\t<\/div>\n\t\t\t\t<\/div>\n\t\t\t\t\t<\/div>\n\t\t\t\t<\/div>\n\t\t<div class=\"elementor-element elementor-element-5d1ee08 e-flex e-con-boxed e-con e-parent\" data-id=\"5d1ee08\" data-element_type=\"container\">\n\t\t\t\t\t<div class=\"e-con-inner\">\n\t\t\t\t<div class=\"elementor-element elementor-element-b0ca882 elementor-grid-3 elementor-grid-tablet-2 elementor-grid-mobile-1 elementor-widget elementor-widget-loop-grid\" data-id=\"b0ca882\" data-element_type=\"widget\" data-settings=\"{&quot;template_id&quot;:11389,&quot;row_gap&quot;:{&quot;unit&quot;:&quot;px&quot;,&quot;size&quot;:20,&quot;sizes&quot;:[]},&quot;pagination_type&quot;:&quot;numbers&quot;,&quot;_skin&quot;:&quot;post&quot;,&quot;columns&quot;:&quot;3&quot;,&quot;columns_tablet&quot;:&quot;2&quot;,&quot;columns_mobile&quot;:&quot;1&quot;,&quot;edit_handle_selector&quot;:&quot;[data-elementor-type=\\&quot;loop-item\\&quot;]&quot;,&quot;pagination_load_type&quot;:&quot;page_reload&quot;,&quot;row_gap_laptop&quot;:{&quot;unit&quot;:&quot;px&quot;,&quot;size&quot;:&quot;&quot;,&quot;sizes&quot;:[]},&quot;row_gap_tablet&quot;:{&quot;unit&quot;:&quot;px&quot;,&quot;size&quot;:&quot;&quot;,&quot;sizes&quot;:[]},&quot;row_gap_mobile&quot;:{&quot;unit&quot;:&quot;px&quot;,&quot;size&quot;:&quot;&quot;,&quot;sizes&quot;:[]}}\" data-widget_type=\"loop-grid.post\">\n\t\t\t\t<div class=\"elementor-widget-container\">\n\t\t\t\t\t\t\t<div class=\"e-loop-nothing-found-message\">\n\t\t<\/div>\n\t\t\t\t\t\t<\/div>\n\t\t\t\t<\/div>\n\t\t\t\t\t<\/div>\n\t\t\t\t<\/div>\n\t\t\t\t<\/div>\n\t\t","protected":false},"excerpt":{"rendered":"<p>gare pi\u00f9 votate Esplora una selezione curata delle gare di trail pi\u00f9 quotate al mondo, scelte in base ai feedback dei corridori reali, alla qualit\u00e0 del percorso e all&#8217;esperienza complessiva. Dalle iconiche gare ultras di montagna alle gemme nascoste, questi eventi si distinguono per l&#8217;organizzazione, l&#8217;atmosfera e i paesaggi indimenticabili. Che tu sia alla ricerca [&hellip;]<\/p>\n","protected":false},"author":4334,"featured_media":0,"parent":0,"menu_order":0,"comment_status":"closed","ping_status":"closed","template":"","meta":{"_acf_changed":false,"footnotes":""},"class_list":["post-18892","page","type-page","status-publish","hentry"],"acf":[],"yoast_head":"<!-- This site is optimized with the Yoast SEO plugin v26.8 - https:\/\/yoast.com\/product\/yoast-seo-wordpress\/ -->\n<title>Le gare pi\u00f9 votate - Trail Run Advisor<\/title>\n<meta name=\"description\" content=\"Scopri le migliori gare di trail di tutto il mondo. Scopri le recensioni dei corridori, i percorsi iconici e gli eventi imperdibili noti per l&#039;organizzazione eccezionale e i paesaggi indimenticabili.\" \/>\n<meta name=\"robots\" content=\"noindex, nofollow\" \/>\n<meta property=\"og:locale\" content=\"it_IT\" \/>\n<meta property=\"og:type\" content=\"article\" \/>\n<meta property=\"og:title\" content=\"Le gare pi\u00f9 votate - Trail Run Advisor\" \/>\n<meta property=\"og:description\" content=\"Scopri le migliori gare di trail di tutto il mondo. Scopri le recensioni dei corridori, i percorsi iconici e gli eventi imperdibili noti per l&#039;organizzazione eccezionale e i paesaggi indimenticabili.\" \/>\n<meta property=\"og:url\" content=\"https:\/\/trailrunadvisor.com\/it\/le-gare-piu-votate\/\" \/>\n<meta property=\"og:site_name\" content=\"Trail Run Advisor\" \/>\n<meta property=\"article:publisher\" content=\"https:\/\/www.facebook.com\/profile.php?id=61554747731790&amp;mibextid=9R9pXO\" \/>\n<meta property=\"article:modified_time\" content=\"2026-04-20T15:00:34+00:00\" \/>\n<meta property=\"og:image\" content=\"https:\/\/trailrunadvisor.com\/wp-content\/uploads\/2026\/04\/Top-Rated-Race-badge.png\" \/>\n\t<meta property=\"og:image:width\" content=\"1080\" \/>\n\t<meta property=\"og:image:height\" content=\"1350\" \/>\n\t<meta property=\"og:image:type\" content=\"image\/png\" \/>\n<meta name=\"twitter:card\" content=\"summary_large_image\" \/>\n<!-- \/ Yoast SEO plugin. -->","yoast_head_json":{"title":"Le gare pi\u00f9 votate - Trail Run Advisor","description":"Scopri le migliori gare di trail di tutto il mondo. Scopri le recensioni dei corridori, i percorsi iconici e gli eventi imperdibili noti per l'organizzazione eccezionale e i paesaggi indimenticabili.","robots":{"index":"noindex","follow":"nofollow"},"og_locale":"it_IT","og_type":"article","og_title":"Le gare pi\u00f9 votate - Trail Run Advisor","og_description":"Scopri le migliori gare di trail di tutto il mondo. Scopri le recensioni dei corridori, i percorsi iconici e gli eventi imperdibili noti per l'organizzazione eccezionale e i paesaggi indimenticabili.","og_url":"https:\/\/trailrunadvisor.com\/it\/le-gare-piu-votate\/","og_site_name":"Trail Run Advisor","article_publisher":"https:\/\/www.facebook.com\/profile.php?id=61554747731790&mibextid=9R9pXO","article_modified_time":"2026-04-20T15:00:34+00:00","og_image":[{"width":1080,"height":1350,"url":"https:\/\/trailrunadvisor.com\/wp-content\/uploads\/2026\/04\/Top-Rated-Race-badge.png","type":"image\/png"}],"twitter_card":"summary_large_image","schema":{"@context":"https:\/\/schema.org","@graph":[{"@type":"WebPage","@id":"https:\/\/trailrunadvisor.com\/it\/le-gare-piu-votate\/","url":"https:\/\/trailrunadvisor.com\/it\/le-gare-piu-votate\/","name":"Le gare pi\u00f9 votate - Trail Run Advisor","isPartOf":{"@id":"https:\/\/trailrunadvisor.com\/it\/#website"},"primaryImageOfPage":{"@id":"https:\/\/trailrunadvisor.com\/it\/le-gare-piu-votate\/#primaryimage"},"image":{"@id":"https:\/\/trailrunadvisor.com\/it\/le-gare-piu-votate\/#primaryimage"},"thumbnailUrl":"https:\/\/trailrunadvisor.com\/wp-content\/uploads\/2026\/04\/Top-Rated-Race-badge-240x300.png","datePublished":"2026-04-20T11:02:48+00:00","dateModified":"2026-04-20T15:00:34+00:00","description":"Scopri le migliori gare di trail di tutto il mondo. Scopri le recensioni dei corridori, i percorsi iconici e gli eventi imperdibili noti per l'organizzazione eccezionale e i paesaggi indimenticabili.","breadcrumb":{"@id":"https:\/\/trailrunadvisor.com\/it\/le-gare-piu-votate\/#breadcrumb"},"inLanguage":"it-IT","potentialAction":[{"@type":"ReadAction","target":["https:\/\/trailrunadvisor.com\/it\/le-gare-piu-votate\/"]}]},{"@type":"ImageObject","inLanguage":"it-IT","@id":"https:\/\/trailrunadvisor.com\/it\/le-gare-piu-votate\/#primaryimage","url":"https:\/\/trailrunadvisor.com\/wp-content\/uploads\/2026\/04\/Top-Rated-Race-badge-240x300.png","contentUrl":"https:\/\/trailrunadvisor.com\/wp-content\/uploads\/2026\/04\/Top-Rated-Race-badge-240x300.png"},{"@type":"BreadcrumbList","@id":"https:\/\/trailrunadvisor.com\/it\/le-gare-piu-votate\/#breadcrumb","itemListElement":[{"@type":"ListItem","position":1,"name":"Home","item":"https:\/\/trailrunadvisor.com\/it\/"},{"@type":"ListItem","position":2,"name":"Le gare pi\u00f9 votate"}]},{"@type":"WebSite","@id":"https:\/\/trailrunadvisor.com\/it\/#website","url":"https:\/\/trailrunadvisor.com\/it\/","name":"Trail Run Advisor","description":"","publisher":{"@id":"https:\/\/trailrunadvisor.com\/it\/#organization"},"potentialAction":[{"@type":"SearchAction","target":{"@type":"EntryPoint","urlTemplate":"https:\/\/trailrunadvisor.com\/it\/?s={search_term_string}"},"query-input":{"@type":"PropertyValueSpecification","valueRequired":true,"valueName":"search_term_string"}}],"inLanguage":"it-IT"},{"@type":"Organization","@id":"https:\/\/trailrunadvisor.com\/it\/#organization","name":"Trail Run Advisor","url":"https:\/\/trailrunadvisor.com\/it\/","logo":{"@type":"ImageObject","inLanguage":"it-IT","@id":"https:\/\/trailrunadvisor.com\/it\/#\/schema\/logo\/image\/","url":"https:\/\/trailrunadvisor.com\/wp-content\/uploads\/2023\/12\/logo-trailrunadvisor.png","contentUrl":"https:\/\/trailrunadvisor.com\/wp-content\/uploads\/2023\/12\/logo-trailrunadvisor.png","width":613,"height":80,"caption":"Trail Run Advisor"},"image":{"@id":"https:\/\/trailrunadvisor.com\/it\/#\/schema\/logo\/image\/"},"sameAs":["https:\/\/www.facebook.com\/profile.php?id=61554747731790&mibextid=9R9pXO","https:\/\/www.instagram.com\/trailrunadvisor\/"]}]}},"_links":{"self":[{"href":"https:\/\/trailrunadvisor.com\/it\/wp-json\/wp\/v2\/pages\/18892","targetHints":{"allow":["GET"]}}],"collection":[{"href":"https:\/\/trailrunadvisor.com\/it\/wp-json\/wp\/v2\/pages"}],"about":[{"href":"https:\/\/trailrunadvisor.com\/it\/wp-json\/wp\/v2\/types\/page"}],"author":[{"embeddable":true,"href":"https:\/\/trailrunadvisor.com\/it\/wp-json\/wp\/v2\/users\/4334"}],"replies":[{"embeddable":true,"href":"https:\/\/trailrunadvisor.com\/it\/wp-json\/wp\/v2\/comments?post=18892"}],"version-history":[{"count":2,"href":"https:\/\/trailrunadvisor.com\/it\/wp-json\/wp\/v2\/pages\/18892\/revisions"}],"predecessor-version":[{"id":18897,"href":"https:\/\/trailrunadvisor.com\/it\/wp-json\/wp\/v2\/pages\/18892\/revisions\/18897"}],"wp:attachment":[{"href":"https:\/\/trailrunadvisor.com\/it\/wp-json\/wp\/v2\/media?parent=18892"}],"curies":[{"name":"wp","href":"https:\/\/api.w.org\/{rel}","templated":true}]}}