{"id":9350,"date":"2023-12-21T16:32:35","date_gmt":"2023-12-21T15:32:35","guid":{"rendered":"https:\/\/trailrunadvisor.com\/avviso-legale\/"},"modified":"2025-03-14T08:09:57","modified_gmt":"2025-03-14T07:09:57","slug":"avviso-legale","status":"publish","type":"page","link":"https:\/\/trailrunadvisor.com\/it\/avviso-legale\/","title":{"rendered":"Avviso legale"},"content":{"rendered":"\t\t<div data-elementor-type=\"wp-page\" data-elementor-id=\"9350\" class=\"elementor elementor-9350 elementor-5912\" data-elementor-post-type=\"page\">\n\t\t\t\t<div class=\"elementor-element elementor-element-8fe8f1e e-flex e-con-boxed e-con e-parent\" data-id=\"8fe8f1e\" data-element_type=\"container\">\n\t\t\t\t\t<div class=\"e-con-inner\">\n\t\t\t\t<div class=\"elementor-element elementor-element-67c0047 elementor-widget elementor-widget-heading\" data-id=\"67c0047\" data-element_type=\"widget\" data-widget_type=\"heading.default\">\n\t\t\t\t<div class=\"elementor-widget-container\">\n\t\t\t\t\t<h3 class=\"elementor-heading-title elementor-size-default\">Produzione tecnica<\/h3>\t\t\t\t<\/div>\n\t\t\t\t<\/div>\n\t\t\t\t<div class=\"elementor-element elementor-element-66e9803 elementor-widget elementor-widget-text-editor\" data-id=\"66e9803\" data-element_type=\"widget\" data-widget_type=\"text-editor.default\">\n\t\t\t\t<div class=\"elementor-widget-container\">\n\t\t\t\t\t\t\t\t\t<p>COQPIT<\/p><p>5 rue Valentin Hauy,<\/p><p>63000 Clermont-Ferrand<\/p><p>Telefono : 04 73 38 67 25<\/p><p>Sito web: <a href=\"https:\/\/www.coqpit.fr\/\">www.coqpit.fr<\/a><\/p>\t\t\t\t\t\t\t\t<\/div>\n\t\t\t\t<\/div>\n\t\t\t\t\t<\/div>\n\t\t\t\t<\/div>\n\t\t<div class=\"elementor-element elementor-element-4d7d013 e-flex e-con-boxed e-con e-parent\" data-id=\"4d7d013\" data-element_type=\"container\">\n\t\t\t\t\t<div class=\"e-con-inner\">\n\t\t\t\t<div class=\"elementor-element elementor-element-c5a19a7 elementor-widget elementor-widget-heading\" data-id=\"c5a19a7\" data-element_type=\"widget\" data-widget_type=\"heading.default\">\n\t\t\t\t<div class=\"elementor-widget-container\">\n\t\t\t\t\t<h3 class=\"elementor-heading-title elementor-size-default\">Ospite<\/h3>\t\t\t\t<\/div>\n\t\t\t\t<\/div>\n\t\t\t\t<div class=\"elementor-element elementor-element-4b06258 elementor-widget elementor-widget-text-editor\" data-id=\"4b06258\" data-element_type=\"widget\" data-widget_type=\"text-editor.default\">\n\t\t\t\t<div class=\"elementor-widget-container\">\n\t\t\t\t\t\t\t\t\t<p>SCALEWAY SAS<\/p><p>75366 PARIS CEDEX 08<\/p><p>FRANCIA<\/p>\t\t\t\t\t\t\t\t<\/div>\n\t\t\t\t<\/div>\n\t\t\t\t\t<\/div>\n\t\t\t\t<\/div>\n\t\t<div class=\"elementor-element elementor-element-e3c26ce e-flex e-con-boxed e-con e-parent\" data-id=\"e3c26ce\" data-element_type=\"container\">\n\t\t\t\t\t<div class=\"e-con-inner\">\n\t\t\t\t<div class=\"elementor-element elementor-element-b62b511 elementor-widget elementor-widget-heading\" data-id=\"b62b511\" data-element_type=\"widget\" data-widget_type=\"heading.default\">\n\t\t\t\t<div class=\"elementor-widget-container\">\n\t\t\t\t\t<h3 class=\"elementor-heading-title elementor-size-default\">Trattamento dei dati personali<\/h3>\t\t\t\t<\/div>\n\t\t\t\t<\/div>\n\t\t\t\t<div class=\"elementor-element elementor-element-c414152 elementor-widget elementor-widget-text-editor\" data-id=\"c414152\" data-element_type=\"widget\" data-widget_type=\"text-editor.default\">\n\t\t\t\t<div class=\"elementor-widget-container\">\n\t\t\t\t\t\t\t\t\t<p>I dati personali non vengono memorizzati dal sito web. Tutti i dati inviati tramite i moduli vengono trasmessi alle varie organizzazioni che si impegnano a rispettare i dati personali e a elaborare la tua richiesta. In conformit\u00e0 con la pianificazione del regolamento europeo sui dati personali, puoi fare una richiesta tramite il modulo di contatto per richiedere la cancellazione dei tuoi dati personali.  <\/p>\t\t\t\t\t\t\t\t<\/div>\n\t\t\t\t<\/div>\n\t\t\t\t\t<\/div>\n\t\t\t\t<\/div>\n\t\t<div class=\"elementor-element elementor-element-4805b76 e-flex e-con-boxed e-con e-parent\" data-id=\"4805b76\" data-element_type=\"container\">\n\t\t\t\t\t<div class=\"e-con-inner\">\n\t\t\t\t<div class=\"elementor-element elementor-element-2affd2b elementor-widget elementor-widget-heading\" data-id=\"2affd2b\" data-element_type=\"widget\" data-widget_type=\"heading.default\">\n\t\t\t\t<div class=\"elementor-widget-container\">\n\t\t\t\t\t<h3 class=\"elementor-heading-title elementor-size-default\">Copyright<\/h3>\t\t\t\t<\/div>\n\t\t\t\t<\/div>\n\t\t\t\t<div class=\"elementor-element elementor-element-93a085e elementor-widget elementor-widget-text-editor\" data-id=\"93a085e\" data-element_type=\"widget\" data-widget_type=\"text-editor.default\">\n\t\t\t\t<div class=\"elementor-widget-container\">\n\t\t\t\t\t\t\t\t\t<p>Tutti i marchi, le fotografie, i testi, i commenti, le illustrazioni, le immagini animate e non, le sequenze video, i suoni, nonch\u00e9 tutte le applicazioni informatiche che possono essere utilizzate per il funzionamento di questo sito e, pi\u00f9 in generale, tutti gli elementi riprodotti o utilizzati sul sito sono protetti dalle leggi vigenti in materia di propriet\u00e0 intellettuale. Essi sono di piena e completa propriet\u00e0 dell&#8217;editore o dei suoi partner. La riproduzione di tutto o parte di questo sito su supporto cartaceo o elettronico \u00e8 autorizzata solo per uso personale e privato in conformit\u00e0 con le disposizioni del Codice della Propriet\u00e0 Intellettuale.  <\/p><p>Queste riproduzioni devono citare in modo chiaro e leggibile la fonte e l&#8217;autore del sito. In nessun caso tali riproduzioni possono recare pregiudizio agli autori. Le fotografie, i testi, i loghi, i pittogrammi e tutte le opere dell&#8217;ingegno presenti su questo sito sono di propriet\u00e0 di Trail Run Advisor o di terzi che ne hanno autorizzato l&#8217;uso. Invia la tua richiesta tramite il modulo di contatto per essere autorizzato a utilizzare i contenuti del sito.   <\/p>\t\t\t\t\t\t\t\t<\/div>\n\t\t\t\t<\/div>\n\t\t\t\t\t<\/div>\n\t\t\t\t<\/div>\n\t\t<div class=\"elementor-element elementor-element-3c948a5 e-flex e-con-boxed e-con e-parent\" data-id=\"3c948a5\" data-element_type=\"container\">\n\t\t\t\t\t<div class=\"e-con-inner\">\n\t\t\t\t<div class=\"elementor-element elementor-element-91eb845 elementor-widget elementor-widget-heading\" data-id=\"91eb845\" data-element_type=\"widget\" data-widget_type=\"heading.default\">\n\t\t\t\t<div class=\"elementor-widget-container\">\n\t\t\t\t\t<h3 class=\"elementor-heading-title elementor-size-default\">Link a siti web di terze parti<\/h3>\t\t\t\t<\/div>\n\t\t\t\t<\/div>\n\t\t\t\t<div class=\"elementor-element elementor-element-4de5d9c elementor-widget elementor-widget-text-editor\" data-id=\"4de5d9c\" data-element_type=\"widget\" data-widget_type=\"text-editor.default\">\n\t\t\t\t<div class=\"elementor-widget-container\">\n\t\t\t\t\t\t\t\t\t<p>Sul sito web di Trail Run Advisor possono comparire collegamenti ipertestuali che conducono ad altri servizi o siti web, inclusi i partner di Trail Run Advisor. Poich\u00e9 Trail Run Advisor non pu\u00f2 controllare il contenuto di questi servizi o siti web, gli utenti riconoscono che Trail Run Advisor non pu\u00f2 essere ritenuto responsabile per i prodotti, i servizi e le informazioni disponibili su e\/o da questi servizi o siti web. Qualsiasi informazione accessibile tramite un link ad altri siti non \u00e8 sotto il controllo di Trail Run Advisor, che declina ogni responsabilit\u00e0 per il loro contenuto. Trail Run Advisor \u00e8 libero di modificare l&#8217;elenco dei suoi partner in qualsiasi momento.   <\/p>\t\t\t\t\t\t\t\t<\/div>\n\t\t\t\t<\/div>\n\t\t\t\t\t<\/div>\n\t\t\t\t<\/div>\n\t\t<div class=\"elementor-element elementor-element-ac240a4 e-flex e-con-boxed e-con e-parent\" data-id=\"ac240a4\" data-element_type=\"container\">\n\t\t\t\t\t<div class=\"e-con-inner\">\n\t\t\t\t<div class=\"elementor-element elementor-element-ed09250 elementor-widget elementor-widget-heading\" data-id=\"ed09250\" data-element_type=\"widget\" data-widget_type=\"heading.default\">\n\t\t\t\t<div class=\"elementor-widget-container\">\n\t\t\t\t\t<h3 class=\"elementor-heading-title elementor-size-default\">Responsabilit\u00e0<\/h3>\t\t\t\t<\/div>\n\t\t\t\t<\/div>\n\t\t\t\t<div class=\"elementor-element elementor-element-7cea9c7 elementor-widget elementor-widget-text-editor\" data-id=\"7cea9c7\" data-element_type=\"widget\" data-widget_type=\"text-editor.default\">\n\t\t\t\t<div class=\"elementor-widget-container\">\n\t\t\t\t\t\t\t\t\t<p>Trail Run Advisor non pu\u00f2 essere ritenuto responsabile per qualsiasi danno diretto o indiretto derivante da un&#8217;interruzione, un malfunzionamento di qualsiasi tipo, una sospensione dell&#8217;accesso a questi collegamenti ipertestuali &#8211; per qualsiasi motivo &#8211; o per qualsiasi danno diretto o indiretto che derivi in qualsiasi modo dalla connessione ad essi.<\/p><p>Trail Run Advisor si impegna a garantire, al meglio delle sue possibilit\u00e0, l&#8217;accuratezza e la correttezza delle informazioni disponibili su questo sito. Tuttavia, ci\u00f2 non esclude la presenza di errori tipografici o altre imprecisioni. Qualsiasi errore o informazione errata trovata sul sito pu\u00f2 essere solo accidentale. Trail Run Advisor si riserva il diritto di modificare tali errori in qualsiasi momento e senza preavviso.   <\/p>\t\t\t\t\t\t\t\t<\/div>\n\t\t\t\t<\/div>\n\t\t\t\t\t<\/div>\n\t\t\t\t<\/div>\n\t\t<div class=\"elementor-element elementor-element-e056e51 e-flex e-con-boxed e-con e-parent\" data-id=\"e056e51\" data-element_type=\"container\">\n\t\t\t\t\t<div class=\"e-con-inner\">\n\t\t\t\t<div class=\"elementor-element elementor-element-2196c9a elementor-widget elementor-widget-heading\" data-id=\"2196c9a\" data-element_type=\"widget\" data-widget_type=\"heading.default\">\n\t\t\t\t<div class=\"elementor-widget-container\">\n\t\t\t\t\t<h3 class=\"elementor-heading-title elementor-size-default\">Creazione di link in entrata<\/h3>\t\t\t\t<\/div>\n\t\t\t\t<\/div>\n\t\t\t\t<div class=\"elementor-element elementor-element-fc4f1a7 elementor-widget elementor-widget-text-editor\" data-id=\"fc4f1a7\" data-element_type=\"widget\" data-widget_type=\"text-editor.default\">\n\t\t\t\t<div class=\"elementor-widget-container\">\n\t\t\t\t\t\t\t\t\t<p>Trail Run Advisor autorizza la creazione di un link ipertestuale per tutti i siti, esclusi quelli che diffondono informazioni di natura controversa, pornografica o xenofoba o che possono offendere la sensibilit\u00e0 della maggioranza. Se non espressamente autorizzato, il link deve apparire in una nuova finestra e le pagine di questo sito non devono essere integrate nelle pagine di un altro sito. <\/p>\t\t\t\t\t\t\t\t<\/div>\n\t\t\t\t<\/div>\n\t\t\t\t\t<\/div>\n\t\t\t\t<\/div>\n\t\t\t\t<\/div>\n\t\t","protected":false},"excerpt":{"rendered":"<p>Produzione tecnica COQPIT 5 rue Valentin Hauy, 63000 Clermont-Ferrand Telefono : 04 73 38 67 25 Sito web: www.coqpit.fr Ospite SCALEWAY SAS 75366 PARIS CEDEX 08 FRANCIA Trattamento dei dati personali I dati personali non vengono memorizzati dal sito web. Tutti i dati inviati tramite i moduli vengono trasmessi alle varie organizzazioni che si impegnano [&hellip;]<\/p>\n","protected":false},"author":1,"featured_media":0,"parent":0,"menu_order":0,"comment_status":"closed","ping_status":"closed","template":"","meta":{"_acf_changed":false,"footnotes":""},"class_list":["post-9350","page","type-page","status-publish","hentry"],"acf":[],"yoast_head":"<!-- This site is optimized with the Yoast SEO plugin v26.8 - https:\/\/yoast.com\/product\/yoast-seo-wordpress\/ -->\n<title>Avviso legale - Trail Run Advisor<\/title>\n<meta name=\"robots\" content=\"noindex, nofollow\" \/>\n<meta property=\"og:locale\" content=\"it_IT\" \/>\n<meta property=\"og:type\" content=\"article\" \/>\n<meta property=\"og:title\" content=\"Avviso legale - Trail Run Advisor\" \/>\n<meta property=\"og:description\" content=\"Produzione tecnica COQPIT 5 rue Valentin Hauy, 63000 Clermont-Ferrand Telefono : 04 73 38 67 25 Sito web: www.coqpit.fr Ospite SCALEWAY SAS 75366 PARIS CEDEX 08 FRANCIA Trattamento dei dati personali I dati personali non vengono memorizzati dal sito web. Tutti i dati inviati tramite i moduli vengono trasmessi alle varie organizzazioni che si impegnano [&hellip;]\" \/>\n<meta property=\"og:url\" content=\"https:\/\/trailrunadvisor.com\/it\/avviso-legale\/\" \/>\n<meta property=\"og:site_name\" content=\"Trail Run Advisor\" \/>\n<meta property=\"article:publisher\" content=\"https:\/\/www.facebook.com\/profile.php?id=61554747731790&amp;mibextid=9R9pXO\" \/>\n<meta property=\"article:modified_time\" content=\"2025-03-14T07:09:57+00:00\" \/>\n<meta property=\"og:image\" content=\"https:\/\/trailrunadvisor.com\/wp-content\/uploads\/2023\/12\/logo-trailrunadvisor.png\" \/>\n\t<meta property=\"og:image:width\" content=\"613\" \/>\n\t<meta property=\"og:image:height\" content=\"80\" \/>\n\t<meta property=\"og:image:type\" content=\"image\/png\" \/>\n<meta name=\"twitter:card\" content=\"summary_large_image\" \/>\n<meta name=\"twitter:label1\" content=\"Tempo di lettura stimato\" \/>\n\t<meta name=\"twitter:data1\" content=\"3 minuti\" \/>\n<!-- \/ Yoast SEO plugin. -->","yoast_head_json":{"title":"Avviso legale - Trail Run Advisor","robots":{"index":"noindex","follow":"nofollow"},"og_locale":"it_IT","og_type":"article","og_title":"Avviso legale - Trail Run Advisor","og_description":"Produzione tecnica COQPIT 5 rue Valentin Hauy, 63000 Clermont-Ferrand Telefono : 04 73 38 67 25 Sito web: www.coqpit.fr Ospite SCALEWAY SAS 75366 PARIS CEDEX 08 FRANCIA Trattamento dei dati personali I dati personali non vengono memorizzati dal sito web. Tutti i dati inviati tramite i moduli vengono trasmessi alle varie organizzazioni che si impegnano [&hellip;]","og_url":"https:\/\/trailrunadvisor.com\/it\/avviso-legale\/","og_site_name":"Trail Run Advisor","article_publisher":"https:\/\/www.facebook.com\/profile.php?id=61554747731790&mibextid=9R9pXO","article_modified_time":"2025-03-14T07:09:57+00:00","og_image":[{"width":613,"height":80,"url":"https:\/\/trailrunadvisor.com\/wp-content\/uploads\/2023\/12\/logo-trailrunadvisor.png","type":"image\/png"}],"twitter_card":"summary_large_image","twitter_misc":{"Tempo di lettura stimato":"3 minuti"},"schema":{"@context":"https:\/\/schema.org","@graph":[{"@type":"WebPage","@id":"https:\/\/trailrunadvisor.com\/it\/avviso-legale\/","url":"https:\/\/trailrunadvisor.com\/it\/avviso-legale\/","name":"Avviso legale - Trail Run Advisor","isPartOf":{"@id":"https:\/\/trailrunadvisor.com\/it\/#website"},"datePublished":"2023-12-21T15:32:35+00:00","dateModified":"2025-03-14T07:09:57+00:00","breadcrumb":{"@id":"https:\/\/trailrunadvisor.com\/it\/avviso-legale\/#breadcrumb"},"inLanguage":"it-IT","potentialAction":[{"@type":"ReadAction","target":["https:\/\/trailrunadvisor.com\/it\/avviso-legale\/"]}]},{"@type":"BreadcrumbList","@id":"https:\/\/trailrunadvisor.com\/it\/avviso-legale\/#breadcrumb","itemListElement":[{"@type":"ListItem","position":1,"name":"Home","item":"https:\/\/trailrunadvisor.com\/it\/"},{"@type":"ListItem","position":2,"name":"Avviso legale"}]},{"@type":"WebSite","@id":"https:\/\/trailrunadvisor.com\/it\/#website","url":"https:\/\/trailrunadvisor.com\/it\/","name":"Trail Run Advisor","description":"","publisher":{"@id":"https:\/\/trailrunadvisor.com\/it\/#organization"},"potentialAction":[{"@type":"SearchAction","target":{"@type":"EntryPoint","urlTemplate":"https:\/\/trailrunadvisor.com\/it\/?s={search_term_string}"},"query-input":{"@type":"PropertyValueSpecification","valueRequired":true,"valueName":"search_term_string"}}],"inLanguage":"it-IT"},{"@type":"Organization","@id":"https:\/\/trailrunadvisor.com\/it\/#organization","name":"Trail Run Advisor","url":"https:\/\/trailrunadvisor.com\/it\/","logo":{"@type":"ImageObject","inLanguage":"it-IT","@id":"https:\/\/trailrunadvisor.com\/it\/#\/schema\/logo\/image\/","url":"https:\/\/trailrunadvisor.com\/wp-content\/uploads\/2023\/12\/logo-trailrunadvisor.png","contentUrl":"https:\/\/trailrunadvisor.com\/wp-content\/uploads\/2023\/12\/logo-trailrunadvisor.png","width":613,"height":80,"caption":"Trail Run Advisor"},"image":{"@id":"https:\/\/trailrunadvisor.com\/it\/#\/schema\/logo\/image\/"},"sameAs":["https:\/\/www.facebook.com\/profile.php?id=61554747731790&mibextid=9R9pXO","https:\/\/www.instagram.com\/trailrunadvisor\/"]}]}},"_links":{"self":[{"href":"https:\/\/trailrunadvisor.com\/it\/wp-json\/wp\/v2\/pages\/9350","targetHints":{"allow":["GET"]}}],"collection":[{"href":"https:\/\/trailrunadvisor.com\/it\/wp-json\/wp\/v2\/pages"}],"about":[{"href":"https:\/\/trailrunadvisor.com\/it\/wp-json\/wp\/v2\/types\/page"}],"author":[{"embeddable":true,"href":"https:\/\/trailrunadvisor.com\/it\/wp-json\/wp\/v2\/users\/1"}],"replies":[{"embeddable":true,"href":"https:\/\/trailrunadvisor.com\/it\/wp-json\/wp\/v2\/comments?post=9350"}],"version-history":[{"count":1,"href":"https:\/\/trailrunadvisor.com\/it\/wp-json\/wp\/v2\/pages\/9350\/revisions"}],"predecessor-version":[{"id":9351,"href":"https:\/\/trailrunadvisor.com\/it\/wp-json\/wp\/v2\/pages\/9350\/revisions\/9351"}],"wp:attachment":[{"href":"https:\/\/trailrunadvisor.com\/it\/wp-json\/wp\/v2\/media?parent=9350"}],"curies":[{"name":"wp","href":"https:\/\/api.w.org\/{rel}","templated":true}]}}