{"id":9956,"date":"2023-12-26T15:53:49","date_gmt":"2023-12-26T14:53:49","guid":{"rendered":"https:\/\/trailrunadvisor.com\/la-nostra-storia\/"},"modified":"2025-03-14T08:21:24","modified_gmt":"2025-03-14T07:21:24","slug":"la-nostra-storia","status":"publish","type":"page","link":"https:\/\/trailrunadvisor.com\/it\/la-nostra-storia\/","title":{"rendered":"La nostra storia"},"content":{"rendered":"\t\t<div data-elementor-type=\"wp-page\" data-elementor-id=\"9956\" class=\"elementor elementor-9956\" data-elementor-post-type=\"page\">\n\t\t\t\t<div class=\"elementor-element elementor-element-085bc8b e-flex e-con-boxed e-con e-parent\" data-id=\"085bc8b\" data-element_type=\"container\">\n\t\t\t\t\t<div class=\"e-con-inner\">\n\t\t\t\t<div class=\"elementor-element elementor-element-6b4a1f6 elementor-widget elementor-widget-heading\" data-id=\"6b4a1f6\" data-element_type=\"widget\" data-widget_type=\"heading.default\">\n\t\t\t\t<div class=\"elementor-widget-container\">\n\t\t\t\t\t<h1 class=\"elementor-heading-title elementor-size-default\">La nostra storia<\/h1>\t\t\t\t<\/div>\n\t\t\t\t<\/div>\n\t\t\t\t<div class=\"elementor-element elementor-element-11d2bfc elementor-widget elementor-widget-text-editor\" data-id=\"11d2bfc\" data-element_type=\"widget\" data-widget_type=\"text-editor.default\">\n\t\t\t\t<div class=\"elementor-widget-container\">\n\t\t\t\t\t\t\t\t\t<p>TrailRunAdvisor \u00e8 nato da un&#8217;idea semplice ma potente: creare una piattaforma completa per gli appassionati di trail che cercano recensioni e critiche di gare in tutto il mondo. Siamo un team di tre esperti trail runner con sede in Francia, uniti dalla nostra comune passione per il trail running. Per noi il trail running \u00e8 pi\u00f9 di uno sport: \u00e8 uno stile di vita, una fonte di avventura e una comunit\u00e0 a cui teniamo molto.  <\/p>\n<p><br><\/p>\n<p>L&#8217;ispirazione per TrailRunAdvisor \u00e8 nata dalle nostre esperienze personali. Pi\u00f9 volte ci siamo ritrovati a iscriverci a gare senza conoscere dettagli fondamentali: Quanto \u00e8 tecnico il percorso? Quali sfide dobbiamo aspettarci? Come si svolge la logistica? Ci siamo resi conto che avere maggiori informazioni su una gara in anticipo avrebbe giovato non solo a noi, ma all&#8217;intera comunit\u00e0 del trail running.    <o:p><\/o:p><\/p>\n<p><br><\/p>\t\t\t\t\t\t\t\t<\/div>\n\t\t\t\t<\/div>\n\t\t\t\t\t<\/div>\n\t\t\t\t<\/div>\n\t\t<div class=\"elementor-element elementor-element-bab2128 e-flex e-con-boxed e-con e-parent\" data-id=\"bab2128\" data-element_type=\"container\">\n\t\t\t\t\t<div class=\"e-con-inner\">\n\t\t<div class=\"elementor-element elementor-element-446750d e-con-full e-flex e-con e-child\" data-id=\"446750d\" data-element_type=\"container\">\n\t\t\t\t<div class=\"elementor-element elementor-element-ab1a930 elementor-widget elementor-widget-heading\" data-id=\"ab1a930\" data-element_type=\"widget\" data-widget_type=\"heading.default\">\n\t\t\t\t<div class=\"elementor-widget-container\">\n\t\t\t\t\t<h3 class=\"elementor-heading-title elementor-size-default\">Cosa ci distingue<\/h3>\t\t\t\t<\/div>\n\t\t\t\t<\/div>\n\t\t\t\t<div class=\"elementor-element elementor-element-26da63b elementor-widget elementor-widget-text-editor\" data-id=\"26da63b\" data-element_type=\"widget\" data-widget_type=\"text-editor.default\">\n\t\t\t\t<div class=\"elementor-widget-container\">\n\t\t\t\t\t\t\t\t\t<ul><li><span style=\"color: #00a97a;\"><strong>Recensioni autentiche:<\/strong><\/span> Le nostre recensioni sono scritte da trail runner, per i trail runner. Crediamo nel potere delle esperienze autentiche e le nostre recensioni riflettono le vere sfide, i trionfi e gli aspetti unici di ogni gara. <br><br><\/li><li><span style=\"color: #00a97a;\"><strong>Prospettiva globale:<\/strong><\/span> Che tu sia un trail runner esperto o un principiante alla ricerca della gara perfetta, ti copriamo noi. Il nostro team \u00e8 presente in tutto il mondo e ti fornisce informazioni sulle gare di trail dalle montagne innevate alle foreste lussureggianti e ai mari turchesi, e tutto ci\u00f2 che c&#8217;\u00e8 in mezzo, in tutto il mondo. <br><br><\/li><li><span style=\"color: #00a97a;\"><strong>Informazioni complete:<\/strong><\/span> TrailRunAdvisor vuole essere il tuo punto di riferimento quando cerchi una gara di trail running. Dai dettagli del percorso alle testimonianze dei partecipanti, forniamo informazioni complete per aiutarti a fare scelte consapevoli. <\/li><\/ul>\t\t\t\t\t\t\t\t<\/div>\n\t\t\t\t<\/div>\n\t\t\t\t<\/div>\n\t\t<div class=\"elementor-element elementor-element-93f85c3 e-con-full e-flex e-con e-child\" data-id=\"93f85c3\" data-element_type=\"container\">\n\t\t\t\t<div class=\"elementor-element elementor-element-7e7f879 elementor-widget elementor-widget-image\" data-id=\"7e7f879\" data-element_type=\"widget\" data-widget_type=\"image.default\">\n\t\t\t\t<div class=\"elementor-widget-container\">\n\t\t\t\t\t\t\t\t\t\t\t\t\t\t\t<img fetchpriority=\"high\" decoding=\"async\" width=\"316\" height=\"230\" src=\"https:\/\/trailrunadvisor.com\/wp-content\/uploads\/2023\/12\/trailrunadvisor-default-race.png\" class=\"attachment-full size-full wp-image-210\" alt=\"\" srcset=\"https:\/\/trailrunadvisor.com\/wp-content\/uploads\/2023\/12\/trailrunadvisor-default-race.png 316w, https:\/\/trailrunadvisor.com\/wp-content\/uploads\/2023\/12\/trailrunadvisor-default-race-300x218.png 300w\" sizes=\"(max-width: 316px) 100vw, 316px\" \/>\t\t\t\t\t\t\t\t\t\t\t\t\t\t\t<\/div>\n\t\t\t\t<\/div>\n\t\t\t\t<\/div>\n\t\t\t\t\t<\/div>\n\t\t\t\t<\/div>\n\t\t<div class=\"elementor-element elementor-element-8c013cd e-flex e-con-boxed e-con e-parent\" data-id=\"8c013cd\" data-element_type=\"container\">\n\t\t\t\t\t<div class=\"e-con-inner\">\n\t\t\t\t<div class=\"elementor-element elementor-element-2871ac7 elementor-widget elementor-widget-heading\" data-id=\"2871ac7\" data-element_type=\"widget\" data-widget_type=\"heading.default\">\n\t\t\t\t<div class=\"elementor-widget-container\">\n\t\t\t\t\t<h3 class=\"elementor-heading-title elementor-size-default\">Le nostre missioni<\/h3>\t\t\t\t<\/div>\n\t\t\t\t<\/div>\n\t\t\t\t<div class=\"elementor-element elementor-element-8e5d825 elementor-widget elementor-widget-text-editor\" data-id=\"8e5d825\" data-element_type=\"widget\" data-widget_type=\"text-editor.default\">\n\t\t\t\t<div class=\"elementor-widget-container\">\n\t\t\t\t\t\t\t\t\t<p>La missione di TrailRunAdvisor \u00e8 quella di ispirare, informare e mettere in contatto i trail runner di tutto il mondo. La nostra ambizione \u00e8 quella di essere la guida definitiva per chi \u00e8 alla ricerca di esperienze di trail running indimenticabili, promuovendo una comunit\u00e0 che celebri lo spirito di avventura e la gioia del trail. <\/p>\t\t\t\t\t\t\t\t<\/div>\n\t\t\t\t<\/div>\n\t\t\t\t\t<\/div>\n\t\t\t\t<\/div>\n\t\t<div class=\"elementor-element elementor-element-a2a68ae e-flex e-con-boxed e-con e-parent\" data-id=\"a2a68ae\" data-element_type=\"container\">\n\t\t\t\t\t<div class=\"e-con-inner\">\n\t\t\t\t<div class=\"elementor-element elementor-element-ddc7774 elementor-widget elementor-widget-heading\" data-id=\"ddc7774\" data-element_type=\"widget\" data-widget_type=\"heading.default\">\n\t\t\t\t<div class=\"elementor-widget-container\">\n\t\t\t\t\t<h3 class=\"elementor-heading-title elementor-size-default\">Unisciti a noi<\/h3>\t\t\t\t<\/div>\n\t\t\t\t<\/div>\n\t\t\t\t<div class=\"elementor-element elementor-element-4e6b2a6 elementor-widget elementor-widget-text-editor\" data-id=\"4e6b2a6\" data-element_type=\"widget\" data-widget_type=\"text-editor.default\">\n\t\t\t\t<div class=\"elementor-widget-container\">\n\t\t\t\t\t\t\t\t\t<p>Che tu sia un veterano del trail o che ti allacci le scarpe da corsa per la prima volta, TrailRunAdvisor ti invita a unirti a noi in questa avventura. Esplora le nostre recensioni, condividi le tue storie di trail e fai parte di una comunit\u00e0 che vive e respira l&#8217;essenza del trail running. Sentiti libero di contattarci con i tuoi commenti e le tue idee: sei sempre il benvenuto!  <\/p>\t\t\t\t\t\t\t\t<\/div>\n\t\t\t\t<\/div>\n\t\t\t\t\t<\/div>\n\t\t\t\t<\/div>\n\t\t<div class=\"elementor-element elementor-element-f2fdaac e-flex e-con-boxed e-con e-parent\" data-id=\"f2fdaac\" data-element_type=\"container\" data-settings=\"{&quot;background_background&quot;:&quot;classic&quot;}\">\n\t\t\t\t\t<div class=\"e-con-inner\">\n\t\t\t\t<div class=\"elementor-element elementor-element-cd25d58 elementor-widget elementor-widget-heading\" data-id=\"cd25d58\" data-element_type=\"widget\" data-widget_type=\"heading.default\">\n\t\t\t\t<div class=\"elementor-widget-container\">\n\t\t\t\t\t<span class=\"elementor-heading-title elementor-size-default\">Grazie per far parte della nostra famiglia di amanti del trail!<\/span>\t\t\t\t<\/div>\n\t\t\t\t<\/div>\n\t\t\t\t\t<\/div>\n\t\t\t\t<\/div>\n\t\t\t\t<\/div>\n\t\t","protected":false},"excerpt":{"rendered":"<p>La nostra storia TrailRunAdvisor \u00e8 nato da un&#8217;idea semplice ma potente: creare una piattaforma completa per gli appassionati di trail che cercano recensioni e critiche di gare in tutto il mondo. Siamo un team di tre esperti trail runner con sede in Francia, uniti dalla nostra comune passione per il trail running. Per noi il [&hellip;]<\/p>\n","protected":false},"author":1,"featured_media":0,"parent":0,"menu_order":0,"comment_status":"closed","ping_status":"closed","template":"","meta":{"_acf_changed":false,"footnotes":""},"class_list":["post-9956","page","type-page","status-publish","hentry"],"acf":[],"yoast_head":"<!-- This site is optimized with the Yoast SEO plugin v26.8 - https:\/\/yoast.com\/product\/yoast-seo-wordpress\/ -->\n<title>La nostra storia - Trail Run Advisor<\/title>\n<meta name=\"description\" content=\"TrailRunAdvisor \u00e8 nato da un&#039;idea semplice: creare una piattaforma per gli appassionati di trail che cercano recensioni e critiche di gare in tutto il mondo.\" \/>\n<meta name=\"robots\" content=\"index, follow, max-snippet:-1, max-image-preview:large, max-video-preview:-1\" \/>\n<link rel=\"canonical\" href=\"https:\/\/trailrunadvisor.com\/it\/la-nostra-storia\/\" \/>\n<meta property=\"og:locale\" content=\"it_IT\" \/>\n<meta property=\"og:type\" content=\"article\" \/>\n<meta property=\"og:title\" content=\"La nostra storia - Trail Run Advisor\" \/>\n<meta property=\"og:description\" content=\"TrailRunAdvisor \u00e8 nato da un&#039;idea semplice: creare una piattaforma per gli appassionati di trail che cercano recensioni e critiche di gare in tutto il mondo.\" \/>\n<meta property=\"og:url\" content=\"https:\/\/trailrunadvisor.com\/it\/la-nostra-storia\/\" \/>\n<meta property=\"og:site_name\" content=\"Trail Run Advisor\" \/>\n<meta property=\"article:publisher\" content=\"https:\/\/www.facebook.com\/profile.php?id=61554747731790&amp;mibextid=9R9pXO\" \/>\n<meta property=\"article:modified_time\" content=\"2025-03-14T07:21:24+00:00\" \/>\n<meta property=\"og:image\" content=\"https:\/\/trailrunadvisor.com\/wp-content\/uploads\/2023\/12\/trailrunadvisor-default-race.png\" \/>\n\t<meta property=\"og:image:width\" content=\"316\" \/>\n\t<meta property=\"og:image:height\" content=\"230\" \/>\n\t<meta property=\"og:image:type\" content=\"image\/png\" \/>\n<meta name=\"twitter:card\" content=\"summary_large_image\" \/>\n<meta name=\"twitter:label1\" content=\"Tempo di lettura stimato\" \/>\n\t<meta name=\"twitter:data1\" content=\"2 minuti\" \/>\n<!-- \/ Yoast SEO plugin. -->","yoast_head_json":{"title":"La nostra storia - Trail Run Advisor","description":"TrailRunAdvisor \u00e8 nato da un'idea semplice: creare una piattaforma per gli appassionati di trail che cercano recensioni e critiche di gare in tutto il mondo.","robots":{"index":"index","follow":"follow","max-snippet":"max-snippet:-1","max-image-preview":"max-image-preview:large","max-video-preview":"max-video-preview:-1"},"canonical":"https:\/\/trailrunadvisor.com\/it\/la-nostra-storia\/","og_locale":"it_IT","og_type":"article","og_title":"La nostra storia - Trail Run Advisor","og_description":"TrailRunAdvisor \u00e8 nato da un'idea semplice: creare una piattaforma per gli appassionati di trail che cercano recensioni e critiche di gare in tutto il mondo.","og_url":"https:\/\/trailrunadvisor.com\/it\/la-nostra-storia\/","og_site_name":"Trail Run Advisor","article_publisher":"https:\/\/www.facebook.com\/profile.php?id=61554747731790&mibextid=9R9pXO","article_modified_time":"2025-03-14T07:21:24+00:00","og_image":[{"width":316,"height":230,"url":"https:\/\/trailrunadvisor.com\/wp-content\/uploads\/2023\/12\/trailrunadvisor-default-race.png","type":"image\/png"}],"twitter_card":"summary_large_image","twitter_misc":{"Tempo di lettura stimato":"2 minuti"},"schema":{"@context":"https:\/\/schema.org","@graph":[{"@type":"WebPage","@id":"https:\/\/trailrunadvisor.com\/it\/la-nostra-storia\/","url":"https:\/\/trailrunadvisor.com\/it\/la-nostra-storia\/","name":"La nostra storia - Trail Run Advisor","isPartOf":{"@id":"https:\/\/trailrunadvisor.com\/it\/#website"},"primaryImageOfPage":{"@id":"https:\/\/trailrunadvisor.com\/it\/la-nostra-storia\/#primaryimage"},"image":{"@id":"https:\/\/trailrunadvisor.com\/it\/la-nostra-storia\/#primaryimage"},"thumbnailUrl":"https:\/\/trailrunadvisor.com\/wp-content\/uploads\/2023\/12\/trailrunadvisor-default-race.png","datePublished":"2023-12-26T14:53:49+00:00","dateModified":"2025-03-14T07:21:24+00:00","description":"TrailRunAdvisor \u00e8 nato da un'idea semplice: creare una piattaforma per gli appassionati di trail che cercano recensioni e critiche di gare in tutto il mondo.","breadcrumb":{"@id":"https:\/\/trailrunadvisor.com\/it\/la-nostra-storia\/#breadcrumb"},"inLanguage":"it-IT","potentialAction":[{"@type":"ReadAction","target":["https:\/\/trailrunadvisor.com\/it\/la-nostra-storia\/"]}]},{"@type":"ImageObject","inLanguage":"it-IT","@id":"https:\/\/trailrunadvisor.com\/it\/la-nostra-storia\/#primaryimage","url":"https:\/\/trailrunadvisor.com\/wp-content\/uploads\/2023\/12\/trailrunadvisor-default-race.png","contentUrl":"https:\/\/trailrunadvisor.com\/wp-content\/uploads\/2023\/12\/trailrunadvisor-default-race.png"},{"@type":"BreadcrumbList","@id":"https:\/\/trailrunadvisor.com\/it\/la-nostra-storia\/#breadcrumb","itemListElement":[{"@type":"ListItem","position":1,"name":"Home","item":"https:\/\/trailrunadvisor.com\/it\/"},{"@type":"ListItem","position":2,"name":"La nostra storia"}]},{"@type":"WebSite","@id":"https:\/\/trailrunadvisor.com\/it\/#website","url":"https:\/\/trailrunadvisor.com\/it\/","name":"Trail Run Advisor","description":"","publisher":{"@id":"https:\/\/trailrunadvisor.com\/it\/#organization"},"potentialAction":[{"@type":"SearchAction","target":{"@type":"EntryPoint","urlTemplate":"https:\/\/trailrunadvisor.com\/it\/?s={search_term_string}"},"query-input":{"@type":"PropertyValueSpecification","valueRequired":true,"valueName":"search_term_string"}}],"inLanguage":"it-IT"},{"@type":"Organization","@id":"https:\/\/trailrunadvisor.com\/it\/#organization","name":"Trail Run Advisor","url":"https:\/\/trailrunadvisor.com\/it\/","logo":{"@type":"ImageObject","inLanguage":"it-IT","@id":"https:\/\/trailrunadvisor.com\/it\/#\/schema\/logo\/image\/","url":"https:\/\/trailrunadvisor.com\/wp-content\/uploads\/2023\/12\/logo-trailrunadvisor.png","contentUrl":"https:\/\/trailrunadvisor.com\/wp-content\/uploads\/2023\/12\/logo-trailrunadvisor.png","width":613,"height":80,"caption":"Trail Run Advisor"},"image":{"@id":"https:\/\/trailrunadvisor.com\/it\/#\/schema\/logo\/image\/"},"sameAs":["https:\/\/www.facebook.com\/profile.php?id=61554747731790&mibextid=9R9pXO","https:\/\/www.instagram.com\/trailrunadvisor\/"]}]}},"_links":{"self":[{"href":"https:\/\/trailrunadvisor.com\/it\/wp-json\/wp\/v2\/pages\/9956","targetHints":{"allow":["GET"]}}],"collection":[{"href":"https:\/\/trailrunadvisor.com\/it\/wp-json\/wp\/v2\/pages"}],"about":[{"href":"https:\/\/trailrunadvisor.com\/it\/wp-json\/wp\/v2\/types\/page"}],"author":[{"embeddable":true,"href":"https:\/\/trailrunadvisor.com\/it\/wp-json\/wp\/v2\/users\/1"}],"replies":[{"embeddable":true,"href":"https:\/\/trailrunadvisor.com\/it\/wp-json\/wp\/v2\/comments?post=9956"}],"version-history":[{"count":1,"href":"https:\/\/trailrunadvisor.com\/it\/wp-json\/wp\/v2\/pages\/9956\/revisions"}],"predecessor-version":[{"id":9957,"href":"https:\/\/trailrunadvisor.com\/it\/wp-json\/wp\/v2\/pages\/9956\/revisions\/9957"}],"wp:attachment":[{"href":"https:\/\/trailrunadvisor.com\/it\/wp-json\/wp\/v2\/media?parent=9956"}],"curies":[{"name":"wp","href":"https:\/\/api.w.org\/{rel}","templated":true}]}}