{"id":9981,"date":"2024-05-03T12:03:21","date_gmt":"2024-05-03T10:03:21","guid":{"rendered":"https:\/\/trailrunadvisor.com\/termini-e-condizioni\/"},"modified":"2025-03-14T08:30:51","modified_gmt":"2025-03-14T07:30:51","slug":"termini-e-condizioni","status":"publish","type":"page","link":"https:\/\/trailrunadvisor.com\/it\/termini-e-condizioni\/","title":{"rendered":"Termini e condizioni"},"content":{"rendered":"\t\t<div data-elementor-type=\"wp-page\" data-elementor-id=\"9981\" class=\"elementor elementor-9981 elementor-6391\" data-elementor-post-type=\"page\">\n\t\t\t\t<div class=\"elementor-element elementor-element-f9fe461 e-flex e-con-boxed e-con e-parent\" data-id=\"f9fe461\" data-element_type=\"container\">\n\t\t\t\t\t<div class=\"e-con-inner\">\n\t\t\t\t<div class=\"elementor-element elementor-element-0a3b087 elementor-widget elementor-widget-heading\" data-id=\"0a3b087\" data-element_type=\"widget\" data-widget_type=\"heading.default\">\n\t\t\t\t<div class=\"elementor-widget-container\">\n\t\t\t\t\t<h2 class=\"elementor-heading-title elementor-size-default\">Termini e condizioni<\/h2>\t\t\t\t<\/div>\n\t\t\t\t<\/div>\n\t\t\t\t<div class=\"elementor-element elementor-element-881247c elementor-widget elementor-widget-text-editor\" data-id=\"881247c\" data-element_type=\"widget\" data-widget_type=\"text-editor.default\">\n\t\t\t\t<div class=\"elementor-widget-container\">\n\t\t\t\t\t\t\t\t\t<p>Benvenuto su Trail Run Advisor!<\/p><p>Questi termini e condizioni definiscono le regole e le norme per l&#8217;utilizzo del sito web di Trail Run Advisor, situato all&#8217;indirizzo https:\/\/trailrunadvisor.com.<\/p><p>Accedendo a questo sito web si presume che tu accetti questi termini e condizioni. Non continuare a utilizzare Trail Run Advisor se non accetti tutti i termini e le condizioni indicati in questa pagina. <\/p><p>La seguente terminologia si applica ai presenti Termini e condizioni, alla Dichiarazione sulla privacy e all&#8217;Avviso di esclusione di responsabilit\u00e0 e a tutti i contratti: &#8220;Cliente&#8221;, &#8220;Tu&#8221; e &#8220;Tuo&#8221; si riferiscono a te, persona che accede a questo sito web e che accetta i termini e le condizioni della Societ\u00e0. &#8220;La Societ\u00e0&#8221;, &#8220;Noi&#8221;, &#8220;Noi&#8221;, &#8220;Nostro&#8221; e &#8220;Noi&#8221; si riferiscono alla nostra Societ\u00e0. &#8220;Parte&#8221;, &#8220;Parti&#8221; o &#8220;Noi&#8221; si riferisce sia al Cliente che a noi. Tutti i termini si riferiscono all&#8217;offerta, all&#8217;accettazione e al corrispettivo del pagamento necessario per intraprendere il processo di assistenza al Cliente nel modo pi\u00f9 appropriato al fine di soddisfare le esigenze del Cliente in relazione alla fornitura dei servizi dichiarati dall&#8217;Azienda, in conformit\u00e0 e nel rispetto della legge vigente. Qualsiasi uso della terminologia di cui sopra o di altre parole al singolare, al plurale, con la maiuscola e\/o lui\/lei o loro, sono considerati intercambiabili e quindi riferiti allo stesso.    <\/p><h3> <\/h3><h3><strong>Biscotti<\/strong><\/h3><p>Utilizziamo i cookie. Accedendo a Trail Run Advisor, accetti di utilizzare i cookie in accordo con la Politica sulla Privacy di Trail Run Advisor. <\/p><p>La maggior parte dei siti web interattivi utilizza i cookie per recuperare i dati dell&#8217;utente ad ogni visita. I cookie sono utilizzati dal nostro sito web per consentire la funzionalit\u00e0 di alcune aree e facilitare le persone che visitano il nostro sito. Anche alcuni dei nostri partner affiliati\/pubblicitari possono utilizzare i cookie.  <\/p><h3><strong>Licenza<\/strong><\/h3><p>Se non diversamente specificato, Trail Run Advisor e\/o i suoi licenziatari detengono i diritti di propriet\u00e0 intellettuale per tutto il materiale presente su Trail Run Advisor. Tutti i diritti di propriet\u00e0 intellettuale sono riservati. Puoi accedere a questo materiale da Trail Run Advisor per uso personale, nel rispetto delle restrizioni stabilite nei presenti termini e condizioni.  <\/p><p>Non devi:<\/p><ul><li>Ripubblicare materiale da Trail Run Advisor<\/li><li>Vendere, affittare o concedere in sublicenza il materiale di Trail Run Advisor<\/li><li>Riprodurre, duplicare o copiare materiale da Trail Run Advisor<\/li><li>Ridistribuisci i contenuti di Trail Run Advisor<\/li><\/ul><p>Alcune parti di questo sito web offrono agli utenti l&#8217;opportunit\u00e0 di pubblicare e scambiare opinioni e informazioni in determinate aree del sito. Trail Run Advisor non filtra, modifica, pubblica o revisiona i Commenti prima della loro presenza sul sito web. I Commenti non riflettono i punti di vista e le opinioni di Trail Run Advisor, dei suoi agenti e\/o affiliati. I Commenti riflettono i punti di vista e le opinioni della persona che li ha pubblicati. Nella misura consentita dalle leggi applicabili, Trail Run Advisor non sar\u00e0 responsabile per i Commenti o per qualsiasi responsabilit\u00e0, danno o spesa causati e\/o subiti in seguito all&#8217;uso e\/o alla pubblicazione e\/o all&#8217;apparizione dei Commenti su questo sito web.    <\/p><p>Trail Run Advisor si riserva il diritto di monitorare tutti i Commenti e di rimuovere quelli che possono essere considerati inappropriati, offensivi o che violano i presenti Termini e Condizioni.<\/p><p>L&#8217;utente garantisce e dichiara che:<\/p><ul><li>L&#8217;utente \u00e8 autorizzato a pubblicare i Commenti sul nostro sito web e dispone di tutte le licenze e i consensi necessari per farlo;<\/li><li>I Commenti non violano alcun diritto di propriet\u00e0 intellettuale, inclusi, a titolo esemplificativo, copyright, brevetti o marchi di terzi;<\/li><li>I Commenti non contengono materiale diffamatorio, calunnioso, offensivo, indecente o comunque illegale che costituisca una violazione della privacy.<\/li><li>I Commenti non saranno utilizzati per sollecitare o promuovere attivit\u00e0 commerciali o consuetudini o presentare attivit\u00e0 commerciali o illecite.<\/li><\/ul><p>Con la presente concedi a Trail Run Advisor una licenza non esclusiva per utilizzare, riprodurre, modificare e autorizzare altri a utilizzare, riprodurre e modificare i tuoi Commenti in qualsiasi forma, formato o media.<\/p><h3><strong>Collegamento ipertestuale ai nostri contenuti<\/strong><\/h3><p>Le seguenti organizzazioni possono collegarsi al nostro sito web senza previa approvazione scritta:<\/p><ul><li>Agenzie governative;<\/li><li>Motori di ricerca;<\/li><li>Organizzazioni giornalistiche;<\/li><li>I distributori di elenchi online possono collegarsi al nostro sito web nello stesso modo in cui si collegano ai siti web di altre aziende elencate; e<\/li><li>Le aziende accreditate a livello di sistema, ad eccezione delle organizzazioni no-profit, dei centri commerciali di beneficenza e dei gruppi di raccolta fondi di beneficenza che non possono collegarsi al nostro sito web.<\/li><\/ul><p>Queste organizzazioni possono inserire un link alla nostra home page, alle pubblicazioni o ad altre informazioni del sito web a condizione che il link: (a) non sia in alcun modo ingannevole; (b) non implichi falsamente la sponsorizzazione, l&#8217;avallo o l&#8217;approvazione del linkante e dei suoi prodotti e\/o servizi; e (c) si inserisca nel contesto del sito del linkante.   <\/p><p>Possiamo prendere in considerazione e approvare altre richieste di link da parte dei seguenti tipi di organizzazioni:<\/p><ul><li>fonti di informazione comunemente conosciute dai consumatori e\/o dalle aziende;<\/li><li>Siti di comunit\u00e0 dot.com;<\/li><li>associazioni o altri gruppi che rappresentano enti di beneficenza;<\/li><li>distributori di elenchi online;<\/li><li>portali internet;<\/li><li>societ\u00e0 di consulenza legale e contabile; e<\/li><li>istituzioni educative e associazioni di categoria.<\/li><\/ul><p>Approveremo le richieste di link da parte di queste organizzazioni se decideremo che: (a) il link non ci faccia apparire sfavorevoli a noi stessi o alle nostre aziende accreditate; (b) l&#8217;organizzazione non abbia precedenti negativi con noi; (c) il beneficio per noi derivante dalla visibilit\u00e0 del collegamento ipertestuale compensi l&#8217;assenza di Trail Run Advisor; e (d) il link sia nel contesto di informazioni generali sulle risorse.    <\/p><p>Queste organizzazioni possono collegarsi alla nostra home page a condizione che il link: (a) non sia in alcun modo ingannevole; (b) non implichi falsamente la sponsorizzazione, l&#8217;avallo o l&#8217;approvazione della parte linkante e dei suoi prodotti o servizi; e (c) si inserisca nel contesto del sito della parte linkante.   <\/p><p>Se sei una delle organizzazioni elencate nel precedente paragrafo 2 e sei interessato a collegarti al nostro sito web, devi informarci inviando un&#8217;e-mail a Trail Run Advisor. Ti preghiamo di includere il tuo nome, il nome della tua organizzazione, le informazioni di contatto e l&#8217;URL del tuo sito, un elenco di tutti gli URL da cui intendi collegarti al nostro sito e un elenco degli URL del nostro sito a cui vorresti collegarti. Attendi 2-3 settimane per ricevere una risposta.  <\/p><p>Le organizzazioni autorizzate possono collegarsi al nostro sito web come segue:<\/p><ul><li>Utilizzando la nostra ragione sociale; oppure<\/li><li>Tramite l&#8217;utilizzo del localizzatore uniforme di risorse a cui si \u00e8 collegati; oppure<\/li><li>Utilizzando qualsiasi altra descrizione del nostro sito web a cui si fa riferimento che abbia senso nel contesto e nel formato dei contenuti del sito della parte che effettua il collegamento.<\/li><\/ul><p>Non sar\u00e0 consentito l&#8217;uso del logo o di altre immagini di Trail Run Advisor per il collegamento senza un accordo di licenza del marchio.<\/p><h3><strong>iFrames<\/strong><\/h3><p>Senza previa approvazione e autorizzazione scritta, l&#8217;utente non pu\u00f2 creare cornici intorno alle nostre pagine web che alterino in qualsiasi modo la presentazione visiva o l&#8217;aspetto del nostro sito web.<\/p><h3><strong>Responsabilit\u00e0 dei contenuti<\/strong><\/h3><p>Non ci riterremo responsabili di alcun contenuto presente sul tuo sito web. L&#8217;utente si impegna a proteggerci e a difenderci da qualsiasi reclamo che venga sollevato sul suo sito web. Nessun link deve apparire su alcun sito web che possa essere interpretato come diffamatorio, osceno o criminale, o che infranga o violi in altro modo, o che promuova l&#8217;infrazione o altra violazione di diritti di terzi.  <\/p><h3><strong>Riserva di diritti<\/strong><\/h3><p>Ci riserviamo il diritto di richiedere la rimozione di tutti i link o di un particolare link al nostro Sito web. L&#8217;utente si impegna a rimuovere immediatamente tutti i link al nostro Sito web su richiesta. Ci riserviamo inoltre il diritto di modificare i presenti termini e condizioni e la relativa politica di collegamento in qualsiasi momento. Collegandoti continuamente al nostro Sito web, accetti di essere vincolato e di seguire questi termini e condizioni di collegamento.   <\/p><h3><strong>Rimozione di link dal nostro sito web<\/strong><\/h3><p>Se sul nostro Sito web trovi un link offensivo per qualsiasi motivo, sei libero di contattarci e informarci in qualsiasi momento. Prenderemo in considerazione le richieste di rimozione dei link, ma non siamo obbligati a farlo o a rispondere direttamente all&#8217;utente. <\/p><p>Non assicuriamo che le informazioni contenute nel sito siano corrette, non ne garantiamo la completezza o l&#8217;accuratezza, n\u00e9 promettiamo di garantire che il sito rimanga disponibile o che il materiale contenuto nel sito sia aggiornato.<\/p><h3><strong>Esclusione di responsabilit\u00e0<\/strong><\/h3><p>Nella misura massima consentita dalla legge applicabile, escludiamo tutte le dichiarazioni, garanzie e condizioni relative al nostro sito web e all&#8217;uso di questo sito web. Nulla di quanto contenuto nella presente clausola di esclusione della responsabilit\u00e0: <\/p><ul><li>limitare o escludere la nostra o la tua responsabilit\u00e0 per morte o lesioni personali;<\/li><li>limitare o escludere la nostra o la tua responsabilit\u00e0 per frode o falsa dichiarazione fraudolenta;<\/li><li>limitare le nostre o le tue responsabilit\u00e0 in qualsiasi modo che non sia consentito dalla legge applicabile; oppure<\/li><li>escludere qualsiasi nostra o tua responsabilit\u00e0 che non possa essere esclusa ai sensi della legge applicabile.<\/li><\/ul><p>Le limitazioni e i divieti di responsabilit\u00e0 indicati in questa sezione e in altri punti della presente clausola di esclusione della responsabilit\u00e0: (a) sono soggetti al paragrafo precedente; e (b) disciplinano tutte le responsabilit\u00e0 derivanti dalla clausola di esclusione della responsabilit\u00e0, comprese le responsabilit\u00e0 derivanti da contratto, da illecito civile e da violazione di obblighi di legge.  <\/p><p>Finch\u00e9 il sito web e le informazioni e i servizi presenti sul sito web sono forniti gratuitamente, non saremo responsabili per eventuali perdite o danni di qualsiasi natura.<\/p>\t\t\t\t\t\t\t\t<\/div>\n\t\t\t\t<\/div>\n\t\t\t\t\t<\/div>\n\t\t\t\t<\/div>\n\t\t\t\t<\/div>\n\t\t","protected":false},"excerpt":{"rendered":"<p>Termini e condizioni Benvenuto su Trail Run Advisor! Questi termini e condizioni definiscono le regole e le norme per l&#8217;utilizzo del sito web di Trail Run Advisor, situato all&#8217;indirizzo https:\/\/trailrunadvisor.com. Accedendo a questo sito web si presume che tu accetti questi termini e condizioni. Non continuare a utilizzare Trail Run Advisor se non accetti tutti [&hellip;]<\/p>\n","protected":false},"author":1,"featured_media":0,"parent":0,"menu_order":0,"comment_status":"closed","ping_status":"closed","template":"","meta":{"_acf_changed":false,"footnotes":""},"class_list":["post-9981","page","type-page","status-publish","hentry"],"acf":[],"yoast_head":"<!-- This site is optimized with the Yoast SEO plugin v26.8 - https:\/\/yoast.com\/product\/yoast-seo-wordpress\/ -->\n<title>Termini e condizioni - Trail Run Advisor<\/title>\n<meta name=\"robots\" content=\"noindex, follow\" \/>\n<meta property=\"og:locale\" content=\"it_IT\" \/>\n<meta property=\"og:type\" content=\"article\" \/>\n<meta property=\"og:title\" content=\"Termini e condizioni - Trail Run Advisor\" \/>\n<meta property=\"og:description\" content=\"Termini e condizioni Benvenuto su Trail Run Advisor! Questi termini e condizioni definiscono le regole e le norme per l&#8217;utilizzo del sito web di Trail Run Advisor, situato all&#8217;indirizzo https:\/\/trailrunadvisor.com. Accedendo a questo sito web si presume che tu accetti questi termini e condizioni. Non continuare a utilizzare Trail Run Advisor se non accetti tutti [&hellip;]\" \/>\n<meta property=\"og:url\" content=\"https:\/\/trailrunadvisor.com\/it\/termini-e-condizioni\/\" \/>\n<meta property=\"og:site_name\" content=\"Trail Run Advisor\" \/>\n<meta property=\"article:publisher\" content=\"https:\/\/www.facebook.com\/profile.php?id=61554747731790&amp;mibextid=9R9pXO\" \/>\n<meta property=\"article:modified_time\" content=\"2025-03-14T07:30:51+00:00\" \/>\n<meta property=\"og:image\" content=\"https:\/\/trailrunadvisor.com\/wp-content\/uploads\/2023\/12\/logo-trailrunadvisor.png\" \/>\n\t<meta property=\"og:image:width\" content=\"613\" \/>\n\t<meta property=\"og:image:height\" content=\"80\" \/>\n\t<meta property=\"og:image:type\" content=\"image\/png\" \/>\n<meta name=\"twitter:card\" content=\"summary_large_image\" \/>\n<meta name=\"twitter:label1\" content=\"Tempo di lettura stimato\" \/>\n\t<meta name=\"twitter:data1\" content=\"8 minuti\" \/>\n<!-- \/ Yoast SEO plugin. -->","yoast_head_json":{"title":"Termini e condizioni - Trail Run Advisor","robots":{"index":"noindex","follow":"follow"},"og_locale":"it_IT","og_type":"article","og_title":"Termini e condizioni - Trail Run Advisor","og_description":"Termini e condizioni Benvenuto su Trail Run Advisor! Questi termini e condizioni definiscono le regole e le norme per l&#8217;utilizzo del sito web di Trail Run Advisor, situato all&#8217;indirizzo https:\/\/trailrunadvisor.com. Accedendo a questo sito web si presume che tu accetti questi termini e condizioni. Non continuare a utilizzare Trail Run Advisor se non accetti tutti [&hellip;]","og_url":"https:\/\/trailrunadvisor.com\/it\/termini-e-condizioni\/","og_site_name":"Trail Run Advisor","article_publisher":"https:\/\/www.facebook.com\/profile.php?id=61554747731790&mibextid=9R9pXO","article_modified_time":"2025-03-14T07:30:51+00:00","og_image":[{"width":613,"height":80,"url":"https:\/\/trailrunadvisor.com\/wp-content\/uploads\/2023\/12\/logo-trailrunadvisor.png","type":"image\/png"}],"twitter_card":"summary_large_image","twitter_misc":{"Tempo di lettura stimato":"8 minuti"},"schema":{"@context":"https:\/\/schema.org","@graph":[{"@type":"WebPage","@id":"https:\/\/trailrunadvisor.com\/it\/termini-e-condizioni\/","url":"https:\/\/trailrunadvisor.com\/it\/termini-e-condizioni\/","name":"Termini e condizioni - Trail Run Advisor","isPartOf":{"@id":"https:\/\/trailrunadvisor.com\/it\/#website"},"datePublished":"2024-05-03T10:03:21+00:00","dateModified":"2025-03-14T07:30:51+00:00","breadcrumb":{"@id":"https:\/\/trailrunadvisor.com\/it\/termini-e-condizioni\/#breadcrumb"},"inLanguage":"it-IT","potentialAction":[{"@type":"ReadAction","target":["https:\/\/trailrunadvisor.com\/it\/termini-e-condizioni\/"]}]},{"@type":"BreadcrumbList","@id":"https:\/\/trailrunadvisor.com\/it\/termini-e-condizioni\/#breadcrumb","itemListElement":[{"@type":"ListItem","position":1,"name":"Home","item":"https:\/\/trailrunadvisor.com\/it\/"},{"@type":"ListItem","position":2,"name":"Termini e condizioni"}]},{"@type":"WebSite","@id":"https:\/\/trailrunadvisor.com\/it\/#website","url":"https:\/\/trailrunadvisor.com\/it\/","name":"Trail Run Advisor","description":"","publisher":{"@id":"https:\/\/trailrunadvisor.com\/it\/#organization"},"potentialAction":[{"@type":"SearchAction","target":{"@type":"EntryPoint","urlTemplate":"https:\/\/trailrunadvisor.com\/it\/?s={search_term_string}"},"query-input":{"@type":"PropertyValueSpecification","valueRequired":true,"valueName":"search_term_string"}}],"inLanguage":"it-IT"},{"@type":"Organization","@id":"https:\/\/trailrunadvisor.com\/it\/#organization","name":"Trail Run Advisor","url":"https:\/\/trailrunadvisor.com\/it\/","logo":{"@type":"ImageObject","inLanguage":"it-IT","@id":"https:\/\/trailrunadvisor.com\/it\/#\/schema\/logo\/image\/","url":"https:\/\/trailrunadvisor.com\/wp-content\/uploads\/2023\/12\/logo-trailrunadvisor.png","contentUrl":"https:\/\/trailrunadvisor.com\/wp-content\/uploads\/2023\/12\/logo-trailrunadvisor.png","width":613,"height":80,"caption":"Trail Run Advisor"},"image":{"@id":"https:\/\/trailrunadvisor.com\/it\/#\/schema\/logo\/image\/"},"sameAs":["https:\/\/www.facebook.com\/profile.php?id=61554747731790&mibextid=9R9pXO","https:\/\/www.instagram.com\/trailrunadvisor\/"]}]}},"_links":{"self":[{"href":"https:\/\/trailrunadvisor.com\/it\/wp-json\/wp\/v2\/pages\/9981","targetHints":{"allow":["GET"]}}],"collection":[{"href":"https:\/\/trailrunadvisor.com\/it\/wp-json\/wp\/v2\/pages"}],"about":[{"href":"https:\/\/trailrunadvisor.com\/it\/wp-json\/wp\/v2\/types\/page"}],"author":[{"embeddable":true,"href":"https:\/\/trailrunadvisor.com\/it\/wp-json\/wp\/v2\/users\/1"}],"replies":[{"embeddable":true,"href":"https:\/\/trailrunadvisor.com\/it\/wp-json\/wp\/v2\/comments?post=9981"}],"version-history":[{"count":1,"href":"https:\/\/trailrunadvisor.com\/it\/wp-json\/wp\/v2\/pages\/9981\/revisions"}],"predecessor-version":[{"id":9982,"href":"https:\/\/trailrunadvisor.com\/it\/wp-json\/wp\/v2\/pages\/9981\/revisions\/9982"}],"wp:attachment":[{"href":"https:\/\/trailrunadvisor.com\/it\/wp-json\/wp\/v2\/media?parent=9981"}],"curies":[{"name":"wp","href":"https:\/\/api.w.org\/{rel}","templated":true}]}}