{"id":13294,"date":"2025-05-08T11:56:41","date_gmt":"2025-05-08T09:56:41","guid":{"rendered":"https:\/\/trailrunadvisor.com\/a-nossa-historia-2\/"},"modified":"2026-04-08T14:29:02","modified_gmt":"2026-04-08T12:29:02","slug":"a-nossa-historia-2","status":"publish","type":"page","link":"https:\/\/trailrunadvisor.com\/pt-pt\/a-nossa-historia-2\/","title":{"rendered":"A nossa hist\u00f3ria"},"content":{"rendered":"\t\t<div data-elementor-type=\"wp-page\" data-elementor-id=\"13294\" class=\"elementor elementor-13294 elementor-10900\" data-elementor-post-type=\"page\">\n\t\t\t\t<div class=\"elementor-element elementor-element-3022913 e-flex e-con-boxed e-con e-parent\" data-id=\"3022913\" data-element_type=\"container\">\n\t\t\t\t\t<div class=\"e-con-inner\">\n\t\t\t\t<div class=\"elementor-element elementor-element-2c48588 elementor-widget elementor-widget-heading\" data-id=\"2c48588\" data-element_type=\"widget\" data-widget_type=\"heading.default\">\n\t\t\t\t<div class=\"elementor-widget-container\">\n\t\t\t\t\t<h2 class=\"elementor-heading-title elementor-size-default\">A nossa hist\u00f3ria<\/h2>\t\t\t\t<\/div>\n\t\t\t\t<\/div>\n\t\t\t\t<div class=\"elementor-element elementor-element-959b07d elementor-widget elementor-widget-text-editor\" data-id=\"959b07d\" data-element_type=\"widget\" data-widget_type=\"text-editor.default\">\n\t\t\t\t<div class=\"elementor-widget-container\">\n\t\t\t\t\t\t\t\t\t<p>O TrailRunAdvisor nasceu de uma ideia simples, mas poderosa: criar uma plataforma abrangente para os entusiastas do trail que procuram opini\u00f5es e cr\u00edticas sobre corridas em todo o mundo. Somos uma equipa de tr\u00eas corredores de trail experientes sediados em Fran\u00e7a, unidos pela nossa paix\u00e3o comum pelo trail running. Para n\u00f3s, o trail running \u00e9 mais do que um desporto &#8211; \u00e9 um modo de vida, uma fonte de aventura e uma comunidade que acarinhamos profundamente.  <\/p><p> <\/p><p>A inspira\u00e7\u00e3o para o TrailRunAdvisor surgiu das nossas pr\u00f3prias experi\u00eancias. De vez em quando, d\u00e1vamos por n\u00f3s a inscrevermo-nos em corridas sem sabermos pormenores cruciais: Qual \u00e9 o n\u00edvel t\u00e9cnico do percurso? Que desafios podes esperar? Como \u00e9 que \u00e9 a log\u00edstica? Percebemos que ter mais informa\u00e7\u00f5es sobre uma corrida de antem\u00e3o beneficiaria n\u00e3o s\u00f3 a n\u00f3s, mas a toda a comunidade de trail running.    <\/p>\t\t\t\t\t\t\t\t<\/div>\n\t\t\t\t<\/div>\n\t\t\t\t\t<\/div>\n\t\t\t\t<\/div>\n\t\t<div class=\"elementor-element elementor-element-b60efa7 e-flex e-con-boxed e-con e-parent\" data-id=\"b60efa7\" data-element_type=\"container\">\n\t\t\t\t\t<div class=\"e-con-inner\">\n\t\t<div class=\"elementor-element elementor-element-59bd3d5 e-con-full e-flex e-con e-child\" data-id=\"59bd3d5\" data-element_type=\"container\">\n\t\t\t\t<div class=\"elementor-element elementor-element-4fc9396 elementor-widget elementor-widget-heading\" data-id=\"4fc9396\" data-element_type=\"widget\" data-widget_type=\"heading.default\">\n\t\t\t\t<div class=\"elementor-widget-container\">\n\t\t\t\t\t<h3 class=\"elementor-heading-title elementor-size-default\">O que nos distingue<\/h3>\t\t\t\t<\/div>\n\t\t\t\t<\/div>\n\t\t\t\t<div class=\"elementor-element elementor-element-7e11859 elementor-widget elementor-widget-text-editor\" data-id=\"7e11859\" data-element_type=\"widget\" data-widget_type=\"text-editor.default\">\n\t\t\t\t<div class=\"elementor-widget-container\">\n\t\t\t\t\t\t\t\t\t<ul><li><span style=\"color: #00a87a;\"><strong>Coment\u00e1rios aut\u00eanticos:<\/strong><\/span> Os nossos coment\u00e1rios s\u00e3o escritos por atletas de trail, para atletas de trail. Acreditamos no poder das experi\u00eancias aut\u00eanticas e os nossos coment\u00e1rios reflectem os desafios reais, os triunfos e os aspectos \u00fanicos de cada corrida. <\/li><\/ul><div> <\/div><div> <\/div><ul><li><span style=\"color: #00a87a;\"><strong>Perspetiva global:<\/strong><\/span> Quer sejas um corredor de trail experiente ou um principiante \u00e0 procura da corrida perfeita, temos tudo o que precisas. A nossa equipa est\u00e1 espalhada por todo o mundo, fornecendo-te informa\u00e7\u00f5es sobre corridas de trail desde montanhas nevadas a florestas exuberantes e mares azul-turquesa, e tudo o que se encontra entre eles, em todo o mundo. <\/li><\/ul><div> <\/div><div> <\/div><ul><li><span style=\"color: #00a87a;\"><strong>Informa\u00e7\u00f5es completas:<\/strong><\/span> O TrailRunAdvisor pretende ser a tua refer\u00eancia quando procuras uma corrida de trail running. Desde detalhes do percurso a testemunhos de participantes, fornecemos informa\u00e7\u00f5es completas para te ajudar a fazer escolhas informadas. <\/li><\/ul>\t\t\t\t\t\t\t\t<\/div>\n\t\t\t\t<\/div>\n\t\t\t\t<\/div>\n\t\t<div class=\"elementor-element elementor-element-37fb9c2 e-con-full e-flex e-con e-child\" data-id=\"37fb9c2\" data-element_type=\"container\" data-settings=\"{&quot;background_background&quot;:&quot;classic&quot;}\">\n\t\t\t\t<div class=\"elementor-element elementor-element-38e6521 elementor-widget elementor-widget-image\" data-id=\"38e6521\" data-element_type=\"widget\" data-widget_type=\"image.default\">\n\t\t\t\t<div class=\"elementor-widget-container\">\n\t\t\t\t\t\t\t\t\t\t\t\t\t\t\t<img fetchpriority=\"high\" decoding=\"async\" width=\"1024\" height=\"683\" src=\"https:\/\/trailrunadvisor.com\/wp-content\/uploads\/2025\/05\/trailrun-01-1024x683.jpg\" class=\"attachment-large size-large wp-image-10741\" alt=\"\" srcset=\"https:\/\/trailrunadvisor.com\/wp-content\/uploads\/2025\/05\/trailrun-01-1024x683.jpg 1024w, https:\/\/trailrunadvisor.com\/wp-content\/uploads\/2025\/05\/trailrun-01-300x200.jpg 300w, https:\/\/trailrunadvisor.com\/wp-content\/uploads\/2025\/05\/trailrun-01-768x512.jpg 768w, https:\/\/trailrunadvisor.com\/wp-content\/uploads\/2025\/05\/trailrun-01-1536x1024.jpg 1536w, https:\/\/trailrunadvisor.com\/wp-content\/uploads\/2025\/05\/trailrun-01-2048x1365.jpg 2048w\" sizes=\"(max-width: 1024px) 100vw, 1024px\" \/>\t\t\t\t\t\t\t\t\t\t\t\t\t\t\t<\/div>\n\t\t\t\t<\/div>\n\t\t\t\t<\/div>\n\t\t\t\t\t<\/div>\n\t\t\t\t<\/div>\n\t\t<div class=\"elementor-element elementor-element-9db5d45 e-flex e-con-boxed e-con e-parent\" data-id=\"9db5d45\" data-element_type=\"container\" data-settings=\"{&quot;background_background&quot;:&quot;classic&quot;}\">\n\t\t\t\t\t<div class=\"e-con-inner\">\n\t\t<div class=\"elementor-element elementor-element-f03f710 e-con-full e-flex e-con e-child\" data-id=\"f03f710\" data-element_type=\"container\">\n\t\t\t\t<div class=\"elementor-element elementor-element-6478ea6 elementor-widget elementor-widget-image\" data-id=\"6478ea6\" data-element_type=\"widget\" data-widget_type=\"image.default\">\n\t\t\t\t<div class=\"elementor-widget-container\">\n\t\t\t\t\t\t\t\t\t\t\t\t\t\t\t<img decoding=\"async\" width=\"1024\" height=\"695\" src=\"https:\/\/trailrunadvisor.com\/wp-content\/uploads\/2025\/05\/trailrun-03-1024x695.jpg\" class=\"attachment-large size-large wp-image-10785\" alt=\"\" srcset=\"https:\/\/trailrunadvisor.com\/wp-content\/uploads\/2025\/05\/trailrun-03-1024x695.jpg 1024w, https:\/\/trailrunadvisor.com\/wp-content\/uploads\/2025\/05\/trailrun-03-300x204.jpg 300w, https:\/\/trailrunadvisor.com\/wp-content\/uploads\/2025\/05\/trailrun-03-768x521.jpg 768w, https:\/\/trailrunadvisor.com\/wp-content\/uploads\/2025\/05\/trailrun-03-1536x1043.jpg 1536w, https:\/\/trailrunadvisor.com\/wp-content\/uploads\/2025\/05\/trailrun-03-2048x1390.jpg 2048w\" sizes=\"(max-width: 1024px) 100vw, 1024px\" \/>\t\t\t\t\t\t\t\t\t\t\t\t\t\t\t<\/div>\n\t\t\t\t<\/div>\n\t\t\t\t<\/div>\n\t\t<div class=\"elementor-element elementor-element-63d24cf e-con-full e-flex e-con e-child\" data-id=\"63d24cf\" data-element_type=\"container\">\n\t\t\t\t<div class=\"elementor-element elementor-element-00566c3 elementor-widget elementor-widget-heading\" data-id=\"00566c3\" data-element_type=\"widget\" data-widget_type=\"heading.default\">\n\t\t\t\t<div class=\"elementor-widget-container\">\n\t\t\t\t\t<h3 class=\"elementor-heading-title elementor-size-default\">As nossas miss\u00f5es<\/h3>\t\t\t\t<\/div>\n\t\t\t\t<\/div>\n\t\t\t\t<div class=\"elementor-element elementor-element-df5d84e elementor-widget elementor-widget-text-editor\" data-id=\"df5d84e\" data-element_type=\"widget\" data-widget_type=\"text-editor.default\">\n\t\t\t\t<div class=\"elementor-widget-container\">\n\t\t\t\t\t\t\t\t\t<p>No TrailRunAdvisor, a nossa miss\u00e3o \u00e9 inspirar, informar e ligar os praticantes de trail running de todo o mundo.<\/p><p><br><\/p><p>A nossa ambi\u00e7\u00e3o \u00e9 ser o guia definitivo para quem procura experi\u00eancias de trail running inesquec\u00edveis, promovendo uma comunidade que celebra o esp\u00edrito de aventura e a alegria do trail.<\/p>\t\t\t\t\t\t\t\t<\/div>\n\t\t\t\t<\/div>\n\t\t\t\t<\/div>\n\t\t\t\t\t<\/div>\n\t\t\t\t<\/div>\n\t\t<div class=\"elementor-element elementor-element-2dbf90b e-flex e-con-boxed e-con e-parent\" data-id=\"2dbf90b\" data-element_type=\"container\" data-settings=\"{&quot;background_background&quot;:&quot;classic&quot;}\">\n\t\t\t\t\t<div class=\"e-con-inner\">\n\t\t<div class=\"elementor-element elementor-element-c069736 e-con-full e-flex e-con e-child\" data-id=\"c069736\" data-element_type=\"container\">\n\t\t\t\t<div class=\"elementor-element elementor-element-a98d03d elementor-widget elementor-widget-heading\" data-id=\"a98d03d\" data-element_type=\"widget\" data-widget_type=\"heading.default\">\n\t\t\t\t<div class=\"elementor-widget-container\">\n\t\t\t\t\t<h3 class=\"elementor-heading-title elementor-size-default\">Junta-te a n\u00f3s<\/h3>\t\t\t\t<\/div>\n\t\t\t\t<\/div>\n\t\t\t\t<div class=\"elementor-element elementor-element-0c2d0b8 elementor-widget elementor-widget-text-editor\" data-id=\"0c2d0b8\" data-element_type=\"widget\" data-widget_type=\"text-editor.default\">\n\t\t\t\t<div class=\"elementor-widget-container\">\n\t\t\t\t\t\t\t\t\t<p>Quer sejas um veterano dos trilhos ou estejas a cal\u00e7ar os teus t\u00e9nis de corrida pela primeira vez, o TrailRunAdvisor convida-te a juntar-te a n\u00f3s nesta aventura.<\/p><p> <\/p><p>Explora as nossas opini\u00f5es, partilha as tuas pr\u00f3prias hist\u00f3rias de trail e faz parte de uma comunidade que vive e respira a ess\u00eancia do trail running.<\/p><p> <\/p><p>N\u00e3o hesites em contactar-nos com os teus coment\u00e1rios e ideias &#8211; \u00e9s sempre bem-vindo!<\/p>\t\t\t\t\t\t\t\t<\/div>\n\t\t\t\t<\/div>\n\t\t\t\t<\/div>\n\t\t<div class=\"elementor-element elementor-element-c9c67db e-con-full e-flex e-con e-child\" data-id=\"c9c67db\" data-element_type=\"container\">\n\t\t\t\t<div class=\"elementor-element elementor-element-38d3163 elementor-widget elementor-widget-image\" data-id=\"38d3163\" data-element_type=\"widget\" data-widget_type=\"image.default\">\n\t\t\t\t<div class=\"elementor-widget-container\">\n\t\t\t\t\t\t\t\t\t\t\t\t\t\t\t<img decoding=\"async\" width=\"1024\" height=\"683\" src=\"https:\/\/trailrunadvisor.com\/wp-content\/uploads\/2025\/05\/colore13-1024x683.jpg\" class=\"attachment-large size-large wp-image-10769\" alt=\"\" srcset=\"https:\/\/trailrunadvisor.com\/wp-content\/uploads\/2025\/05\/colore13-1024x683.jpg 1024w, https:\/\/trailrunadvisor.com\/wp-content\/uploads\/2025\/05\/colore13-300x200.jpg 300w, https:\/\/trailrunadvisor.com\/wp-content\/uploads\/2025\/05\/colore13-768x512.jpg 768w, https:\/\/trailrunadvisor.com\/wp-content\/uploads\/2025\/05\/colore13-1536x1024.jpg 1536w, https:\/\/trailrunadvisor.com\/wp-content\/uploads\/2025\/05\/colore13-2048x1365.jpg 2048w\" sizes=\"(max-width: 1024px) 100vw, 1024px\" \/>\t\t\t\t\t\t\t\t\t\t\t\t\t\t\t<\/div>\n\t\t\t\t<\/div>\n\t\t\t\t<\/div>\n\t\t\t\t\t<\/div>\n\t\t\t\t<\/div>\n\t\t<div class=\"elementor-element elementor-element-cf9fd51 e-con-full e-flex e-con e-parent\" data-id=\"cf9fd51\" data-element_type=\"container\">\n\t\t\t\t<div class=\"elementor-element elementor-element-683d4d3 elementor-widget elementor-widget-heading\" data-id=\"683d4d3\" data-element_type=\"widget\" data-widget_type=\"heading.default\">\n\t\t\t\t<div class=\"elementor-widget-container\">\n\t\t\t\t\t<p class=\"elementor-heading-title elementor-size-default\">Obrigado por fazeres parte da nossa fam\u00edlia de amantes dos trilhos!<\/p>\t\t\t\t<\/div>\n\t\t\t\t<\/div>\n\t\t\t\t<\/div>\n\t\t\t\t<\/div>\n\t\t","protected":false},"excerpt":{"rendered":"<p>A nossa hist\u00f3ria O TrailRunAdvisor nasceu de uma ideia simples, mas poderosa: criar uma plataforma abrangente para os entusiastas do trail que procuram opini\u00f5es e cr\u00edticas sobre corridas em todo o mundo. Somos uma equipa de tr\u00eas corredores de trail experientes sediados em Fran\u00e7a, unidos pela nossa paix\u00e3o comum pelo trail running. Para n\u00f3s, o [&hellip;]<\/p>\n","protected":false},"author":1,"featured_media":0,"parent":0,"menu_order":0,"comment_status":"closed","ping_status":"closed","template":"","meta":{"_acf_changed":false,"footnotes":""},"class_list":["post-13294","page","type-page","status-publish","hentry"],"acf":[],"yoast_head":"<!-- This site is optimized with the Yoast SEO plugin v26.8 - https:\/\/yoast.com\/product\/yoast-seo-wordpress\/ -->\n<title>A nossa hist\u00f3ria - Trail Run Advisor<\/title>\n<meta name=\"robots\" content=\"noindex, follow\" \/>\n<meta property=\"og:locale\" content=\"pt_PT\" \/>\n<meta property=\"og:type\" content=\"article\" \/>\n<meta property=\"og:title\" content=\"A nossa hist\u00f3ria - Trail Run Advisor\" \/>\n<meta property=\"og:description\" content=\"A nossa hist\u00f3ria O TrailRunAdvisor nasceu de uma ideia simples, mas poderosa: criar uma plataforma abrangente para os entusiastas do trail que procuram opini\u00f5es e cr\u00edticas sobre corridas em todo o mundo. Somos uma equipa de tr\u00eas corredores de trail experientes sediados em Fran\u00e7a, unidos pela nossa paix\u00e3o comum pelo trail running. Para n\u00f3s, o [&hellip;]\" \/>\n<meta property=\"og:url\" content=\"https:\/\/trailrunadvisor.com\/pt-pt\/a-nossa-historia-2\/\" \/>\n<meta property=\"og:site_name\" content=\"Trail Run Advisor\" \/>\n<meta property=\"article:publisher\" content=\"https:\/\/www.facebook.com\/profile.php?id=61554747731790&amp;mibextid=9R9pXO\" \/>\n<meta property=\"article:modified_time\" content=\"2026-04-08T12:29:02+00:00\" \/>\n<meta property=\"og:image\" content=\"https:\/\/trailrunadvisor.com\/wp-content\/uploads\/2025\/05\/trailrun-01-scaled.jpg\" \/>\n\t<meta property=\"og:image:width\" content=\"2560\" \/>\n\t<meta property=\"og:image:height\" content=\"1706\" \/>\n\t<meta property=\"og:image:type\" content=\"image\/jpeg\" \/>\n<meta name=\"twitter:card\" content=\"summary_large_image\" \/>\n<meta name=\"twitter:label1\" content=\"Tempo estimado de leitura\" \/>\n\t<meta name=\"twitter:data1\" content=\"2 minutos\" \/>\n<!-- \/ Yoast SEO plugin. -->","yoast_head_json":{"title":"A nossa hist\u00f3ria - Trail Run Advisor","robots":{"index":"noindex","follow":"follow"},"og_locale":"pt_PT","og_type":"article","og_title":"A nossa hist\u00f3ria - Trail Run Advisor","og_description":"A nossa hist\u00f3ria O TrailRunAdvisor nasceu de uma ideia simples, mas poderosa: criar uma plataforma abrangente para os entusiastas do trail que procuram opini\u00f5es e cr\u00edticas sobre corridas em todo o mundo. Somos uma equipa de tr\u00eas corredores de trail experientes sediados em Fran\u00e7a, unidos pela nossa paix\u00e3o comum pelo trail running. Para n\u00f3s, o [&hellip;]","og_url":"https:\/\/trailrunadvisor.com\/pt-pt\/a-nossa-historia-2\/","og_site_name":"Trail Run Advisor","article_publisher":"https:\/\/www.facebook.com\/profile.php?id=61554747731790&mibextid=9R9pXO","article_modified_time":"2026-04-08T12:29:02+00:00","og_image":[{"width":2560,"height":1706,"url":"https:\/\/trailrunadvisor.com\/wp-content\/uploads\/2025\/05\/trailrun-01-scaled.jpg","type":"image\/jpeg"}],"twitter_card":"summary_large_image","twitter_misc":{"Tempo estimado de leitura":"2 minutos"},"schema":{"@context":"https:\/\/schema.org","@graph":[{"@type":"WebPage","@id":"https:\/\/trailrunadvisor.com\/pt-pt\/a-nossa-historia-2\/","url":"https:\/\/trailrunadvisor.com\/pt-pt\/a-nossa-historia-2\/","name":"A nossa hist\u00f3ria - Trail Run Advisor","isPartOf":{"@id":"https:\/\/trailrunadvisor.com\/pt-pt\/#website"},"primaryImageOfPage":{"@id":"https:\/\/trailrunadvisor.com\/pt-pt\/a-nossa-historia-2\/#primaryimage"},"image":{"@id":"https:\/\/trailrunadvisor.com\/pt-pt\/a-nossa-historia-2\/#primaryimage"},"thumbnailUrl":"https:\/\/trailrunadvisor.com\/wp-content\/uploads\/2025\/05\/trailrun-01-1024x683.jpg","datePublished":"2025-05-08T09:56:41+00:00","dateModified":"2026-04-08T12:29:02+00:00","breadcrumb":{"@id":"https:\/\/trailrunadvisor.com\/pt-pt\/a-nossa-historia-2\/#breadcrumb"},"inLanguage":"pt-PT","potentialAction":[{"@type":"ReadAction","target":["https:\/\/trailrunadvisor.com\/pt-pt\/a-nossa-historia-2\/"]}]},{"@type":"ImageObject","inLanguage":"pt-PT","@id":"https:\/\/trailrunadvisor.com\/pt-pt\/a-nossa-historia-2\/#primaryimage","url":"https:\/\/trailrunadvisor.com\/wp-content\/uploads\/2025\/05\/trailrun-01-1024x683.jpg","contentUrl":"https:\/\/trailrunadvisor.com\/wp-content\/uploads\/2025\/05\/trailrun-01-1024x683.jpg"},{"@type":"BreadcrumbList","@id":"https:\/\/trailrunadvisor.com\/pt-pt\/a-nossa-historia-2\/#breadcrumb","itemListElement":[{"@type":"ListItem","position":1,"name":"Home","item":"https:\/\/trailrunadvisor.com\/pt-pt\/"},{"@type":"ListItem","position":2,"name":"A nossa hist\u00f3ria"}]},{"@type":"WebSite","@id":"https:\/\/trailrunadvisor.com\/pt-pt\/#website","url":"https:\/\/trailrunadvisor.com\/pt-pt\/","name":"Trail Run Advisor","description":"","publisher":{"@id":"https:\/\/trailrunadvisor.com\/pt-pt\/#organization"},"potentialAction":[{"@type":"SearchAction","target":{"@type":"EntryPoint","urlTemplate":"https:\/\/trailrunadvisor.com\/pt-pt\/?s={search_term_string}"},"query-input":{"@type":"PropertyValueSpecification","valueRequired":true,"valueName":"search_term_string"}}],"inLanguage":"pt-PT"},{"@type":"Organization","@id":"https:\/\/trailrunadvisor.com\/pt-pt\/#organization","name":"Trail Run Advisor","url":"https:\/\/trailrunadvisor.com\/pt-pt\/","logo":{"@type":"ImageObject","inLanguage":"pt-PT","@id":"https:\/\/trailrunadvisor.com\/pt-pt\/#\/schema\/logo\/image\/","url":"https:\/\/trailrunadvisor.com\/wp-content\/uploads\/2023\/12\/logo-trailrunadvisor.png","contentUrl":"https:\/\/trailrunadvisor.com\/wp-content\/uploads\/2023\/12\/logo-trailrunadvisor.png","width":613,"height":80,"caption":"Trail Run Advisor"},"image":{"@id":"https:\/\/trailrunadvisor.com\/pt-pt\/#\/schema\/logo\/image\/"},"sameAs":["https:\/\/www.facebook.com\/profile.php?id=61554747731790&mibextid=9R9pXO","https:\/\/www.instagram.com\/trailrunadvisor\/"]}]}},"_links":{"self":[{"href":"https:\/\/trailrunadvisor.com\/pt-pt\/wp-json\/wp\/v2\/pages\/13294","targetHints":{"allow":["GET"]}}],"collection":[{"href":"https:\/\/trailrunadvisor.com\/pt-pt\/wp-json\/wp\/v2\/pages"}],"about":[{"href":"https:\/\/trailrunadvisor.com\/pt-pt\/wp-json\/wp\/v2\/types\/page"}],"author":[{"embeddable":true,"href":"https:\/\/trailrunadvisor.com\/pt-pt\/wp-json\/wp\/v2\/users\/1"}],"replies":[{"embeddable":true,"href":"https:\/\/trailrunadvisor.com\/pt-pt\/wp-json\/wp\/v2\/comments?post=13294"}],"version-history":[{"count":3,"href":"https:\/\/trailrunadvisor.com\/pt-pt\/wp-json\/wp\/v2\/pages\/13294\/revisions"}],"predecessor-version":[{"id":18313,"href":"https:\/\/trailrunadvisor.com\/pt-pt\/wp-json\/wp\/v2\/pages\/13294\/revisions\/18313"}],"wp:attachment":[{"href":"https:\/\/trailrunadvisor.com\/pt-pt\/wp-json\/wp\/v2\/media?parent=13294"}],"curies":[{"name":"wp","href":"https:\/\/api.w.org\/{rel}","templated":true}]}}