{"id":18890,"date":"2026-04-20T13:02:48","date_gmt":"2026-04-20T11:02:48","guid":{"rendered":"https:\/\/trailrunadvisor.com\/corridas-com-melhor-classificacao\/"},"modified":"2026-04-20T17:00:34","modified_gmt":"2026-04-20T15:00:34","slug":"corridas-com-melhor-classificacao","status":"publish","type":"page","link":"https:\/\/trailrunadvisor.com\/pt-pt\/corridas-com-melhor-classificacao\/","title":{"rendered":"Corridas com melhor classifica\u00e7\u00e3o"},"content":{"rendered":"\t\t<div data-elementor-type=\"wp-page\" data-elementor-id=\"18890\" class=\"elementor elementor-18890 elementor-18489\" data-elementor-post-type=\"page\">\n\t\t\t\t<div class=\"elementor-element elementor-element-55c87f7 e-flex e-con-boxed e-con e-parent\" data-id=\"55c87f7\" data-element_type=\"container\">\n\t\t\t\t\t<div class=\"e-con-inner\">\n\t\t\t\t<div class=\"elementor-element elementor-element-da29a11 elementor-widget elementor-widget-heading\" data-id=\"da29a11\" data-element_type=\"widget\" data-widget_type=\"heading.default\">\n\t\t\t\t<div class=\"elementor-widget-container\">\n\t\t\t\t\t<h1 class=\"elementor-heading-title elementor-size-default\">corridas com melhor classifica\u00e7\u00e3o<\/h1>\t\t\t\t<\/div>\n\t\t\t\t<\/div>\n\t\t<div class=\"elementor-element elementor-element-3defd5f e-con-full e-flex e-con e-child\" data-id=\"3defd5f\" data-element_type=\"container\">\n\t\t\t\t<div class=\"elementor-element elementor-element-7963b39 elementor-widget__width-initial elementor-widget elementor-widget-text-editor\" data-id=\"7963b39\" data-element_type=\"widget\" data-widget_type=\"text-editor.default\">\n\t\t\t\t<div class=\"elementor-widget-container\">\n\t\t\t\t\t\t\t\t\t<p>Explora uma sele\u00e7\u00e3o das corridas de trail mais bem classificadas do mundo, escolhidas com base no feedback de corredores reais, na qualidade do percurso e na experi\u00eancia geral. Desde as ic\u00f3nicas ultras de montanha at\u00e9 \u00e0s j\u00f3ias escondidas, estes eventos destacam-se pela sua organiza\u00e7\u00e3o, ambiente e paisagens inesquec\u00edveis. Quer procures desempenho ou aventura, estas s\u00e3o as corridas que cumprem consistentemente.  <\/p>\t\t\t\t\t\t\t\t<\/div>\n\t\t\t\t<\/div>\n\t\t\t\t<div class=\"elementor-element elementor-element-d6b7685 elementor-widget elementor-widget-image\" data-id=\"d6b7685\" data-element_type=\"widget\" data-widget_type=\"image.default\">\n\t\t\t\t<div class=\"elementor-widget-container\">\n\t\t\t\t\t\t\t\t\t\t\t\t\t\t\t<img fetchpriority=\"high\" decoding=\"async\" width=\"240\" height=\"300\" src=\"https:\/\/trailrunadvisor.com\/wp-content\/uploads\/2026\/04\/Top-Rated-Race-badge-240x300.png\" class=\"attachment-medium size-medium wp-image-18475 has-transparency\" alt=\"\" srcset=\"https:\/\/trailrunadvisor.com\/wp-content\/uploads\/2026\/04\/Top-Rated-Race-badge-240x300.png 240w, https:\/\/trailrunadvisor.com\/wp-content\/uploads\/2026\/04\/Top-Rated-Race-badge-819x1024.png 819w, https:\/\/trailrunadvisor.com\/wp-content\/uploads\/2026\/04\/Top-Rated-Race-badge-768x960.png 768w, https:\/\/trailrunadvisor.com\/wp-content\/uploads\/2026\/04\/Top-Rated-Race-badge.png 1080w\" sizes=\"(max-width: 240px) 100vw, 240px\" data-has-transparency=\"true\" data-dominant-color=\"2fcb92\" style=\"--dominant-color: #2fcb92\" \/>\t\t\t\t\t\t\t\t\t\t\t\t\t\t\t<\/div>\n\t\t\t\t<\/div>\n\t\t\t\t<\/div>\n\t\t<div class=\"elementor-element elementor-element-7bfeb49 e-con-full e-flex e-con e-child\" data-id=\"7bfeb49\" data-element_type=\"container\">\n\t\t\t\t<div class=\"elementor-element elementor-element-47d9647 elementor-grid-1 elementor-widget__width-initial news-first-loop elementor-grid-tablet-1 elementor-grid-mobile-1 elementor-widget elementor-widget-loop-grid\" data-id=\"47d9647\" data-element_type=\"widget\" data-settings=\"{&quot;template_id&quot;:11264,&quot;columns&quot;:1,&quot;row_gap&quot;:{&quot;unit&quot;:&quot;px&quot;,&quot;size&quot;:20,&quot;sizes&quot;:[]},&quot;columns_tablet&quot;:1,&quot;columns_mobile&quot;:1,&quot;_skin&quot;:&quot;post&quot;,&quot;edit_handle_selector&quot;:&quot;[data-elementor-type=\\&quot;loop-item\\&quot;]&quot;,&quot;row_gap_laptop&quot;:{&quot;unit&quot;:&quot;px&quot;,&quot;size&quot;:&quot;&quot;,&quot;sizes&quot;:[]},&quot;row_gap_tablet&quot;:{&quot;unit&quot;:&quot;px&quot;,&quot;size&quot;:&quot;&quot;,&quot;sizes&quot;:[]},&quot;row_gap_mobile&quot;:{&quot;unit&quot;:&quot;px&quot;,&quot;size&quot;:&quot;&quot;,&quot;sizes&quot;:[]}}\" data-widget_type=\"loop-grid.post\">\n\t\t\t\t<div class=\"elementor-widget-container\">\n\t\t\t\t\t\t\t<div class=\"e-loop-nothing-found-message\">\n\t\t<\/div>\n\t\t\t\t\t\t<\/div>\n\t\t\t\t<\/div>\n\t\t\t\t<div class=\"elementor-element elementor-element-8759461 elementor-grid-1 elementor-widget__width-initial elementor-grid-tablet-1 elementor-grid-mobile-1 elementor-widget elementor-widget-loop-grid\" data-id=\"8759461\" data-element_type=\"widget\" data-settings=\"{&quot;template_id&quot;:11264,&quot;columns&quot;:1,&quot;row_gap&quot;:{&quot;unit&quot;:&quot;px&quot;,&quot;size&quot;:20,&quot;sizes&quot;:[]},&quot;columns_tablet&quot;:1,&quot;alternate_template&quot;:&quot;yes&quot;,&quot;_skin&quot;:&quot;post&quot;,&quot;columns_mobile&quot;:&quot;1&quot;,&quot;edit_handle_selector&quot;:&quot;[data-elementor-type=\\&quot;loop-item\\&quot;]&quot;,&quot;row_gap_laptop&quot;:{&quot;unit&quot;:&quot;px&quot;,&quot;size&quot;:&quot;&quot;,&quot;sizes&quot;:[]},&quot;row_gap_tablet&quot;:{&quot;unit&quot;:&quot;px&quot;,&quot;size&quot;:&quot;&quot;,&quot;sizes&quot;:[]},&quot;row_gap_mobile&quot;:{&quot;unit&quot;:&quot;px&quot;,&quot;size&quot;:&quot;&quot;,&quot;sizes&quot;:[]}}\" data-widget_type=\"loop-grid.post\">\n\t\t\t\t<div class=\"elementor-widget-container\">\n\t\t\t\t\t\t\t<div class=\"e-loop-nothing-found-message\">\n\t\t<\/div>\n\t\t\t\t\t\t<\/div>\n\t\t\t\t<\/div>\n\t\t\t\t<\/div>\n\t\t\t\t\t<\/div>\n\t\t\t\t<\/div>\n\t\t<div class=\"elementor-element elementor-element-5d1ee08 e-flex e-con-boxed e-con e-parent\" data-id=\"5d1ee08\" data-element_type=\"container\">\n\t\t\t\t\t<div class=\"e-con-inner\">\n\t\t\t\t<div class=\"elementor-element elementor-element-b0ca882 elementor-grid-3 elementor-grid-tablet-2 elementor-grid-mobile-1 elementor-widget elementor-widget-loop-grid\" data-id=\"b0ca882\" data-element_type=\"widget\" data-settings=\"{&quot;template_id&quot;:11389,&quot;row_gap&quot;:{&quot;unit&quot;:&quot;px&quot;,&quot;size&quot;:20,&quot;sizes&quot;:[]},&quot;pagination_type&quot;:&quot;numbers&quot;,&quot;_skin&quot;:&quot;post&quot;,&quot;columns&quot;:&quot;3&quot;,&quot;columns_tablet&quot;:&quot;2&quot;,&quot;columns_mobile&quot;:&quot;1&quot;,&quot;edit_handle_selector&quot;:&quot;[data-elementor-type=\\&quot;loop-item\\&quot;]&quot;,&quot;pagination_load_type&quot;:&quot;page_reload&quot;,&quot;row_gap_laptop&quot;:{&quot;unit&quot;:&quot;px&quot;,&quot;size&quot;:&quot;&quot;,&quot;sizes&quot;:[]},&quot;row_gap_tablet&quot;:{&quot;unit&quot;:&quot;px&quot;,&quot;size&quot;:&quot;&quot;,&quot;sizes&quot;:[]},&quot;row_gap_mobile&quot;:{&quot;unit&quot;:&quot;px&quot;,&quot;size&quot;:&quot;&quot;,&quot;sizes&quot;:[]}}\" data-widget_type=\"loop-grid.post\">\n\t\t\t\t<div class=\"elementor-widget-container\">\n\t\t\t\t\t\t\t<div class=\"e-loop-nothing-found-message\">\n\t\t<\/div>\n\t\t\t\t\t\t<\/div>\n\t\t\t\t<\/div>\n\t\t\t\t\t<\/div>\n\t\t\t\t<\/div>\n\t\t\t\t<\/div>\n\t\t","protected":false},"excerpt":{"rendered":"<p>corridas com melhor classifica\u00e7\u00e3o Explora uma sele\u00e7\u00e3o das corridas de trail mais bem classificadas do mundo, escolhidas com base no feedback de corredores reais, na qualidade do percurso e na experi\u00eancia geral. Desde as ic\u00f3nicas ultras de montanha at\u00e9 \u00e0s j\u00f3ias escondidas, estes eventos destacam-se pela sua organiza\u00e7\u00e3o, ambiente e paisagens inesquec\u00edveis. Quer procures desempenho [&hellip;]<\/p>\n","protected":false},"author":4334,"featured_media":0,"parent":0,"menu_order":0,"comment_status":"closed","ping_status":"closed","template":"","meta":{"_acf_changed":false,"footnotes":""},"class_list":["post-18890","page","type-page","status-publish","hentry"],"acf":[],"yoast_head":"<!-- This site is optimized with the Yoast SEO plugin v26.8 - https:\/\/yoast.com\/product\/yoast-seo-wordpress\/ -->\n<title>Corridas com melhor classifica\u00e7\u00e3o - Trail Run Advisor<\/title>\n<meta name=\"description\" content=\"Descobre as melhores corridas de trail de topo em todo o mundo. Explora as opini\u00f5es dos corredores, percursos emblem\u00e1ticos e eventos imperd\u00edveis conhecidos pela sua excelente organiza\u00e7\u00e3o e paisagens inesquec\u00edveis.\" \/>\n<meta name=\"robots\" content=\"noindex, nofollow\" \/>\n<meta property=\"og:locale\" content=\"pt_PT\" \/>\n<meta property=\"og:type\" content=\"article\" \/>\n<meta property=\"og:title\" content=\"Corridas com melhor classifica\u00e7\u00e3o - Trail Run Advisor\" \/>\n<meta property=\"og:description\" content=\"Descobre as melhores corridas de trail de topo em todo o mundo. Explora as opini\u00f5es dos corredores, percursos emblem\u00e1ticos e eventos imperd\u00edveis conhecidos pela sua excelente organiza\u00e7\u00e3o e paisagens inesquec\u00edveis.\" \/>\n<meta property=\"og:url\" content=\"https:\/\/trailrunadvisor.com\/pt-pt\/corridas-com-melhor-classificacao\/\" \/>\n<meta property=\"og:site_name\" content=\"Trail Run Advisor\" \/>\n<meta property=\"article:publisher\" content=\"https:\/\/www.facebook.com\/profile.php?id=61554747731790&amp;mibextid=9R9pXO\" \/>\n<meta property=\"article:modified_time\" content=\"2026-04-20T15:00:34+00:00\" \/>\n<meta property=\"og:image\" content=\"https:\/\/trailrunadvisor.com\/wp-content\/uploads\/2026\/04\/Top-Rated-Race-badge.png\" \/>\n\t<meta property=\"og:image:width\" content=\"1080\" \/>\n\t<meta property=\"og:image:height\" content=\"1350\" \/>\n\t<meta property=\"og:image:type\" content=\"image\/png\" \/>\n<meta name=\"twitter:card\" content=\"summary_large_image\" \/>\n<!-- \/ Yoast SEO plugin. -->","yoast_head_json":{"title":"Corridas com melhor classifica\u00e7\u00e3o - Trail Run Advisor","description":"Descobre as melhores corridas de trail de topo em todo o mundo. Explora as opini\u00f5es dos corredores, percursos emblem\u00e1ticos e eventos imperd\u00edveis conhecidos pela sua excelente organiza\u00e7\u00e3o e paisagens inesquec\u00edveis.","robots":{"index":"noindex","follow":"nofollow"},"og_locale":"pt_PT","og_type":"article","og_title":"Corridas com melhor classifica\u00e7\u00e3o - Trail Run Advisor","og_description":"Descobre as melhores corridas de trail de topo em todo o mundo. Explora as opini\u00f5es dos corredores, percursos emblem\u00e1ticos e eventos imperd\u00edveis conhecidos pela sua excelente organiza\u00e7\u00e3o e paisagens inesquec\u00edveis.","og_url":"https:\/\/trailrunadvisor.com\/pt-pt\/corridas-com-melhor-classificacao\/","og_site_name":"Trail Run Advisor","article_publisher":"https:\/\/www.facebook.com\/profile.php?id=61554747731790&mibextid=9R9pXO","article_modified_time":"2026-04-20T15:00:34+00:00","og_image":[{"width":1080,"height":1350,"url":"https:\/\/trailrunadvisor.com\/wp-content\/uploads\/2026\/04\/Top-Rated-Race-badge.png","type":"image\/png"}],"twitter_card":"summary_large_image","schema":{"@context":"https:\/\/schema.org","@graph":[{"@type":"WebPage","@id":"https:\/\/trailrunadvisor.com\/pt-pt\/corridas-com-melhor-classificacao\/","url":"https:\/\/trailrunadvisor.com\/pt-pt\/corridas-com-melhor-classificacao\/","name":"Corridas com melhor classifica\u00e7\u00e3o - Trail Run Advisor","isPartOf":{"@id":"https:\/\/trailrunadvisor.com\/pt-pt\/#website"},"primaryImageOfPage":{"@id":"https:\/\/trailrunadvisor.com\/pt-pt\/corridas-com-melhor-classificacao\/#primaryimage"},"image":{"@id":"https:\/\/trailrunadvisor.com\/pt-pt\/corridas-com-melhor-classificacao\/#primaryimage"},"thumbnailUrl":"https:\/\/trailrunadvisor.com\/wp-content\/uploads\/2026\/04\/Top-Rated-Race-badge-240x300.png","datePublished":"2026-04-20T11:02:48+00:00","dateModified":"2026-04-20T15:00:34+00:00","description":"Descobre as melhores corridas de trail de topo em todo o mundo. Explora as opini\u00f5es dos corredores, percursos emblem\u00e1ticos e eventos imperd\u00edveis conhecidos pela sua excelente organiza\u00e7\u00e3o e paisagens inesquec\u00edveis.","breadcrumb":{"@id":"https:\/\/trailrunadvisor.com\/pt-pt\/corridas-com-melhor-classificacao\/#breadcrumb"},"inLanguage":"pt-PT","potentialAction":[{"@type":"ReadAction","target":["https:\/\/trailrunadvisor.com\/pt-pt\/corridas-com-melhor-classificacao\/"]}]},{"@type":"ImageObject","inLanguage":"pt-PT","@id":"https:\/\/trailrunadvisor.com\/pt-pt\/corridas-com-melhor-classificacao\/#primaryimage","url":"https:\/\/trailrunadvisor.com\/wp-content\/uploads\/2026\/04\/Top-Rated-Race-badge-240x300.png","contentUrl":"https:\/\/trailrunadvisor.com\/wp-content\/uploads\/2026\/04\/Top-Rated-Race-badge-240x300.png"},{"@type":"BreadcrumbList","@id":"https:\/\/trailrunadvisor.com\/pt-pt\/corridas-com-melhor-classificacao\/#breadcrumb","itemListElement":[{"@type":"ListItem","position":1,"name":"Home","item":"https:\/\/trailrunadvisor.com\/pt-pt\/"},{"@type":"ListItem","position":2,"name":"Corridas com melhor classifica\u00e7\u00e3o"}]},{"@type":"WebSite","@id":"https:\/\/trailrunadvisor.com\/pt-pt\/#website","url":"https:\/\/trailrunadvisor.com\/pt-pt\/","name":"Trail Run Advisor","description":"","publisher":{"@id":"https:\/\/trailrunadvisor.com\/pt-pt\/#organization"},"potentialAction":[{"@type":"SearchAction","target":{"@type":"EntryPoint","urlTemplate":"https:\/\/trailrunadvisor.com\/pt-pt\/?s={search_term_string}"},"query-input":{"@type":"PropertyValueSpecification","valueRequired":true,"valueName":"search_term_string"}}],"inLanguage":"pt-PT"},{"@type":"Organization","@id":"https:\/\/trailrunadvisor.com\/pt-pt\/#organization","name":"Trail Run Advisor","url":"https:\/\/trailrunadvisor.com\/pt-pt\/","logo":{"@type":"ImageObject","inLanguage":"pt-PT","@id":"https:\/\/trailrunadvisor.com\/pt-pt\/#\/schema\/logo\/image\/","url":"https:\/\/trailrunadvisor.com\/wp-content\/uploads\/2023\/12\/logo-trailrunadvisor.png","contentUrl":"https:\/\/trailrunadvisor.com\/wp-content\/uploads\/2023\/12\/logo-trailrunadvisor.png","width":613,"height":80,"caption":"Trail Run Advisor"},"image":{"@id":"https:\/\/trailrunadvisor.com\/pt-pt\/#\/schema\/logo\/image\/"},"sameAs":["https:\/\/www.facebook.com\/profile.php?id=61554747731790&mibextid=9R9pXO","https:\/\/www.instagram.com\/trailrunadvisor\/"]}]}},"_links":{"self":[{"href":"https:\/\/trailrunadvisor.com\/pt-pt\/wp-json\/wp\/v2\/pages\/18890","targetHints":{"allow":["GET"]}}],"collection":[{"href":"https:\/\/trailrunadvisor.com\/pt-pt\/wp-json\/wp\/v2\/pages"}],"about":[{"href":"https:\/\/trailrunadvisor.com\/pt-pt\/wp-json\/wp\/v2\/types\/page"}],"author":[{"embeddable":true,"href":"https:\/\/trailrunadvisor.com\/pt-pt\/wp-json\/wp\/v2\/users\/4334"}],"replies":[{"embeddable":true,"href":"https:\/\/trailrunadvisor.com\/pt-pt\/wp-json\/wp\/v2\/comments?post=18890"}],"version-history":[{"count":2,"href":"https:\/\/trailrunadvisor.com\/pt-pt\/wp-json\/wp\/v2\/pages\/18890\/revisions"}],"predecessor-version":[{"id":18898,"href":"https:\/\/trailrunadvisor.com\/pt-pt\/wp-json\/wp\/v2\/pages\/18890\/revisions\/18898"}],"wp:attachment":[{"href":"https:\/\/trailrunadvisor.com\/pt-pt\/wp-json\/wp\/v2\/media?parent=18890"}],"curies":[{"name":"wp","href":"https:\/\/api.w.org\/{rel}","templated":true}]}}