{"id":9356,"date":"2023-12-21T16:32:35","date_gmt":"2023-12-21T15:32:35","guid":{"rendered":"https:\/\/trailrunadvisor.com\/aviso-legal\/"},"modified":"2025-03-14T08:10:36","modified_gmt":"2025-03-14T07:10:36","slug":"aviso-legal","status":"publish","type":"page","link":"https:\/\/trailrunadvisor.com\/pt-pt\/aviso-legal\/","title":{"rendered":"Aviso legal"},"content":{"rendered":"\t\t<div data-elementor-type=\"wp-page\" data-elementor-id=\"9356\" class=\"elementor elementor-9356 elementor-5912\" data-elementor-post-type=\"page\">\n\t\t\t\t<div class=\"elementor-element elementor-element-8fe8f1e e-flex e-con-boxed e-con e-parent\" data-id=\"8fe8f1e\" data-element_type=\"container\">\n\t\t\t\t\t<div class=\"e-con-inner\">\n\t\t\t\t<div class=\"elementor-element elementor-element-67c0047 elementor-widget elementor-widget-heading\" data-id=\"67c0047\" data-element_type=\"widget\" data-widget_type=\"heading.default\">\n\t\t\t\t<div class=\"elementor-widget-container\">\n\t\t\t\t\t<h3 class=\"elementor-heading-title elementor-size-default\">Produ\u00e7\u00e3o t\u00e9cnica<\/h3>\t\t\t\t<\/div>\n\t\t\t\t<\/div>\n\t\t\t\t<div class=\"elementor-element elementor-element-66e9803 elementor-widget elementor-widget-text-editor\" data-id=\"66e9803\" data-element_type=\"widget\" data-widget_type=\"text-editor.default\">\n\t\t\t\t<div class=\"elementor-widget-container\">\n\t\t\t\t\t\t\t\t\t<p>COQPIT<\/p><p>5 rue Valentin Hauy,<\/p><p>63000 Clermont-Ferrand<\/p><p>Telefone : 04 73 38 67 25<\/p><p>S\u00edtio Web : <a href=\"https:\/\/www.coqpit.fr\/\">www.coqpit.fr<\/a><\/p>\t\t\t\t\t\t\t\t<\/div>\n\t\t\t\t<\/div>\n\t\t\t\t\t<\/div>\n\t\t\t\t<\/div>\n\t\t<div class=\"elementor-element elementor-element-4d7d013 e-flex e-con-boxed e-con e-parent\" data-id=\"4d7d013\" data-element_type=\"container\">\n\t\t\t\t\t<div class=\"e-con-inner\">\n\t\t\t\t<div class=\"elementor-element elementor-element-c5a19a7 elementor-widget elementor-widget-heading\" data-id=\"c5a19a7\" data-element_type=\"widget\" data-widget_type=\"heading.default\">\n\t\t\t\t<div class=\"elementor-widget-container\">\n\t\t\t\t\t<h3 class=\"elementor-heading-title elementor-size-default\">Anfitri\u00e3o<\/h3>\t\t\t\t<\/div>\n\t\t\t\t<\/div>\n\t\t\t\t<div class=\"elementor-element elementor-element-4b06258 elementor-widget elementor-widget-text-editor\" data-id=\"4b06258\" data-element_type=\"widget\" data-widget_type=\"text-editor.default\">\n\t\t\t\t<div class=\"elementor-widget-container\">\n\t\t\t\t\t\t\t\t\t<p>SCALEWAY SAS<\/p><p>75366 PARIS CEDEX 08<\/p><p>FRAN\u00c7A<\/p>\t\t\t\t\t\t\t\t<\/div>\n\t\t\t\t<\/div>\n\t\t\t\t\t<\/div>\n\t\t\t\t<\/div>\n\t\t<div class=\"elementor-element elementor-element-e3c26ce e-flex e-con-boxed e-con e-parent\" data-id=\"e3c26ce\" data-element_type=\"container\">\n\t\t\t\t\t<div class=\"e-con-inner\">\n\t\t\t\t<div class=\"elementor-element elementor-element-b62b511 elementor-widget elementor-widget-heading\" data-id=\"b62b511\" data-element_type=\"widget\" data-widget_type=\"heading.default\">\n\t\t\t\t<div class=\"elementor-widget-container\">\n\t\t\t\t\t<h3 class=\"elementor-heading-title elementor-size-default\">Processamento de dados pessoais<\/h3>\t\t\t\t<\/div>\n\t\t\t\t<\/div>\n\t\t\t\t<div class=\"elementor-element elementor-element-c414152 elementor-widget elementor-widget-text-editor\" data-id=\"c414152\" data-element_type=\"widget\" data-widget_type=\"text-editor.default\">\n\t\t\t\t<div class=\"elementor-widget-container\">\n\t\t\t\t\t\t\t\t\t<p>Os dados pessoais n\u00e3o s\u00e3o armazenados pelo s\u00edtio Web. Todos os dados enviados atrav\u00e9s dos formul\u00e1rios s\u00e3o transmitidos \u00e0s v\u00e1rias organiza\u00e7\u00f5es que se comprometem a respeitar os dados pessoais e a processar o teu pedido. De acordo com o planeamento do regulamento europeu sobre dados pessoais, podes fazer um pedido atrav\u00e9s do formul\u00e1rio de contacto para solicitar a elimina\u00e7\u00e3o dos teus dados pessoais.  <\/p>\t\t\t\t\t\t\t\t<\/div>\n\t\t\t\t<\/div>\n\t\t\t\t\t<\/div>\n\t\t\t\t<\/div>\n\t\t<div class=\"elementor-element elementor-element-4805b76 e-flex e-con-boxed e-con e-parent\" data-id=\"4805b76\" data-element_type=\"container\">\n\t\t\t\t\t<div class=\"e-con-inner\">\n\t\t\t\t<div class=\"elementor-element elementor-element-2affd2b elementor-widget elementor-widget-heading\" data-id=\"2affd2b\" data-element_type=\"widget\" data-widget_type=\"heading.default\">\n\t\t\t\t<div class=\"elementor-widget-container\">\n\t\t\t\t\t<h3 class=\"elementor-heading-title elementor-size-default\">Direitos de autor<\/h3>\t\t\t\t<\/div>\n\t\t\t\t<\/div>\n\t\t\t\t<div class=\"elementor-element elementor-element-93a085e elementor-widget elementor-widget-text-editor\" data-id=\"93a085e\" data-element_type=\"widget\" data-widget_type=\"text-editor.default\">\n\t\t\t\t<div class=\"elementor-widget-container\">\n\t\t\t\t\t\t\t\t\t<p>Todas as marcas, fotografias, textos, coment\u00e1rios, ilustra\u00e7\u00f5es, imagens animadas ou n\u00e3o, sequ\u00eancias de v\u00eddeo, sons, bem como todas as aplica\u00e7\u00f5es inform\u00e1ticas que possam ser utilizadas para o funcionamento deste s\u00edtio e, de um modo geral, todos os elementos reproduzidos ou utilizados no s\u00edtio est\u00e3o protegidos pelas leis em vigor em mat\u00e9ria de propriedade intelectual. S\u00e3o propriedade plena e total do editor ou dos seus parceiros. A reprodu\u00e7\u00e3o total ou parcial deste s\u00edtio em suporte papel ou eletr\u00f3nico s\u00f3 \u00e9 autorizada para uso pessoal e privado, em conformidade com as disposi\u00e7\u00f5es do C\u00f3digo da Propriedade Intelectual.  <\/p><p>Estas reprodu\u00e7\u00f5es devem mencionar de forma clara e leg\u00edvel a fonte e o autor do s\u00edtio. Estas reprodu\u00e7\u00f5es n\u00e3o podem, em caso algum, prejudicar os autores. As fotografias, os textos, os log\u00f3tipos, os pictogramas e todas as obras intelectuais presentes neste s\u00edtio s\u00e3o propriedade da Trail Run Advisor ou de terceiros que autorizaram a sua utiliza\u00e7\u00e3o. Por favor, envia o teu pedido atrav\u00e9s do formul\u00e1rio de contacto para seres autorizado a utilizar o conte\u00fado do site.   <\/p>\t\t\t\t\t\t\t\t<\/div>\n\t\t\t\t<\/div>\n\t\t\t\t\t<\/div>\n\t\t\t\t<\/div>\n\t\t<div class=\"elementor-element elementor-element-3c948a5 e-flex e-con-boxed e-con e-parent\" data-id=\"3c948a5\" data-element_type=\"container\">\n\t\t\t\t\t<div class=\"e-con-inner\">\n\t\t\t\t<div class=\"elementor-element elementor-element-91eb845 elementor-widget elementor-widget-heading\" data-id=\"91eb845\" data-element_type=\"widget\" data-widget_type=\"heading.default\">\n\t\t\t\t<div class=\"elementor-widget-container\">\n\t\t\t\t\t<h3 class=\"elementor-heading-title elementor-size-default\">Liga\u00e7\u00f5es a s\u00edtios Web de terceiros<\/h3>\t\t\t\t<\/div>\n\t\t\t\t<\/div>\n\t\t\t\t<div class=\"elementor-element elementor-element-4de5d9c elementor-widget elementor-widget-text-editor\" data-id=\"4de5d9c\" data-element_type=\"widget\" data-widget_type=\"text-editor.default\">\n\t\t\t\t<div class=\"elementor-widget-container\">\n\t\t\t\t\t\t\t\t\t<p>Podem aparecer hiperliga\u00e7\u00f5es no s\u00edtio Web do Trail Run Advisor que conduzam a outros servi\u00e7os ou s\u00edtios Web, incluindo parceiros do Trail Run Advisor. Uma vez que o Trail Run Advisor n\u00e3o pode controlar o conte\u00fado desses servi\u00e7os ou s\u00edtios Web, os utilizadores reconhecem que o Trail Run Advisor n\u00e3o pode ser responsabilizado pelos produtos, servi\u00e7os, informa\u00e7\u00f5es dispon\u00edveis nesses servi\u00e7os ou s\u00edtios Web e\/ou a partir deles. Qualquer informa\u00e7\u00e3o acess\u00edvel atrav\u00e9s de uma liga\u00e7\u00e3o a outros s\u00edtios n\u00e3o est\u00e1 sob o controlo do Trail Run Advisor, que declina qualquer responsabilidade pelo seu conte\u00fado. O Trail Run Advisor \u00e9 livre de modificar a lista dos seus parceiros em qualquer altura.   <\/p>\t\t\t\t\t\t\t\t<\/div>\n\t\t\t\t<\/div>\n\t\t\t\t\t<\/div>\n\t\t\t\t<\/div>\n\t\t<div class=\"elementor-element elementor-element-ac240a4 e-flex e-con-boxed e-con e-parent\" data-id=\"ac240a4\" data-element_type=\"container\">\n\t\t\t\t\t<div class=\"e-con-inner\">\n\t\t\t\t<div class=\"elementor-element elementor-element-ed09250 elementor-widget elementor-widget-heading\" data-id=\"ed09250\" data-element_type=\"widget\" data-widget_type=\"heading.default\">\n\t\t\t\t<div class=\"elementor-widget-container\">\n\t\t\t\t\t<h3 class=\"elementor-heading-title elementor-size-default\">Responsabilidade<\/h3>\t\t\t\t<\/div>\n\t\t\t\t<\/div>\n\t\t\t\t<div class=\"elementor-element elementor-element-7cea9c7 elementor-widget elementor-widget-text-editor\" data-id=\"7cea9c7\" data-element_type=\"widget\" data-widget_type=\"text-editor.default\">\n\t\t\t\t<div class=\"elementor-widget-container\">\n\t\t\t\t\t\t\t\t\t<p>A Trail Run Advisor n\u00e3o pode ser responsabilizada por qualquer dano direto ou indireto resultante de uma interrup\u00e7\u00e3o, de um mau funcionamento de qualquer tipo, de uma suspens\u00e3o do acesso a estas hiperliga\u00e7\u00f5es &#8211; seja qual for o motivo &#8211; ou por qualquer dano direto ou indireto que resulte de qualquer forma da liga\u00e7\u00e3o \u00e0s mesmas.<\/p><p>O Trail Run Advisor esfor\u00e7a-se por assegurar, na medida das suas possibilidades, a exatid\u00e3o e a corre\u00e7\u00e3o das informa\u00e7\u00f5es dispon\u00edveis neste s\u00edtio. No entanto, tal n\u00e3o exclui a presen\u00e7a de erros tipogr\u00e1ficos ou outras imprecis\u00f5es. Qualquer erro ou informa\u00e7\u00e3o incorrecta encontrada no s\u00edtio s\u00f3 pode ser acidental. O Trail Run Advisor reserva-se o direito de alterar estes erros em qualquer altura e sem aviso pr\u00e9vio.   <\/p>\t\t\t\t\t\t\t\t<\/div>\n\t\t\t\t<\/div>\n\t\t\t\t\t<\/div>\n\t\t\t\t<\/div>\n\t\t<div class=\"elementor-element elementor-element-e056e51 e-flex e-con-boxed e-con e-parent\" data-id=\"e056e51\" data-element_type=\"container\">\n\t\t\t\t\t<div class=\"e-con-inner\">\n\t\t\t\t<div class=\"elementor-element elementor-element-2196c9a elementor-widget elementor-widget-heading\" data-id=\"2196c9a\" data-element_type=\"widget\" data-widget_type=\"heading.default\">\n\t\t\t\t<div class=\"elementor-widget-container\">\n\t\t\t\t\t<h3 class=\"elementor-heading-title elementor-size-default\">Estabelecimento de liga\u00e7\u00f5es de entrada<\/h3>\t\t\t\t<\/div>\n\t\t\t\t<\/div>\n\t\t\t\t<div class=\"elementor-element elementor-element-fc4f1a7 elementor-widget elementor-widget-text-editor\" data-id=\"fc4f1a7\" data-element_type=\"widget\" data-widget_type=\"text-editor.default\">\n\t\t\t\t<div class=\"elementor-widget-container\">\n\t\t\t\t\t\t\t\t\t<p>O Trail Run Advisor autoriza o estabelecimento de uma liga\u00e7\u00e3o de hipertexto para todos os s\u00edtios, com exce\u00e7\u00e3o dos que difundem informa\u00e7\u00f5es de car\u00e1cter pol\u00e9mico, pornogr\u00e1fico ou xen\u00f3fobo ou que possam ofender a sensibilidade da maioria. Salvo autoriza\u00e7\u00e3o expressa, a liga\u00e7\u00e3o deve aparecer numa nova janela e as p\u00e1ginas deste s\u00edtio n\u00e3o devem ser integradas nas p\u00e1ginas de outro s\u00edtio. <\/p>\t\t\t\t\t\t\t\t<\/div>\n\t\t\t\t<\/div>\n\t\t\t\t\t<\/div>\n\t\t\t\t<\/div>\n\t\t\t\t<\/div>\n\t\t","protected":false},"excerpt":{"rendered":"<p>Produ\u00e7\u00e3o t\u00e9cnica COQPIT 5 rue Valentin Hauy, 63000 Clermont-Ferrand Telefone : 04 73 38 67 25 S\u00edtio Web : www.coqpit.fr Anfitri\u00e3o SCALEWAY SAS 75366 PARIS CEDEX 08 FRAN\u00c7A Processamento de dados pessoais Os dados pessoais n\u00e3o s\u00e3o armazenados pelo s\u00edtio Web. Todos os dados enviados atrav\u00e9s dos formul\u00e1rios s\u00e3o transmitidos \u00e0s v\u00e1rias organiza\u00e7\u00f5es que se [&hellip;]<\/p>\n","protected":false},"author":1,"featured_media":0,"parent":0,"menu_order":0,"comment_status":"closed","ping_status":"closed","template":"","meta":{"_acf_changed":false,"footnotes":""},"class_list":["post-9356","page","type-page","status-publish","hentry"],"acf":[],"yoast_head":"<!-- This site is optimized with the Yoast SEO plugin v26.8 - https:\/\/yoast.com\/product\/yoast-seo-wordpress\/ -->\n<title>Aviso legal - Trail Run Advisor<\/title>\n<meta name=\"robots\" content=\"noindex, nofollow\" \/>\n<meta property=\"og:locale\" content=\"pt_PT\" \/>\n<meta property=\"og:type\" content=\"article\" \/>\n<meta property=\"og:title\" content=\"Aviso legal - Trail Run Advisor\" \/>\n<meta property=\"og:description\" content=\"Produ\u00e7\u00e3o t\u00e9cnica COQPIT 5 rue Valentin Hauy, 63000 Clermont-Ferrand Telefone : 04 73 38 67 25 S\u00edtio Web : www.coqpit.fr Anfitri\u00e3o SCALEWAY SAS 75366 PARIS CEDEX 08 FRAN\u00c7A Processamento de dados pessoais Os dados pessoais n\u00e3o s\u00e3o armazenados pelo s\u00edtio Web. Todos os dados enviados atrav\u00e9s dos formul\u00e1rios s\u00e3o transmitidos \u00e0s v\u00e1rias organiza\u00e7\u00f5es que se [&hellip;]\" \/>\n<meta property=\"og:url\" content=\"https:\/\/trailrunadvisor.com\/pt-pt\/aviso-legal\/\" \/>\n<meta property=\"og:site_name\" content=\"Trail Run Advisor\" \/>\n<meta property=\"article:publisher\" content=\"https:\/\/www.facebook.com\/profile.php?id=61554747731790&amp;mibextid=9R9pXO\" \/>\n<meta property=\"article:modified_time\" content=\"2025-03-14T07:10:36+00:00\" \/>\n<meta property=\"og:image\" content=\"https:\/\/trailrunadvisor.com\/wp-content\/uploads\/2023\/12\/logo-trailrunadvisor.png\" \/>\n\t<meta property=\"og:image:width\" content=\"613\" \/>\n\t<meta property=\"og:image:height\" content=\"80\" \/>\n\t<meta property=\"og:image:type\" content=\"image\/png\" \/>\n<meta name=\"twitter:card\" content=\"summary_large_image\" \/>\n<meta name=\"twitter:label1\" content=\"Tempo estimado de leitura\" \/>\n\t<meta name=\"twitter:data1\" content=\"3 minutos\" \/>\n<!-- \/ Yoast SEO plugin. -->","yoast_head_json":{"title":"Aviso legal - Trail Run Advisor","robots":{"index":"noindex","follow":"nofollow"},"og_locale":"pt_PT","og_type":"article","og_title":"Aviso legal - Trail Run Advisor","og_description":"Produ\u00e7\u00e3o t\u00e9cnica COQPIT 5 rue Valentin Hauy, 63000 Clermont-Ferrand Telefone : 04 73 38 67 25 S\u00edtio Web : www.coqpit.fr Anfitri\u00e3o SCALEWAY SAS 75366 PARIS CEDEX 08 FRAN\u00c7A Processamento de dados pessoais Os dados pessoais n\u00e3o s\u00e3o armazenados pelo s\u00edtio Web. Todos os dados enviados atrav\u00e9s dos formul\u00e1rios s\u00e3o transmitidos \u00e0s v\u00e1rias organiza\u00e7\u00f5es que se [&hellip;]","og_url":"https:\/\/trailrunadvisor.com\/pt-pt\/aviso-legal\/","og_site_name":"Trail Run Advisor","article_publisher":"https:\/\/www.facebook.com\/profile.php?id=61554747731790&mibextid=9R9pXO","article_modified_time":"2025-03-14T07:10:36+00:00","og_image":[{"width":613,"height":80,"url":"https:\/\/trailrunadvisor.com\/wp-content\/uploads\/2023\/12\/logo-trailrunadvisor.png","type":"image\/png"}],"twitter_card":"summary_large_image","twitter_misc":{"Tempo estimado de leitura":"3 minutos"},"schema":{"@context":"https:\/\/schema.org","@graph":[{"@type":"WebPage","@id":"https:\/\/trailrunadvisor.com\/pt-pt\/aviso-legal\/","url":"https:\/\/trailrunadvisor.com\/pt-pt\/aviso-legal\/","name":"Aviso legal - Trail Run Advisor","isPartOf":{"@id":"https:\/\/trailrunadvisor.com\/pt-pt\/#website"},"datePublished":"2023-12-21T15:32:35+00:00","dateModified":"2025-03-14T07:10:36+00:00","breadcrumb":{"@id":"https:\/\/trailrunadvisor.com\/pt-pt\/aviso-legal\/#breadcrumb"},"inLanguage":"pt-PT","potentialAction":[{"@type":"ReadAction","target":["https:\/\/trailrunadvisor.com\/pt-pt\/aviso-legal\/"]}]},{"@type":"BreadcrumbList","@id":"https:\/\/trailrunadvisor.com\/pt-pt\/aviso-legal\/#breadcrumb","itemListElement":[{"@type":"ListItem","position":1,"name":"Home","item":"https:\/\/trailrunadvisor.com\/pt-pt\/"},{"@type":"ListItem","position":2,"name":"Aviso legal"}]},{"@type":"WebSite","@id":"https:\/\/trailrunadvisor.com\/pt-pt\/#website","url":"https:\/\/trailrunadvisor.com\/pt-pt\/","name":"Trail Run Advisor","description":"","publisher":{"@id":"https:\/\/trailrunadvisor.com\/pt-pt\/#organization"},"potentialAction":[{"@type":"SearchAction","target":{"@type":"EntryPoint","urlTemplate":"https:\/\/trailrunadvisor.com\/pt-pt\/?s={search_term_string}"},"query-input":{"@type":"PropertyValueSpecification","valueRequired":true,"valueName":"search_term_string"}}],"inLanguage":"pt-PT"},{"@type":"Organization","@id":"https:\/\/trailrunadvisor.com\/pt-pt\/#organization","name":"Trail Run Advisor","url":"https:\/\/trailrunadvisor.com\/pt-pt\/","logo":{"@type":"ImageObject","inLanguage":"pt-PT","@id":"https:\/\/trailrunadvisor.com\/pt-pt\/#\/schema\/logo\/image\/","url":"https:\/\/trailrunadvisor.com\/wp-content\/uploads\/2023\/12\/logo-trailrunadvisor.png","contentUrl":"https:\/\/trailrunadvisor.com\/wp-content\/uploads\/2023\/12\/logo-trailrunadvisor.png","width":613,"height":80,"caption":"Trail Run Advisor"},"image":{"@id":"https:\/\/trailrunadvisor.com\/pt-pt\/#\/schema\/logo\/image\/"},"sameAs":["https:\/\/www.facebook.com\/profile.php?id=61554747731790&mibextid=9R9pXO","https:\/\/www.instagram.com\/trailrunadvisor\/"]}]}},"_links":{"self":[{"href":"https:\/\/trailrunadvisor.com\/pt-pt\/wp-json\/wp\/v2\/pages\/9356","targetHints":{"allow":["GET"]}}],"collection":[{"href":"https:\/\/trailrunadvisor.com\/pt-pt\/wp-json\/wp\/v2\/pages"}],"about":[{"href":"https:\/\/trailrunadvisor.com\/pt-pt\/wp-json\/wp\/v2\/types\/page"}],"author":[{"embeddable":true,"href":"https:\/\/trailrunadvisor.com\/pt-pt\/wp-json\/wp\/v2\/users\/1"}],"replies":[{"embeddable":true,"href":"https:\/\/trailrunadvisor.com\/pt-pt\/wp-json\/wp\/v2\/comments?post=9356"}],"version-history":[{"count":1,"href":"https:\/\/trailrunadvisor.com\/pt-pt\/wp-json\/wp\/v2\/pages\/9356\/revisions"}],"predecessor-version":[{"id":9357,"href":"https:\/\/trailrunadvisor.com\/pt-pt\/wp-json\/wp\/v2\/pages\/9356\/revisions\/9357"}],"wp:attachment":[{"href":"https:\/\/trailrunadvisor.com\/pt-pt\/wp-json\/wp\/v2\/media?parent=9356"}],"curies":[{"name":"wp","href":"https:\/\/api.w.org\/{rel}","templated":true}]}}