{"id":9960,"date":"2023-12-26T15:53:49","date_gmt":"2023-12-26T14:53:49","guid":{"rendered":"https:\/\/trailrunadvisor.com\/a-nossa-historia\/"},"modified":"2025-03-14T08:22:13","modified_gmt":"2025-03-14T07:22:13","slug":"a-nossa-historia","status":"publish","type":"page","link":"https:\/\/trailrunadvisor.com\/pt-pt\/a-nossa-historia\/","title":{"rendered":"A nossa hist\u00f3ria"},"content":{"rendered":"\t\t<div data-elementor-type=\"wp-page\" data-elementor-id=\"9960\" class=\"elementor elementor-9960\" data-elementor-post-type=\"page\">\n\t\t\t\t<div class=\"elementor-element elementor-element-085bc8b e-flex e-con-boxed e-con e-parent\" data-id=\"085bc8b\" data-element_type=\"container\">\n\t\t\t\t\t<div class=\"e-con-inner\">\n\t\t\t\t<div class=\"elementor-element elementor-element-6b4a1f6 elementor-widget elementor-widget-heading\" data-id=\"6b4a1f6\" data-element_type=\"widget\" data-widget_type=\"heading.default\">\n\t\t\t\t<div class=\"elementor-widget-container\">\n\t\t\t\t\t<h1 class=\"elementor-heading-title elementor-size-default\">A nossa hist\u00f3ria<\/h1>\t\t\t\t<\/div>\n\t\t\t\t<\/div>\n\t\t\t\t<div class=\"elementor-element elementor-element-11d2bfc elementor-widget elementor-widget-text-editor\" data-id=\"11d2bfc\" data-element_type=\"widget\" data-widget_type=\"text-editor.default\">\n\t\t\t\t<div class=\"elementor-widget-container\">\n\t\t\t\t\t\t\t\t\t<p>O TrailRunAdvisor nasceu de uma ideia simples, mas poderosa: criar uma plataforma abrangente para os entusiastas do trail que procuram opini\u00f5es e cr\u00edticas sobre corridas em todo o mundo. Somos uma equipa de tr\u00eas corredores de trail experientes sediados em Fran\u00e7a, unidos pela nossa paix\u00e3o comum pelo trail running. Para n\u00f3s, o trail running \u00e9 mais do que um desporto &#8211; \u00e9 um modo de vida, uma fonte de aventura e uma comunidade que acarinhamos profundamente.  <\/p>\n<p><br><\/p>\n<p>A inspira\u00e7\u00e3o para o TrailRunAdvisor surgiu das nossas pr\u00f3prias experi\u00eancias. De vez em quando, d\u00e1vamos por n\u00f3s a inscrevermo-nos em corridas sem sabermos pormenores cruciais: Qual \u00e9 o n\u00edvel t\u00e9cnico do percurso? Que desafios podes esperar? Como \u00e9 que \u00e9 a log\u00edstica? Percebemos que ter mais informa\u00e7\u00f5es sobre uma corrida de antem\u00e3o beneficiaria n\u00e3o s\u00f3 a n\u00f3s, mas a toda a comunidade de trail running.    <o:p><\/o:p><\/p>\n<p><br><\/p>\t\t\t\t\t\t\t\t<\/div>\n\t\t\t\t<\/div>\n\t\t\t\t\t<\/div>\n\t\t\t\t<\/div>\n\t\t<div class=\"elementor-element elementor-element-bab2128 e-flex e-con-boxed e-con e-parent\" data-id=\"bab2128\" data-element_type=\"container\">\n\t\t\t\t\t<div class=\"e-con-inner\">\n\t\t<div class=\"elementor-element elementor-element-446750d e-con-full e-flex e-con e-child\" data-id=\"446750d\" data-element_type=\"container\">\n\t\t\t\t<div class=\"elementor-element elementor-element-ab1a930 elementor-widget elementor-widget-heading\" data-id=\"ab1a930\" data-element_type=\"widget\" data-widget_type=\"heading.default\">\n\t\t\t\t<div class=\"elementor-widget-container\">\n\t\t\t\t\t<h3 class=\"elementor-heading-title elementor-size-default\">O que nos distingue<\/h3>\t\t\t\t<\/div>\n\t\t\t\t<\/div>\n\t\t\t\t<div class=\"elementor-element elementor-element-26da63b elementor-widget elementor-widget-text-editor\" data-id=\"26da63b\" data-element_type=\"widget\" data-widget_type=\"text-editor.default\">\n\t\t\t\t<div class=\"elementor-widget-container\">\n\t\t\t\t\t\t\t\t\t<ul><li><span style=\"color: #00a97a;\"><strong>Coment\u00e1rios aut\u00eanticos:<\/strong><\/span> Os nossos coment\u00e1rios s\u00e3o escritos por atletas de trail, para atletas de trail. Acreditamos no poder das experi\u00eancias aut\u00eanticas e os nossos coment\u00e1rios reflectem os desafios reais, os triunfos e os aspectos \u00fanicos de cada corrida. <br><br><\/li><li><span style=\"color: #00a97a;\"><strong>Perspetiva global:<\/strong><\/span> Quer sejas um corredor de trail experiente ou um principiante \u00e0 procura da corrida perfeita, temos tudo o que precisas. A nossa equipa est\u00e1 espalhada por todo o mundo, fornecendo-te informa\u00e7\u00f5es sobre corridas de trail desde montanhas nevadas a florestas exuberantes e mares azul-turquesa, e tudo o que se encontra entre eles, em todo o mundo. <br><br><\/li><li><span style=\"color: #00a97a;\"><strong>Informa\u00e7\u00f5es completas:<\/strong><\/span> O TrailRunAdvisor pretende ser a tua refer\u00eancia quando procuras uma corrida de trail running. Desde detalhes do percurso a testemunhos de participantes, fornecemos informa\u00e7\u00f5es completas para te ajudar a fazer escolhas informadas. <\/li><\/ul>\t\t\t\t\t\t\t\t<\/div>\n\t\t\t\t<\/div>\n\t\t\t\t<\/div>\n\t\t<div class=\"elementor-element elementor-element-93f85c3 e-con-full e-flex e-con e-child\" data-id=\"93f85c3\" data-element_type=\"container\">\n\t\t\t\t<div class=\"elementor-element elementor-element-7e7f879 elementor-widget elementor-widget-image\" data-id=\"7e7f879\" data-element_type=\"widget\" data-widget_type=\"image.default\">\n\t\t\t\t<div class=\"elementor-widget-container\">\n\t\t\t\t\t\t\t\t\t\t\t\t\t\t\t<img fetchpriority=\"high\" decoding=\"async\" width=\"316\" height=\"230\" src=\"https:\/\/trailrunadvisor.com\/wp-content\/uploads\/2023\/12\/trailrunadvisor-default-race.png\" class=\"attachment-full size-full wp-image-210\" alt=\"\" srcset=\"https:\/\/trailrunadvisor.com\/wp-content\/uploads\/2023\/12\/trailrunadvisor-default-race.png 316w, https:\/\/trailrunadvisor.com\/wp-content\/uploads\/2023\/12\/trailrunadvisor-default-race-300x218.png 300w\" sizes=\"(max-width: 316px) 100vw, 316px\" \/>\t\t\t\t\t\t\t\t\t\t\t\t\t\t\t<\/div>\n\t\t\t\t<\/div>\n\t\t\t\t<\/div>\n\t\t\t\t\t<\/div>\n\t\t\t\t<\/div>\n\t\t<div class=\"elementor-element elementor-element-8c013cd e-flex e-con-boxed e-con e-parent\" data-id=\"8c013cd\" data-element_type=\"container\">\n\t\t\t\t\t<div class=\"e-con-inner\">\n\t\t\t\t<div class=\"elementor-element elementor-element-2871ac7 elementor-widget elementor-widget-heading\" data-id=\"2871ac7\" data-element_type=\"widget\" data-widget_type=\"heading.default\">\n\t\t\t\t<div class=\"elementor-widget-container\">\n\t\t\t\t\t<h3 class=\"elementor-heading-title elementor-size-default\">As nossas miss\u00f5es<\/h3>\t\t\t\t<\/div>\n\t\t\t\t<\/div>\n\t\t\t\t<div class=\"elementor-element elementor-element-8e5d825 elementor-widget elementor-widget-text-editor\" data-id=\"8e5d825\" data-element_type=\"widget\" data-widget_type=\"text-editor.default\">\n\t\t\t\t<div class=\"elementor-widget-container\">\n\t\t\t\t\t\t\t\t\t<p>No TrailRunAdvisor, a nossa miss\u00e3o \u00e9 inspirar, informar e ligar os praticantes de trail running de todo o mundo. A nossa ambi\u00e7\u00e3o \u00e9 ser o guia definitivo para quem procura experi\u00eancias de trail running inesquec\u00edveis, promovendo uma comunidade que celebra o esp\u00edrito de aventura e a alegria do trail. <\/p>\t\t\t\t\t\t\t\t<\/div>\n\t\t\t\t<\/div>\n\t\t\t\t\t<\/div>\n\t\t\t\t<\/div>\n\t\t<div class=\"elementor-element elementor-element-a2a68ae e-flex e-con-boxed e-con e-parent\" data-id=\"a2a68ae\" data-element_type=\"container\">\n\t\t\t\t\t<div class=\"e-con-inner\">\n\t\t\t\t<div class=\"elementor-element elementor-element-ddc7774 elementor-widget elementor-widget-heading\" data-id=\"ddc7774\" data-element_type=\"widget\" data-widget_type=\"heading.default\">\n\t\t\t\t<div class=\"elementor-widget-container\">\n\t\t\t\t\t<h3 class=\"elementor-heading-title elementor-size-default\">Junta-te a n\u00f3s<\/h3>\t\t\t\t<\/div>\n\t\t\t\t<\/div>\n\t\t\t\t<div class=\"elementor-element elementor-element-4e6b2a6 elementor-widget elementor-widget-text-editor\" data-id=\"4e6b2a6\" data-element_type=\"widget\" data-widget_type=\"text-editor.default\">\n\t\t\t\t<div class=\"elementor-widget-container\">\n\t\t\t\t\t\t\t\t\t<p>Quer sejas um veterano dos trilhos ou estejas a cal\u00e7ar os teus t\u00e9nis de corrida pela primeira vez, o TrailRunAdvisor convida-te a juntares-te a n\u00f3s nesta aventura. Explora as nossas avalia\u00e7\u00f5es, partilha as tuas pr\u00f3prias hist\u00f3rias de trail e faz parte de uma comunidade que vive e respira a ess\u00eancia do trail running. N\u00e3o hesites em contactar-nos com os teus coment\u00e1rios e ideias &#8211; \u00e9s sempre bem-vindo!  <\/p>\t\t\t\t\t\t\t\t<\/div>\n\t\t\t\t<\/div>\n\t\t\t\t\t<\/div>\n\t\t\t\t<\/div>\n\t\t<div class=\"elementor-element elementor-element-f2fdaac e-flex e-con-boxed e-con e-parent\" data-id=\"f2fdaac\" data-element_type=\"container\" data-settings=\"{&quot;background_background&quot;:&quot;classic&quot;}\">\n\t\t\t\t\t<div class=\"e-con-inner\">\n\t\t\t\t<div class=\"elementor-element elementor-element-cd25d58 elementor-widget elementor-widget-heading\" data-id=\"cd25d58\" data-element_type=\"widget\" data-widget_type=\"heading.default\">\n\t\t\t\t<div class=\"elementor-widget-container\">\n\t\t\t\t\t<span class=\"elementor-heading-title elementor-size-default\">Obrigado por fazeres parte da nossa fam\u00edlia de amantes dos trilhos!<\/span>\t\t\t\t<\/div>\n\t\t\t\t<\/div>\n\t\t\t\t\t<\/div>\n\t\t\t\t<\/div>\n\t\t\t\t<\/div>\n\t\t","protected":false},"excerpt":{"rendered":"<p>A nossa hist\u00f3ria O TrailRunAdvisor nasceu de uma ideia simples, mas poderosa: criar uma plataforma abrangente para os entusiastas do trail que procuram opini\u00f5es e cr\u00edticas sobre corridas em todo o mundo. Somos uma equipa de tr\u00eas corredores de trail experientes sediados em Fran\u00e7a, unidos pela nossa paix\u00e3o comum pelo trail running. Para n\u00f3s, o [&hellip;]<\/p>\n","protected":false},"author":1,"featured_media":0,"parent":0,"menu_order":0,"comment_status":"closed","ping_status":"closed","template":"","meta":{"_acf_changed":false,"footnotes":""},"class_list":["post-9960","page","type-page","status-publish","hentry"],"acf":[],"yoast_head":"<!-- This site is optimized with the Yoast SEO plugin v26.8 - https:\/\/yoast.com\/product\/yoast-seo-wordpress\/ -->\n<title>A nossa hist\u00f3ria - Trail Run Advisor<\/title>\n<meta name=\"description\" content=\"O TrailRunAdvisor nasceu de uma ideia simples: criar uma plataforma para os entusiastas dos trilhos que procuram avalia\u00e7\u00f5es e cr\u00edticas de corridas em todo o mundo.\" \/>\n<meta name=\"robots\" content=\"index, follow, max-snippet:-1, max-image-preview:large, max-video-preview:-1\" \/>\n<link rel=\"canonical\" href=\"https:\/\/trailrunadvisor.com\/pt-pt\/a-nossa-historia\/\" \/>\n<meta property=\"og:locale\" content=\"pt_PT\" \/>\n<meta property=\"og:type\" content=\"article\" \/>\n<meta property=\"og:title\" content=\"A nossa hist\u00f3ria - Trail Run Advisor\" \/>\n<meta property=\"og:description\" content=\"O TrailRunAdvisor nasceu de uma ideia simples: criar uma plataforma para os entusiastas dos trilhos que procuram avalia\u00e7\u00f5es e cr\u00edticas de corridas em todo o mundo.\" \/>\n<meta property=\"og:url\" content=\"https:\/\/trailrunadvisor.com\/pt-pt\/a-nossa-historia\/\" \/>\n<meta property=\"og:site_name\" content=\"Trail Run Advisor\" \/>\n<meta property=\"article:publisher\" content=\"https:\/\/www.facebook.com\/profile.php?id=61554747731790&amp;mibextid=9R9pXO\" \/>\n<meta property=\"article:modified_time\" content=\"2025-03-14T07:22:13+00:00\" \/>\n<meta property=\"og:image\" content=\"https:\/\/trailrunadvisor.com\/wp-content\/uploads\/2023\/12\/trailrunadvisor-default-race.png\" \/>\n\t<meta property=\"og:image:width\" content=\"316\" \/>\n\t<meta property=\"og:image:height\" content=\"230\" \/>\n\t<meta property=\"og:image:type\" content=\"image\/png\" \/>\n<meta name=\"twitter:card\" content=\"summary_large_image\" \/>\n<meta name=\"twitter:label1\" content=\"Tempo estimado de leitura\" \/>\n\t<meta name=\"twitter:data1\" content=\"2 minutos\" \/>\n<!-- \/ Yoast SEO plugin. -->","yoast_head_json":{"title":"A nossa hist\u00f3ria - Trail Run Advisor","description":"O TrailRunAdvisor nasceu de uma ideia simples: criar uma plataforma para os entusiastas dos trilhos que procuram avalia\u00e7\u00f5es e cr\u00edticas de corridas em todo o mundo.","robots":{"index":"index","follow":"follow","max-snippet":"max-snippet:-1","max-image-preview":"max-image-preview:large","max-video-preview":"max-video-preview:-1"},"canonical":"https:\/\/trailrunadvisor.com\/pt-pt\/a-nossa-historia\/","og_locale":"pt_PT","og_type":"article","og_title":"A nossa hist\u00f3ria - Trail Run Advisor","og_description":"O TrailRunAdvisor nasceu de uma ideia simples: criar uma plataforma para os entusiastas dos trilhos que procuram avalia\u00e7\u00f5es e cr\u00edticas de corridas em todo o mundo.","og_url":"https:\/\/trailrunadvisor.com\/pt-pt\/a-nossa-historia\/","og_site_name":"Trail Run Advisor","article_publisher":"https:\/\/www.facebook.com\/profile.php?id=61554747731790&mibextid=9R9pXO","article_modified_time":"2025-03-14T07:22:13+00:00","og_image":[{"width":316,"height":230,"url":"https:\/\/trailrunadvisor.com\/wp-content\/uploads\/2023\/12\/trailrunadvisor-default-race.png","type":"image\/png"}],"twitter_card":"summary_large_image","twitter_misc":{"Tempo estimado de leitura":"2 minutos"},"schema":{"@context":"https:\/\/schema.org","@graph":[{"@type":"WebPage","@id":"https:\/\/trailrunadvisor.com\/pt-pt\/a-nossa-historia\/","url":"https:\/\/trailrunadvisor.com\/pt-pt\/a-nossa-historia\/","name":"A nossa hist\u00f3ria - Trail Run Advisor","isPartOf":{"@id":"https:\/\/trailrunadvisor.com\/pt-pt\/#website"},"primaryImageOfPage":{"@id":"https:\/\/trailrunadvisor.com\/pt-pt\/a-nossa-historia\/#primaryimage"},"image":{"@id":"https:\/\/trailrunadvisor.com\/pt-pt\/a-nossa-historia\/#primaryimage"},"thumbnailUrl":"https:\/\/trailrunadvisor.com\/wp-content\/uploads\/2023\/12\/trailrunadvisor-default-race.png","datePublished":"2023-12-26T14:53:49+00:00","dateModified":"2025-03-14T07:22:13+00:00","description":"O TrailRunAdvisor nasceu de uma ideia simples: criar uma plataforma para os entusiastas dos trilhos que procuram avalia\u00e7\u00f5es e cr\u00edticas de corridas em todo o mundo.","breadcrumb":{"@id":"https:\/\/trailrunadvisor.com\/pt-pt\/a-nossa-historia\/#breadcrumb"},"inLanguage":"pt-PT","potentialAction":[{"@type":"ReadAction","target":["https:\/\/trailrunadvisor.com\/pt-pt\/a-nossa-historia\/"]}]},{"@type":"ImageObject","inLanguage":"pt-PT","@id":"https:\/\/trailrunadvisor.com\/pt-pt\/a-nossa-historia\/#primaryimage","url":"https:\/\/trailrunadvisor.com\/wp-content\/uploads\/2023\/12\/trailrunadvisor-default-race.png","contentUrl":"https:\/\/trailrunadvisor.com\/wp-content\/uploads\/2023\/12\/trailrunadvisor-default-race.png"},{"@type":"BreadcrumbList","@id":"https:\/\/trailrunadvisor.com\/pt-pt\/a-nossa-historia\/#breadcrumb","itemListElement":[{"@type":"ListItem","position":1,"name":"Home","item":"https:\/\/trailrunadvisor.com\/pt-pt\/"},{"@type":"ListItem","position":2,"name":"A nossa hist\u00f3ria"}]},{"@type":"WebSite","@id":"https:\/\/trailrunadvisor.com\/pt-pt\/#website","url":"https:\/\/trailrunadvisor.com\/pt-pt\/","name":"Trail Run Advisor","description":"","publisher":{"@id":"https:\/\/trailrunadvisor.com\/pt-pt\/#organization"},"potentialAction":[{"@type":"SearchAction","target":{"@type":"EntryPoint","urlTemplate":"https:\/\/trailrunadvisor.com\/pt-pt\/?s={search_term_string}"},"query-input":{"@type":"PropertyValueSpecification","valueRequired":true,"valueName":"search_term_string"}}],"inLanguage":"pt-PT"},{"@type":"Organization","@id":"https:\/\/trailrunadvisor.com\/pt-pt\/#organization","name":"Trail Run Advisor","url":"https:\/\/trailrunadvisor.com\/pt-pt\/","logo":{"@type":"ImageObject","inLanguage":"pt-PT","@id":"https:\/\/trailrunadvisor.com\/pt-pt\/#\/schema\/logo\/image\/","url":"https:\/\/trailrunadvisor.com\/wp-content\/uploads\/2023\/12\/logo-trailrunadvisor.png","contentUrl":"https:\/\/trailrunadvisor.com\/wp-content\/uploads\/2023\/12\/logo-trailrunadvisor.png","width":613,"height":80,"caption":"Trail Run Advisor"},"image":{"@id":"https:\/\/trailrunadvisor.com\/pt-pt\/#\/schema\/logo\/image\/"},"sameAs":["https:\/\/www.facebook.com\/profile.php?id=61554747731790&mibextid=9R9pXO","https:\/\/www.instagram.com\/trailrunadvisor\/"]}]}},"_links":{"self":[{"href":"https:\/\/trailrunadvisor.com\/pt-pt\/wp-json\/wp\/v2\/pages\/9960","targetHints":{"allow":["GET"]}}],"collection":[{"href":"https:\/\/trailrunadvisor.com\/pt-pt\/wp-json\/wp\/v2\/pages"}],"about":[{"href":"https:\/\/trailrunadvisor.com\/pt-pt\/wp-json\/wp\/v2\/types\/page"}],"author":[{"embeddable":true,"href":"https:\/\/trailrunadvisor.com\/pt-pt\/wp-json\/wp\/v2\/users\/1"}],"replies":[{"embeddable":true,"href":"https:\/\/trailrunadvisor.com\/pt-pt\/wp-json\/wp\/v2\/comments?post=9960"}],"version-history":[{"count":1,"href":"https:\/\/trailrunadvisor.com\/pt-pt\/wp-json\/wp\/v2\/pages\/9960\/revisions"}],"predecessor-version":[{"id":9961,"href":"https:\/\/trailrunadvisor.com\/pt-pt\/wp-json\/wp\/v2\/pages\/9960\/revisions\/9961"}],"wp:attachment":[{"href":"https:\/\/trailrunadvisor.com\/pt-pt\/wp-json\/wp\/v2\/media?parent=9960"}],"curies":[{"name":"wp","href":"https:\/\/api.w.org\/{rel}","templated":true}]}}